{"id":3802,"date":"2017-04-13T15:28:49","date_gmt":"2017-04-13T13:28:49","guid":{"rendered":"https:\/\/www.salon-zenetbio.com\/?page_id=3802"},"modified":"2017-04-13T17:34:16","modified_gmt":"2017-04-13T15:34:16","slug":"bioaddict","status":"publish","type":"page","link":"https:\/\/www.vivez-nature.com\/paris\/presse\/bioaddict\/","title":{"rendered":"Bioaddict"},"content":{"rendered":"<p><img class=\"alignnone size-full wp-image-3636\" src=\"https:\/\/www.salon-zenetbio.com\/wp-content\/uploads\/2017\/03\/petit_bioaddict.150x100.png\" alt=\"Logo Bio Addict\" width=\"150\" height=\"100\" \/><\/p>\n<p style=\"text-align: justify;\">Pour comprendre, apprendre et agir, Bioaddict.fr couvre une large gamme de sujets \u00e0 travers 6 rubriques :<br \/>\n&#8211; Maison : \u00e9co-habitat, jardinage, d\u00e9coration<br \/>\n&#8211; Alimentation sant\u00e9, cuisine et recettes<br \/>\n&#8211; Beaut\u00e9, cosm\u00e9tiques, mode, bien-\u00eatre<br \/>\n&#8211; Loisirs : \u00e9co-tourisme, \u00e9v\u00e9nements, bons plans sorties<br \/>\n&#8211; Environnement et r\u00e9glementation : actualit\u00e9s, politique et \u00e9conomie<\/p>\n<p style=\"text-align: justify;\">Site internet :\u00a0<a href=\"http:\/\/www.bioaddict.fr\/\">http:\/\/www.bioaddict.fr\/<\/a><\/p>\n","protected":false},"excerpt":{"rendered":"<p>Pour comprendre, apprendre et agir, Bioaddict.fr couvre une large gamme de sujets \u00e0 travers 6 rubriques : &#8211; Maison : \u00e9co-habitat, jardinage, d\u00e9coration &#8211; Alimentation sant\u00e9, cuisine et recettes &#8211; Beaut\u00e9, cosm\u00e9tiques, mode, bien-\u00eatre &#8211; Loisirs : \u00e9co-tourisme, \u00e9v\u00e9nements, bons plans sorties &#8211; Environnement et r\u00e9glementation : actualit\u00e9s, politique et \u00e9conomie Site internet :\u00a0http:\/\/www.bioaddict.fr\/<\/p>\n","protected":false},"author":1,"featured_media":0,"parent":2091,"menu_order":0,"comment_status":"closed","ping_status":"closed","template":"","meta":{"_monsterinsights_skip_tracking":false,"_monsterinsights_sitenote_active":false,"_monsterinsights_sitenote_note":"","_monsterinsights_sitenote_category":0},"yoast_head":"<!-- This site is optimized with the Yoast SEO plugin v19.0 - https:\/\/yoast.com\/wordpress\/plugins\/seo\/ -->\n<title>Bioaddict - VIVEZ NATURE PARIS<\/title>\n<meta name=\"robots\" content=\"index, follow, max-snippet:-1, max-image-preview:large, max-video-preview:-1\" \/>\n<link rel=\"canonical\" href=\"https:\/\/www.vivez-nature.com\/paris\/presse\/bioaddict\/\" \/>\n<meta property=\"og:locale\" content=\"fr_FR\" \/>\n<meta property=\"og:type\" content=\"article\" \/>\n<meta property=\"og:title\" content=\"Bioaddict - VIVEZ NATURE PARIS\" \/>\n<meta property=\"og:description\" content=\"Pour comprendre, apprendre et agir, Bioaddict.fr couvre une large gamme de sujets \u00e0 travers 6 rubriques : &#8211; Maison : \u00e9co-habitat, jardinage, d\u00e9coration &#8211; Alimentation sant\u00e9, cuisine et recettes &#8211; Beaut\u00e9, cosm\u00e9tiques, mode, bien-\u00eatre &#8211; Loisirs : \u00e9co-tourisme, \u00e9v\u00e9nements, bons plans sorties &#8211; Environnement et r\u00e9glementation : actualit\u00e9s, politique et \u00e9conomie Site internet :\u00a0http:\/\/www.bioaddict.fr\/\" \/>\n<meta property=\"og:url\" content=\"https:\/\/www.vivez-nature.com\/paris\/presse\/bioaddict\/\" \/>\n<meta property=\"og:site_name\" content=\"VIVEZ NATURE PARIS\" \/>\n<meta property=\"article:modified_time\" content=\"2017-04-13T15:34:16+00:00\" \/>\n<meta property=\"og:image\" content=\"https:\/\/www.salon-zenetbio.com\/wp-content\/uploads\/2017\/03\/petit_bioaddict.150x100.png\" \/>\n<meta name=\"twitter:card\" content=\"summary_large_image\" \/>\n<script type=\"application\/ld+json\" class=\"yoast-schema-graph\">{\"@context\":\"https:\/\/schema.org\",\"@graph\":[{\"@type\":\"WebSite\",\"@id\":\"https:\/\/www.vivez-nature.com\/paris\/#website\",\"url\":\"https:\/\/www.vivez-nature.com\/paris\/\",\"name\":\"VIVEZ NATURE PARIS\",\"description\":\"Salon Bio Nature et Bien-\u00eatre\",\"potentialAction\":[{\"@type\":\"SearchAction\",\"target\":{\"@type\":\"EntryPoint\",\"urlTemplate\":\"https:\/\/www.vivez-nature.com\/paris\/?s={search_term_string}\"},\"query-input\":\"required name=search_term_string\"}],\"inLanguage\":\"fr-FR\"},{\"@type\":\"ImageObject\",\"inLanguage\":\"fr-FR\",\"@id\":\"https:\/\/www.vivez-nature.com\/paris\/presse\/bioaddict\/#primaryimage\",\"url\":\"https:\/\/www.salon-zenetbio.com\/wp-content\/uploads\/2017\/03\/petit_bioaddict.150x100.png\",\"contentUrl\":\"https:\/\/www.salon-zenetbio.com\/wp-content\/uploads\/2017\/03\/petit_bioaddict.150x100.png\"},{\"@type\":\"WebPage\",\"@id\":\"https:\/\/www.vivez-nature.com\/paris\/presse\/bioaddict\/#webpage\",\"url\":\"https:\/\/www.vivez-nature.com\/paris\/presse\/bioaddict\/\",\"name\":\"Bioaddict - VIVEZ NATURE PARIS\",\"isPartOf\":{\"@id\":\"https:\/\/www.vivez-nature.com\/paris\/#website\"},\"primaryImageOfPage\":{\"@id\":\"https:\/\/www.vivez-nature.com\/paris\/presse\/bioaddict\/#primaryimage\"},\"datePublished\":\"2017-04-13T13:28:49+00:00\",\"dateModified\":\"2017-04-13T15:34:16+00:00\",\"breadcrumb\":{\"@id\":\"https:\/\/www.vivez-nature.com\/paris\/presse\/bioaddict\/#breadcrumb\"},\"inLanguage\":\"fr-FR\",\"potentialAction\":[{\"@type\":\"ReadAction\",\"target\":[\"https:\/\/www.vivez-nature.com\/paris\/presse\/bioaddict\/\"]}]},{\"@type\":\"BreadcrumbList\",\"@id\":\"https:\/\/www.vivez-nature.com\/paris\/presse\/bioaddict\/#breadcrumb\",\"itemListElement\":[{\"@type\":\"ListItem\",\"position\":1,\"name\":\"Accueil\",\"item\":\"https:\/\/www.vivez-nature.com\/paris\/\"},{\"@type\":\"ListItem\",\"position\":2,\"name\":\"Presse et partenaires\",\"item\":\"https:\/\/www.vivez-nature.com\/paris\/presse\/\"},{\"@type\":\"ListItem\",\"position\":3,\"name\":\"Bioaddict\"}]}]}<\/script>\n<!-- \/ Yoast SEO plugin. -->","yoast_head_json":{"title":"Bioaddict - VIVEZ NATURE PARIS","robots":{"index":"index","follow":"follow","max-snippet":"max-snippet:-1","max-image-preview":"max-image-preview:large","max-video-preview":"max-video-preview:-1"},"canonical":"https:\/\/www.vivez-nature.com\/paris\/presse\/bioaddict\/","og_locale":"fr_FR","og_type":"article","og_title":"Bioaddict - VIVEZ NATURE PARIS","og_description":"Pour comprendre, apprendre et agir, Bioaddict.fr couvre une large gamme de sujets \u00e0 travers 6 rubriques : &#8211; Maison : \u00e9co-habitat, jardinage, d\u00e9coration &#8211; Alimentation sant\u00e9, cuisine et recettes &#8211; Beaut\u00e9, cosm\u00e9tiques, mode, bien-\u00eatre &#8211; Loisirs : \u00e9co-tourisme, \u00e9v\u00e9nements, bons plans sorties &#8211; Environnement et r\u00e9glementation : actualit\u00e9s, politique et \u00e9conomie Site internet :\u00a0http:\/\/www.bioaddict.fr\/","og_url":"https:\/\/www.vivez-nature.com\/paris\/presse\/bioaddict\/","og_site_name":"VIVEZ NATURE PARIS","article_modified_time":"2017-04-13T15:34:16+00:00","og_image":[{"url":"https:\/\/www.salon-zenetbio.com\/wp-content\/uploads\/2017\/03\/petit_bioaddict.150x100.png"}],"twitter_card":"summary_large_image","schema":{"@context":"https:\/\/schema.org","@graph":[{"@type":"WebSite","@id":"https:\/\/www.vivez-nature.com\/paris\/#website","url":"https:\/\/www.vivez-nature.com\/paris\/","name":"VIVEZ NATURE PARIS","description":"Salon Bio Nature et Bien-\u00eatre","potentialAction":[{"@type":"SearchAction","target":{"@type":"EntryPoint","urlTemplate":"https:\/\/www.vivez-nature.com\/paris\/?s={search_term_string}"},"query-input":"required name=search_term_string"}],"inLanguage":"fr-FR"},{"@type":"ImageObject","inLanguage":"fr-FR","@id":"https:\/\/www.vivez-nature.com\/paris\/presse\/bioaddict\/#primaryimage","url":"https:\/\/www.salon-zenetbio.com\/wp-content\/uploads\/2017\/03\/petit_bioaddict.150x100.png","contentUrl":"https:\/\/www.salon-zenetbio.com\/wp-content\/uploads\/2017\/03\/petit_bioaddict.150x100.png"},{"@type":"WebPage","@id":"https:\/\/www.vivez-nature.com\/paris\/presse\/bioaddict\/#webpage","url":"https:\/\/www.vivez-nature.com\/paris\/presse\/bioaddict\/","name":"Bioaddict - VIVEZ NATURE PARIS","isPartOf":{"@id":"https:\/\/www.vivez-nature.com\/paris\/#website"},"primaryImageOfPage":{"@id":"https:\/\/www.vivez-nature.com\/paris\/presse\/bioaddict\/#primaryimage"},"datePublished":"2017-04-13T13:28:49+00:00","dateModified":"2017-04-13T15:34:16+00:00","breadcrumb":{"@id":"https:\/\/www.vivez-nature.com\/paris\/presse\/bioaddict\/#breadcrumb"},"inLanguage":"fr-FR","potentialAction":[{"@type":"ReadAction","target":["https:\/\/www.vivez-nature.com\/paris\/presse\/bioaddict\/"]}]},{"@type":"BreadcrumbList","@id":"https:\/\/www.vivez-nature.com\/paris\/presse\/bioaddict\/#breadcrumb","itemListElement":[{"@type":"ListItem","position":1,"name":"Accueil","item":"https:\/\/www.vivez-nature.com\/paris\/"},{"@type":"ListItem","position":2,"name":"Presse et partenaires","item":"https:\/\/www.vivez-nature.com\/paris\/presse\/"},{"@type":"ListItem","position":3,"name":"Bioaddict"}]}]}},"_links":{"self":[{"href":"https:\/\/www.vivez-nature.com\/paris\/wp-json\/wp\/v2\/pages\/3802"}],"collection":[{"href":"https:\/\/www.vivez-nature.com\/paris\/wp-json\/wp\/v2\/pages"}],"about":[{"href":"https:\/\/www.vivez-nature.com\/paris\/wp-json\/wp\/v2\/types\/page"}],"author":[{"embeddable":true,"href":"https:\/\/www.vivez-nature.com\/paris\/wp-json\/wp\/v2\/users\/1"}],"replies":[{"embeddable":true,"href":"https:\/\/www.vivez-nature.com\/paris\/wp-json\/wp\/v2\/comments?post=3802"}],"version-history":[{"count":2,"href":"https:\/\/www.vivez-nature.com\/paris\/wp-json\/wp\/v2\/pages\/3802\/revisions"}],"predecessor-version":[{"id":3834,"href":"https:\/\/www.vivez-nature.com\/paris\/wp-json\/wp\/v2\/pages\/3802\/revisions\/3834"}],"up":[{"embeddable":true,"href":"https:\/\/www.vivez-nature.com\/paris\/wp-json\/wp\/v2\/pages\/2091"}],"wp:attachment":[{"href":"https:\/\/www.vivez-nature.com\/paris\/wp-json\/wp\/v2\/media?parent=3802"}],"curies":[{"name":"wp","href":"https:\/\/api.w.org\/{rel}","templated":true}]}}