{"id":3807,"date":"2017-04-13T15:36:41","date_gmt":"2017-04-13T13:36:41","guid":{"rendered":"https:\/\/www.salon-zenetbio.com\/?page_id=3807"},"modified":"2019-07-22T12:45:03","modified_gmt":"2019-07-22T10:45:03","slug":"femininbio","status":"publish","type":"page","link":"https:\/\/www.vivez-nature.com\/paris\/presse\/femininbio\/","title":{"rendered":"F\u00e9mininBio"},"content":{"rendered":"<p><img class=\"alignnone size-full wp-image-2521\" src=\"https:\/\/www.salon-zenetbio.com\/wp-content\/uploads\/2017\/01\/femininbio-1.150x100.jpg\" alt=\"\" width=\"150\" height=\"100\" \/><\/p>\n<p style=\"text-align: justify;\">FemininBio.com a \u00e0 c\u0153ur depuis plus de 5 ans de guider les femmes dans un mode de consommation plus responsable pour elles, pour leur famille et pour la plan\u00e8te, de leur donner des clefs pour cultiver leur \u00e9cologie int\u00e9rieure, leur s\u00e9r\u00e9nit\u00e9, leur bonheur. Toutes ces informations sont livr\u00e9es dans un esprit de partage, de convivialit\u00e9 sans jugement, ni contrainte. L&rsquo;\u00e9cologie est belle, glamour et assum\u00e9e !<\/p>\n<p style=\"text-align: justify;\">Site internet :\u00a0<a href=\"http:\/\/www.femininbio.com\/\" target=\"_blank\" rel=\"noopener noreferrer\">http:\/\/www.femininbio.com\/<\/a><\/p>\n","protected":false},"excerpt":{"rendered":"<p>FemininBio.com a \u00e0 c\u0153ur depuis plus de 5 ans de guider les femmes dans un mode de consommation plus responsable pour elles, pour leur famille et pour la plan\u00e8te, de leur donner des clefs pour cultiver leur \u00e9cologie int\u00e9rieure, leur s\u00e9r\u00e9nit\u00e9, leur bonheur. Toutes ces informations sont livr\u00e9es dans un esprit de partage, de convivialit\u00e9&hellip; <\/p>\n","protected":false},"author":1,"featured_media":0,"parent":2091,"menu_order":0,"comment_status":"closed","ping_status":"closed","template":"","meta":{"_monsterinsights_skip_tracking":false,"_monsterinsights_sitenote_active":false,"_monsterinsights_sitenote_note":"","_monsterinsights_sitenote_category":0},"yoast_head":"<!-- This site is optimized with the Yoast SEO plugin v19.0 - https:\/\/yoast.com\/wordpress\/plugins\/seo\/ -->\n<title>F\u00e9mininBio - VIVEZ NATURE PARIS<\/title>\n<meta name=\"robots\" content=\"index, follow, max-snippet:-1, max-image-preview:large, max-video-preview:-1\" \/>\n<link rel=\"canonical\" href=\"https:\/\/www.vivez-nature.com\/paris\/presse\/femininbio\/\" \/>\n<meta property=\"og:locale\" content=\"fr_FR\" \/>\n<meta property=\"og:type\" content=\"article\" \/>\n<meta property=\"og:title\" content=\"F\u00e9mininBio - VIVEZ NATURE PARIS\" \/>\n<meta property=\"og:description\" content=\"FemininBio.com a \u00e0 c\u0153ur depuis plus de 5 ans de guider les femmes dans un mode de consommation plus responsable pour elles, pour leur famille et pour la plan\u00e8te, de leur donner des clefs pour cultiver leur \u00e9cologie int\u00e9rieure, leur s\u00e9r\u00e9nit\u00e9, leur bonheur. Toutes ces informations sont livr\u00e9es dans un esprit de partage, de convivialit\u00e9&hellip;\" \/>\n<meta property=\"og:url\" content=\"https:\/\/www.vivez-nature.com\/paris\/presse\/femininbio\/\" \/>\n<meta property=\"og:site_name\" content=\"VIVEZ NATURE PARIS\" \/>\n<meta property=\"article:modified_time\" content=\"2019-07-22T10:45:03+00:00\" \/>\n<meta property=\"og:image\" content=\"https:\/\/www.salon-zenetbio.com\/wp-content\/uploads\/2017\/01\/femininbio-1.150x100.jpg\" \/>\n<meta name=\"twitter:card\" content=\"summary_large_image\" \/>\n<script type=\"application\/ld+json\" class=\"yoast-schema-graph\">{\"@context\":\"https:\/\/schema.org\",\"@graph\":[{\"@type\":\"WebSite\",\"@id\":\"https:\/\/www.vivez-nature.com\/paris\/#website\",\"url\":\"https:\/\/www.vivez-nature.com\/paris\/\",\"name\":\"VIVEZ NATURE PARIS\",\"description\":\"Salon Bio Nature et Bien-\u00eatre\",\"potentialAction\":[{\"@type\":\"SearchAction\",\"target\":{\"@type\":\"EntryPoint\",\"urlTemplate\":\"https:\/\/www.vivez-nature.com\/paris\/?s={search_term_string}\"},\"query-input\":\"required name=search_term_string\"}],\"inLanguage\":\"fr-FR\"},{\"@type\":\"ImageObject\",\"inLanguage\":\"fr-FR\",\"@id\":\"https:\/\/www.vivez-nature.com\/paris\/presse\/femininbio\/#primaryimage\",\"url\":\"https:\/\/www.salon-zenetbio.com\/wp-content\/uploads\/2017\/01\/femininbio-1.150x100.jpg\",\"contentUrl\":\"https:\/\/www.salon-zenetbio.com\/wp-content\/uploads\/2017\/01\/femininbio-1.150x100.jpg\"},{\"@type\":\"WebPage\",\"@id\":\"https:\/\/www.vivez-nature.com\/paris\/presse\/femininbio\/#webpage\",\"url\":\"https:\/\/www.vivez-nature.com\/paris\/presse\/femininbio\/\",\"name\":\"F\u00e9mininBio - VIVEZ NATURE PARIS\",\"isPartOf\":{\"@id\":\"https:\/\/www.vivez-nature.com\/paris\/#website\"},\"primaryImageOfPage\":{\"@id\":\"https:\/\/www.vivez-nature.com\/paris\/presse\/femininbio\/#primaryimage\"},\"datePublished\":\"2017-04-13T13:36:41+00:00\",\"dateModified\":\"2019-07-22T10:45:03+00:00\",\"breadcrumb\":{\"@id\":\"https:\/\/www.vivez-nature.com\/paris\/presse\/femininbio\/#breadcrumb\"},\"inLanguage\":\"fr-FR\",\"potentialAction\":[{\"@type\":\"ReadAction\",\"target\":[\"https:\/\/www.vivez-nature.com\/paris\/presse\/femininbio\/\"]}]},{\"@type\":\"BreadcrumbList\",\"@id\":\"https:\/\/www.vivez-nature.com\/paris\/presse\/femininbio\/#breadcrumb\",\"itemListElement\":[{\"@type\":\"ListItem\",\"position\":1,\"name\":\"Accueil\",\"item\":\"https:\/\/www.vivez-nature.com\/paris\/\"},{\"@type\":\"ListItem\",\"position\":2,\"name\":\"Presse et partenaires\",\"item\":\"https:\/\/www.vivez-nature.com\/paris\/presse\/\"},{\"@type\":\"ListItem\",\"position\":3,\"name\":\"F\u00e9mininBio\"}]}]}<\/script>\n<!-- \/ Yoast SEO plugin. -->","yoast_head_json":{"title":"F\u00e9mininBio - VIVEZ NATURE PARIS","robots":{"index":"index","follow":"follow","max-snippet":"max-snippet:-1","max-image-preview":"max-image-preview:large","max-video-preview":"max-video-preview:-1"},"canonical":"https:\/\/www.vivez-nature.com\/paris\/presse\/femininbio\/","og_locale":"fr_FR","og_type":"article","og_title":"F\u00e9mininBio - VIVEZ NATURE PARIS","og_description":"FemininBio.com a \u00e0 c\u0153ur depuis plus de 5 ans de guider les femmes dans un mode de consommation plus responsable pour elles, pour leur famille et pour la plan\u00e8te, de leur donner des clefs pour cultiver leur \u00e9cologie int\u00e9rieure, leur s\u00e9r\u00e9nit\u00e9, leur bonheur. Toutes ces informations sont livr\u00e9es dans un esprit de partage, de convivialit\u00e9&hellip;","og_url":"https:\/\/www.vivez-nature.com\/paris\/presse\/femininbio\/","og_site_name":"VIVEZ NATURE PARIS","article_modified_time":"2019-07-22T10:45:03+00:00","og_image":[{"url":"https:\/\/www.salon-zenetbio.com\/wp-content\/uploads\/2017\/01\/femininbio-1.150x100.jpg"}],"twitter_card":"summary_large_image","schema":{"@context":"https:\/\/schema.org","@graph":[{"@type":"WebSite","@id":"https:\/\/www.vivez-nature.com\/paris\/#website","url":"https:\/\/www.vivez-nature.com\/paris\/","name":"VIVEZ NATURE PARIS","description":"Salon Bio Nature et Bien-\u00eatre","potentialAction":[{"@type":"SearchAction","target":{"@type":"EntryPoint","urlTemplate":"https:\/\/www.vivez-nature.com\/paris\/?s={search_term_string}"},"query-input":"required name=search_term_string"}],"inLanguage":"fr-FR"},{"@type":"ImageObject","inLanguage":"fr-FR","@id":"https:\/\/www.vivez-nature.com\/paris\/presse\/femininbio\/#primaryimage","url":"https:\/\/www.salon-zenetbio.com\/wp-content\/uploads\/2017\/01\/femininbio-1.150x100.jpg","contentUrl":"https:\/\/www.salon-zenetbio.com\/wp-content\/uploads\/2017\/01\/femininbio-1.150x100.jpg"},{"@type":"WebPage","@id":"https:\/\/www.vivez-nature.com\/paris\/presse\/femininbio\/#webpage","url":"https:\/\/www.vivez-nature.com\/paris\/presse\/femininbio\/","name":"F\u00e9mininBio - VIVEZ NATURE PARIS","isPartOf":{"@id":"https:\/\/www.vivez-nature.com\/paris\/#website"},"primaryImageOfPage":{"@id":"https:\/\/www.vivez-nature.com\/paris\/presse\/femininbio\/#primaryimage"},"datePublished":"2017-04-13T13:36:41+00:00","dateModified":"2019-07-22T10:45:03+00:00","breadcrumb":{"@id":"https:\/\/www.vivez-nature.com\/paris\/presse\/femininbio\/#breadcrumb"},"inLanguage":"fr-FR","potentialAction":[{"@type":"ReadAction","target":["https:\/\/www.vivez-nature.com\/paris\/presse\/femininbio\/"]}]},{"@type":"BreadcrumbList","@id":"https:\/\/www.vivez-nature.com\/paris\/presse\/femininbio\/#breadcrumb","itemListElement":[{"@type":"ListItem","position":1,"name":"Accueil","item":"https:\/\/www.vivez-nature.com\/paris\/"},{"@type":"ListItem","position":2,"name":"Presse et partenaires","item":"https:\/\/www.vivez-nature.com\/paris\/presse\/"},{"@type":"ListItem","position":3,"name":"F\u00e9mininBio"}]}]}},"_links":{"self":[{"href":"https:\/\/www.vivez-nature.com\/paris\/wp-json\/wp\/v2\/pages\/3807"}],"collection":[{"href":"https:\/\/www.vivez-nature.com\/paris\/wp-json\/wp\/v2\/pages"}],"about":[{"href":"https:\/\/www.vivez-nature.com\/paris\/wp-json\/wp\/v2\/types\/page"}],"author":[{"embeddable":true,"href":"https:\/\/www.vivez-nature.com\/paris\/wp-json\/wp\/v2\/users\/1"}],"replies":[{"embeddable":true,"href":"https:\/\/www.vivez-nature.com\/paris\/wp-json\/wp\/v2\/comments?post=3807"}],"version-history":[{"count":3,"href":"https:\/\/www.vivez-nature.com\/paris\/wp-json\/wp\/v2\/pages\/3807\/revisions"}],"predecessor-version":[{"id":6352,"href":"https:\/\/www.vivez-nature.com\/paris\/wp-json\/wp\/v2\/pages\/3807\/revisions\/6352"}],"up":[{"embeddable":true,"href":"https:\/\/www.vivez-nature.com\/paris\/wp-json\/wp\/v2\/pages\/2091"}],"wp:attachment":[{"href":"https:\/\/www.vivez-nature.com\/paris\/wp-json\/wp\/v2\/media?parent=3807"}],"curies":[{"name":"wp","href":"https:\/\/api.w.org\/{rel}","templated":true}]}}