{"id":3843,"date":"2017-04-14T11:12:25","date_gmt":"2017-04-14T09:12:25","guid":{"rendered":"http:\/\/localhost:8888\/artemisia\/?page_id=3843"},"modified":"2022-06-09T12:28:42","modified_gmt":"2022-06-09T10:28:42","slug":"visiter","status":"publish","type":"page","link":"https:\/\/www.vivez-nature.com\/paris\/visiter\/","title":{"rendered":"Visiter le salon"},"content":{"rendered":"<p><img src=\"http:\/\/www.vivez-nature.com\/paris\/wp-content\/uploads\/sites\/4\/2017\/12\/banniere-visiter.jpg\" alt=\"\" width=\"820\" height=\"200\" \/><\/p>\n<ul class=\"list-pages-shortcode child-pages\">\n<li class=\"page_item page-item-3845\"><a href=\"http:\/\/www.vivez-nature.com\/paris\/visiter\/la-presentation-du-salon\/\">La pr\u00e9sentation du salon<\/a><\/li>\n<\/ul>\n<p>Le salon incontournable du BIO \u00e0 Paris, une convivialit\u00e9 totale.<\/p>\n<ul class=\"list-pages-shortcode child-pages\">\n<li class=\"page_item page-item-3847\"><a href=\"https:\/\/www.vivez-nature.com\/paris\/visiter\/les-secteurs-du-salon-2\/\">Les secteurs du salon<\/a><\/li>\n<\/ul>\n<p>Des produits sains, naturels et \u00e9cologiques issus de nos r\u00e9gions dans des secteurs tr\u00e8s vari\u00e9s (alimentation, beaut\u00e9, bien-\u00eatre, habitat sain &#8230;)<\/p>\n<ul class=\"list-pages-shortcode child-pages\">\n<li class=\"page_item page-item-3849\"><a href=\"https:\/\/www.vivez-nature.com\/paris\/visiter\/charte-de-selection\/\">Charte de s\u00e9lection du salon<\/a><\/li>\n<\/ul>\n<p>Les exposants et leurs produits sont s\u00e9lectionn\u00e9s par un comit\u00e9 rigoureux.<\/p>\n<ul class=\"list-pages-shortcode child-pages\">\n<li class=\"page_item page-item-3851\"><a href=\"http:\/\/www.vivez-nature.com\/paris\/visiter\/liste-des-exposants\/\">Liste des exposants<\/a><\/li>\n<\/ul>\n<p>D\u00e9couvrez les 180 exposants que vous allez rencontrer pour cette nouvelle \u00e9dition.<\/p>\n<ul style=\"list-style-type: disc;\">\n<li><a href=\"https:\/\/www.vivez-nature.com\/paris\/visiter\/2-evenements-ecologiques\/\">2 \u00e9v\u00e8nements \u00e9cologiques<\/a><\/li>\n<\/ul>\n<p>Visitez 2 salons en pleine synergie\u00a0<\/p>\n","protected":false},"excerpt":{"rendered":"<p>La pr\u00e9sentation du salon Le salon incontournable du BIO \u00e0 Paris, une convivialit\u00e9 totale. Les secteurs du salon Des produits sains, naturels et \u00e9cologiques issus de nos r\u00e9gions dans des secteurs tr\u00e8s vari\u00e9s (alimentation, beaut\u00e9, bien-\u00eatre, habitat sain &#8230;) Charte de s\u00e9lection du salon Les exposants et leurs produits sont s\u00e9lectionn\u00e9s par un comit\u00e9 rigoureux.&hellip; <\/p>\n","protected":false},"author":1,"featured_media":4017,"parent":0,"menu_order":0,"comment_status":"closed","ping_status":"closed","template":"","meta":{"_monsterinsights_skip_tracking":false,"_monsterinsights_sitenote_active":false,"_monsterinsights_sitenote_note":"","_monsterinsights_sitenote_category":0},"yoast_head":"<!-- This site is optimized with the Yoast SEO plugin v19.0 - https:\/\/yoast.com\/wordpress\/plugins\/seo\/ -->\n<title>Visiter le salon - VIVEZ NATURE PARIS<\/title>\n<meta name=\"robots\" content=\"index, follow, max-snippet:-1, max-image-preview:large, max-video-preview:-1\" \/>\n<link rel=\"canonical\" href=\"https:\/\/www.vivez-nature.com\/paris\/visiter\/\" \/>\n<meta property=\"og:locale\" content=\"fr_FR\" \/>\n<meta property=\"og:type\" content=\"article\" \/>\n<meta property=\"og:title\" content=\"Visiter le salon - VIVEZ NATURE PARIS\" \/>\n<meta property=\"og:description\" content=\"La pr\u00e9sentation du salon Le salon incontournable du BIO \u00e0 Paris, une convivialit\u00e9 totale. Les secteurs du salon Des produits sains, naturels et \u00e9cologiques issus de nos r\u00e9gions dans des secteurs tr\u00e8s vari\u00e9s (alimentation, beaut\u00e9, bien-\u00eatre, habitat sain &#8230;) Charte de s\u00e9lection du salon Les exposants et leurs produits sont s\u00e9lectionn\u00e9s par un comit\u00e9 rigoureux.&hellip;\" \/>\n<meta property=\"og:url\" content=\"https:\/\/www.vivez-nature.com\/paris\/visiter\/\" \/>\n<meta property=\"og:site_name\" content=\"VIVEZ NATURE PARIS\" \/>\n<meta property=\"article:modified_time\" content=\"2022-06-09T10:28:42+00:00\" \/>\n<meta property=\"og:image\" content=\"https:\/\/www.vivez-nature.com\/paris\/wp-content\/uploads\/sites\/4\/2017\/12\/visuel-VN.jpg\" \/>\n\t<meta property=\"og:image:width\" content=\"800\" \/>\n\t<meta property=\"og:image:height\" content=\"531\" \/>\n\t<meta property=\"og:image:type\" content=\"image\/jpeg\" \/>\n<meta name=\"twitter:card\" content=\"summary_large_image\" \/>\n<script type=\"application\/ld+json\" class=\"yoast-schema-graph\">{\"@context\":\"https:\/\/schema.org\",\"@graph\":[{\"@type\":\"WebSite\",\"@id\":\"https:\/\/www.vivez-nature.com\/paris\/#website\",\"url\":\"https:\/\/www.vivez-nature.com\/paris\/\",\"name\":\"VIVEZ NATURE PARIS\",\"description\":\"Salon Bio Nature et Bien-\u00eatre\",\"potentialAction\":[{\"@type\":\"SearchAction\",\"target\":{\"@type\":\"EntryPoint\",\"urlTemplate\":\"https:\/\/www.vivez-nature.com\/paris\/?s={search_term_string}\"},\"query-input\":\"required name=search_term_string\"}],\"inLanguage\":\"fr-FR\"},{\"@type\":\"ImageObject\",\"inLanguage\":\"fr-FR\",\"@id\":\"https:\/\/www.vivez-nature.com\/paris\/visiter\/#primaryimage\",\"url\":\"https:\/\/www.vivez-nature.com\/paris\/wp-content\/uploads\/sites\/4\/2017\/12\/visuel-VN.jpg\",\"contentUrl\":\"https:\/\/www.vivez-nature.com\/paris\/wp-content\/uploads\/sites\/4\/2017\/12\/visuel-VN.jpg\",\"width\":800,\"height\":531},{\"@type\":\"WebPage\",\"@id\":\"https:\/\/www.vivez-nature.com\/paris\/visiter\/#webpage\",\"url\":\"https:\/\/www.vivez-nature.com\/paris\/visiter\/\",\"name\":\"Visiter le salon - VIVEZ NATURE PARIS\",\"isPartOf\":{\"@id\":\"https:\/\/www.vivez-nature.com\/paris\/#website\"},\"primaryImageOfPage\":{\"@id\":\"https:\/\/www.vivez-nature.com\/paris\/visiter\/#primaryimage\"},\"datePublished\":\"2017-04-14T09:12:25+00:00\",\"dateModified\":\"2022-06-09T10:28:42+00:00\",\"breadcrumb\":{\"@id\":\"https:\/\/www.vivez-nature.com\/paris\/visiter\/#breadcrumb\"},\"inLanguage\":\"fr-FR\",\"potentialAction\":[{\"@type\":\"ReadAction\",\"target\":[\"https:\/\/www.vivez-nature.com\/paris\/visiter\/\"]}]},{\"@type\":\"BreadcrumbList\",\"@id\":\"https:\/\/www.vivez-nature.com\/paris\/visiter\/#breadcrumb\",\"itemListElement\":[{\"@type\":\"ListItem\",\"position\":1,\"name\":\"Accueil\",\"item\":\"https:\/\/www.vivez-nature.com\/paris\/\"},{\"@type\":\"ListItem\",\"position\":2,\"name\":\"Visiter le salon\"}]}]}<\/script>\n<!-- \/ Yoast SEO plugin. -->","yoast_head_json":{"title":"Visiter le salon - VIVEZ NATURE PARIS","robots":{"index":"index","follow":"follow","max-snippet":"max-snippet:-1","max-image-preview":"max-image-preview:large","max-video-preview":"max-video-preview:-1"},"canonical":"https:\/\/www.vivez-nature.com\/paris\/visiter\/","og_locale":"fr_FR","og_type":"article","og_title":"Visiter le salon - VIVEZ NATURE PARIS","og_description":"La pr\u00e9sentation du salon Le salon incontournable du BIO \u00e0 Paris, une convivialit\u00e9 totale. Les secteurs du salon Des produits sains, naturels et \u00e9cologiques issus de nos r\u00e9gions dans des secteurs tr\u00e8s vari\u00e9s (alimentation, beaut\u00e9, bien-\u00eatre, habitat sain &#8230;) Charte de s\u00e9lection du salon Les exposants et leurs produits sont s\u00e9lectionn\u00e9s par un comit\u00e9 rigoureux.&hellip;","og_url":"https:\/\/www.vivez-nature.com\/paris\/visiter\/","og_site_name":"VIVEZ NATURE PARIS","article_modified_time":"2022-06-09T10:28:42+00:00","og_image":[{"width":800,"height":531,"url":"https:\/\/www.vivez-nature.com\/paris\/wp-content\/uploads\/sites\/4\/2017\/12\/visuel-VN.jpg","type":"image\/jpeg"}],"twitter_card":"summary_large_image","schema":{"@context":"https:\/\/schema.org","@graph":[{"@type":"WebSite","@id":"https:\/\/www.vivez-nature.com\/paris\/#website","url":"https:\/\/www.vivez-nature.com\/paris\/","name":"VIVEZ NATURE PARIS","description":"Salon Bio Nature et Bien-\u00eatre","potentialAction":[{"@type":"SearchAction","target":{"@type":"EntryPoint","urlTemplate":"https:\/\/www.vivez-nature.com\/paris\/?s={search_term_string}"},"query-input":"required name=search_term_string"}],"inLanguage":"fr-FR"},{"@type":"ImageObject","inLanguage":"fr-FR","@id":"https:\/\/www.vivez-nature.com\/paris\/visiter\/#primaryimage","url":"https:\/\/www.vivez-nature.com\/paris\/wp-content\/uploads\/sites\/4\/2017\/12\/visuel-VN.jpg","contentUrl":"https:\/\/www.vivez-nature.com\/paris\/wp-content\/uploads\/sites\/4\/2017\/12\/visuel-VN.jpg","width":800,"height":531},{"@type":"WebPage","@id":"https:\/\/www.vivez-nature.com\/paris\/visiter\/#webpage","url":"https:\/\/www.vivez-nature.com\/paris\/visiter\/","name":"Visiter le salon - VIVEZ NATURE PARIS","isPartOf":{"@id":"https:\/\/www.vivez-nature.com\/paris\/#website"},"primaryImageOfPage":{"@id":"https:\/\/www.vivez-nature.com\/paris\/visiter\/#primaryimage"},"datePublished":"2017-04-14T09:12:25+00:00","dateModified":"2022-06-09T10:28:42+00:00","breadcrumb":{"@id":"https:\/\/www.vivez-nature.com\/paris\/visiter\/#breadcrumb"},"inLanguage":"fr-FR","potentialAction":[{"@type":"ReadAction","target":["https:\/\/www.vivez-nature.com\/paris\/visiter\/"]}]},{"@type":"BreadcrumbList","@id":"https:\/\/www.vivez-nature.com\/paris\/visiter\/#breadcrumb","itemListElement":[{"@type":"ListItem","position":1,"name":"Accueil","item":"https:\/\/www.vivez-nature.com\/paris\/"},{"@type":"ListItem","position":2,"name":"Visiter le salon"}]}]}},"_links":{"self":[{"href":"https:\/\/www.vivez-nature.com\/paris\/wp-json\/wp\/v2\/pages\/3843"}],"collection":[{"href":"https:\/\/www.vivez-nature.com\/paris\/wp-json\/wp\/v2\/pages"}],"about":[{"href":"https:\/\/www.vivez-nature.com\/paris\/wp-json\/wp\/v2\/types\/page"}],"author":[{"embeddable":true,"href":"https:\/\/www.vivez-nature.com\/paris\/wp-json\/wp\/v2\/users\/1"}],"replies":[{"embeddable":true,"href":"https:\/\/www.vivez-nature.com\/paris\/wp-json\/wp\/v2\/comments?post=3843"}],"version-history":[{"count":21,"href":"https:\/\/www.vivez-nature.com\/paris\/wp-json\/wp\/v2\/pages\/3843\/revisions"}],"predecessor-version":[{"id":7186,"href":"https:\/\/www.vivez-nature.com\/paris\/wp-json\/wp\/v2\/pages\/3843\/revisions\/7186"}],"wp:featuredmedia":[{"embeddable":true,"href":"https:\/\/www.vivez-nature.com\/paris\/wp-json\/wp\/v2\/media\/4017"}],"wp:attachment":[{"href":"https:\/\/www.vivez-nature.com\/paris\/wp-json\/wp\/v2\/media?parent=3843"}],"curies":[{"name":"wp","href":"https:\/\/api.w.org\/{rel}","templated":true}]}}