{"id":3859,"date":"2017-04-14T11:17:49","date_gmt":"2017-04-14T09:17:49","guid":{"rendered":"http:\/\/localhost:8888\/artemisia\/?page_id=3859"},"modified":"2022-06-09T12:34:25","modified_gmt":"2022-06-09T10:34:25","slug":"ateliers-pratiques","status":"publish","type":"page","link":"https:\/\/www.vivez-nature.com\/paris\/programme-du-salon\/ateliers-pratiques\/","title":{"rendered":"Les ateliers Pratiques"},"content":{"rendered":"<p><img class=\"alignnone\" src=\"https:\/\/www.vivez-nature.com\/paris\/wp-content\/uploads\/sites\/4\/2018\/10\/Fotolia_113201918_Subscription_Monthly_M.jpg\" width=\"578\" height=\"246\" \/><\/p>\n<h1><strong>Le salon Vivez Nature est report\u00e9 \u00e0 une date ult\u00e9rieure.<\/strong><\/h1>\n<p><strong>All\u00e9e D<br \/>\nPr\u00e9-inscription sur place<\/strong><\/p>\n<hr \/>\n<p><a href=\"https:\/\/www.vivez-nature.com\/paris\/programme-du-salon\/ateliers-pratiques\/les-ateliers-pratiques-2020\/\">Consultez le programme de Vivez Nature 2020<\/a><br \/>\n<a href=\"https:\/\/www.vivez-nature.com\/paris\/programme-du-salon\/ateliers-pratiques\/ateliers-pratiques-2\/\">Consultez le programme de Vivez Nature \u00a02019<\/a><br \/>\n<a href=\"https:\/\/www.vivez-nature.com\/paris\/?p=4598\">Consultez le programme de Vivez Nature 2018<\/a><\/p>\n<h2>\u00a0<\/h2>\n<div>\u00a0<\/div>\n<div>\u00a0<span id=\"yui_3_16_0_ym19_1_1515571458696_25514\" style=\"color: #000000;\"><\/span><\/div>\n","protected":false},"excerpt":{"rendered":"<p>Le salon Vivez Nature est report\u00e9 \u00e0 une date ult\u00e9rieure. All\u00e9e D Pr\u00e9-inscription sur place Consultez le programme de Vivez Nature 2020 Consultez le programme de Vivez Nature \u00a02019 Consultez le programme de Vivez Nature 2018 \u00a0 \u00a0 \u00a0<\/p>\n","protected":false},"author":1,"featured_media":0,"parent":3853,"menu_order":2,"comment_status":"closed","ping_status":"closed","template":"","meta":{"_monsterinsights_skip_tracking":false,"_monsterinsights_sitenote_active":false,"_monsterinsights_sitenote_note":"","_monsterinsights_sitenote_category":0},"yoast_head":"<!-- This site is optimized with the Yoast SEO plugin v19.0 - https:\/\/yoast.com\/wordpress\/plugins\/seo\/ -->\n<title>Les ateliers Pratiques - VIVEZ NATURE PARIS<\/title>\n<meta name=\"robots\" content=\"index, follow, max-snippet:-1, max-image-preview:large, max-video-preview:-1\" \/>\n<link rel=\"canonical\" href=\"https:\/\/www.vivez-nature.com\/paris\/programme-du-salon\/ateliers-pratiques\/\" \/>\n<meta property=\"og:locale\" content=\"fr_FR\" \/>\n<meta property=\"og:type\" content=\"article\" \/>\n<meta property=\"og:title\" content=\"Les ateliers Pratiques - VIVEZ NATURE PARIS\" \/>\n<meta property=\"og:description\" content=\"Le salon Vivez Nature est report\u00e9 \u00e0 une date ult\u00e9rieure. All\u00e9e D Pr\u00e9-inscription sur place Consultez le programme de Vivez Nature 2020 Consultez le programme de Vivez Nature \u00a02019 Consultez le programme de Vivez Nature 2018 \u00a0 \u00a0 \u00a0\" \/>\n<meta property=\"og:url\" content=\"https:\/\/www.vivez-nature.com\/paris\/programme-du-salon\/ateliers-pratiques\/\" \/>\n<meta property=\"og:site_name\" content=\"VIVEZ NATURE PARIS\" \/>\n<meta property=\"article:modified_time\" content=\"2022-06-09T10:34:25+00:00\" \/>\n<meta property=\"og:image\" content=\"https:\/\/www.vivez-nature.com\/paris\/wp-content\/uploads\/sites\/4\/2018\/10\/Fotolia_113201918_Subscription_Monthly_M.jpg\" \/>\n<meta name=\"twitter:card\" content=\"summary_large_image\" \/>\n<script type=\"application\/ld+json\" class=\"yoast-schema-graph\">{\"@context\":\"https:\/\/schema.org\",\"@graph\":[{\"@type\":\"WebSite\",\"@id\":\"https:\/\/www.vivez-nature.com\/paris\/#website\",\"url\":\"https:\/\/www.vivez-nature.com\/paris\/\",\"name\":\"VIVEZ NATURE PARIS\",\"description\":\"Salon Bio Nature et Bien-\u00eatre\",\"potentialAction\":[{\"@type\":\"SearchAction\",\"target\":{\"@type\":\"EntryPoint\",\"urlTemplate\":\"https:\/\/www.vivez-nature.com\/paris\/?s={search_term_string}\"},\"query-input\":\"required name=search_term_string\"}],\"inLanguage\":\"fr-FR\"},{\"@type\":\"ImageObject\",\"inLanguage\":\"fr-FR\",\"@id\":\"https:\/\/www.vivez-nature.com\/paris\/programme-du-salon\/ateliers-pratiques\/#primaryimage\",\"url\":\"https:\/\/www.vivez-nature.com\/paris\/wp-content\/uploads\/sites\/4\/2018\/10\/Fotolia_113201918_Subscription_Monthly_M.jpg\",\"contentUrl\":\"https:\/\/www.vivez-nature.com\/paris\/wp-content\/uploads\/sites\/4\/2018\/10\/Fotolia_113201918_Subscription_Monthly_M.jpg\",\"width\":499,\"height\":212,\"caption\":\"Covering young capsicum plants with straw mulch to protect from drying out quickly ant to control weed in the garden. Using mulch for weed control, water retention, to keep roots warm in the winter and cool in the summer.\"},{\"@type\":\"WebPage\",\"@id\":\"https:\/\/www.vivez-nature.com\/paris\/programme-du-salon\/ateliers-pratiques\/#webpage\",\"url\":\"https:\/\/www.vivez-nature.com\/paris\/programme-du-salon\/ateliers-pratiques\/\",\"name\":\"Les ateliers Pratiques - VIVEZ NATURE PARIS\",\"isPartOf\":{\"@id\":\"https:\/\/www.vivez-nature.com\/paris\/#website\"},\"primaryImageOfPage\":{\"@id\":\"https:\/\/www.vivez-nature.com\/paris\/programme-du-salon\/ateliers-pratiques\/#primaryimage\"},\"datePublished\":\"2017-04-14T09:17:49+00:00\",\"dateModified\":\"2022-06-09T10:34:25+00:00\",\"breadcrumb\":{\"@id\":\"https:\/\/www.vivez-nature.com\/paris\/programme-du-salon\/ateliers-pratiques\/#breadcrumb\"},\"inLanguage\":\"fr-FR\",\"potentialAction\":[{\"@type\":\"ReadAction\",\"target\":[\"https:\/\/www.vivez-nature.com\/paris\/programme-du-salon\/ateliers-pratiques\/\"]}]},{\"@type\":\"BreadcrumbList\",\"@id\":\"https:\/\/www.vivez-nature.com\/paris\/programme-du-salon\/ateliers-pratiques\/#breadcrumb\",\"itemListElement\":[{\"@type\":\"ListItem\",\"position\":1,\"name\":\"Accueil\",\"item\":\"https:\/\/www.vivez-nature.com\/paris\/\"},{\"@type\":\"ListItem\",\"position\":2,\"name\":\"Programme du salon\",\"item\":\"https:\/\/www.vivez-nature.com\/paris\/programme-du-salon\/\"},{\"@type\":\"ListItem\",\"position\":3,\"name\":\"Les ateliers Pratiques\"}]}]}<\/script>\n<!-- \/ Yoast SEO plugin. -->","yoast_head_json":{"title":"Les ateliers Pratiques - VIVEZ NATURE PARIS","robots":{"index":"index","follow":"follow","max-snippet":"max-snippet:-1","max-image-preview":"max-image-preview:large","max-video-preview":"max-video-preview:-1"},"canonical":"https:\/\/www.vivez-nature.com\/paris\/programme-du-salon\/ateliers-pratiques\/","og_locale":"fr_FR","og_type":"article","og_title":"Les ateliers Pratiques - VIVEZ NATURE PARIS","og_description":"Le salon Vivez Nature est report\u00e9 \u00e0 une date ult\u00e9rieure. All\u00e9e D Pr\u00e9-inscription sur place Consultez le programme de Vivez Nature 2020 Consultez le programme de Vivez Nature \u00a02019 Consultez le programme de Vivez Nature 2018 \u00a0 \u00a0 \u00a0","og_url":"https:\/\/www.vivez-nature.com\/paris\/programme-du-salon\/ateliers-pratiques\/","og_site_name":"VIVEZ NATURE PARIS","article_modified_time":"2022-06-09T10:34:25+00:00","og_image":[{"url":"https:\/\/www.vivez-nature.com\/paris\/wp-content\/uploads\/sites\/4\/2018\/10\/Fotolia_113201918_Subscription_Monthly_M.jpg"}],"twitter_card":"summary_large_image","schema":{"@context":"https:\/\/schema.org","@graph":[{"@type":"WebSite","@id":"https:\/\/www.vivez-nature.com\/paris\/#website","url":"https:\/\/www.vivez-nature.com\/paris\/","name":"VIVEZ NATURE PARIS","description":"Salon Bio Nature et Bien-\u00eatre","potentialAction":[{"@type":"SearchAction","target":{"@type":"EntryPoint","urlTemplate":"https:\/\/www.vivez-nature.com\/paris\/?s={search_term_string}"},"query-input":"required name=search_term_string"}],"inLanguage":"fr-FR"},{"@type":"ImageObject","inLanguage":"fr-FR","@id":"https:\/\/www.vivez-nature.com\/paris\/programme-du-salon\/ateliers-pratiques\/#primaryimage","url":"https:\/\/www.vivez-nature.com\/paris\/wp-content\/uploads\/sites\/4\/2018\/10\/Fotolia_113201918_Subscription_Monthly_M.jpg","contentUrl":"https:\/\/www.vivez-nature.com\/paris\/wp-content\/uploads\/sites\/4\/2018\/10\/Fotolia_113201918_Subscription_Monthly_M.jpg","width":499,"height":212,"caption":"Covering young capsicum plants with straw mulch to protect from drying out quickly ant to control weed in the garden. Using mulch for weed control, water retention, to keep roots warm in the winter and cool in the summer."},{"@type":"WebPage","@id":"https:\/\/www.vivez-nature.com\/paris\/programme-du-salon\/ateliers-pratiques\/#webpage","url":"https:\/\/www.vivez-nature.com\/paris\/programme-du-salon\/ateliers-pratiques\/","name":"Les ateliers Pratiques - VIVEZ NATURE PARIS","isPartOf":{"@id":"https:\/\/www.vivez-nature.com\/paris\/#website"},"primaryImageOfPage":{"@id":"https:\/\/www.vivez-nature.com\/paris\/programme-du-salon\/ateliers-pratiques\/#primaryimage"},"datePublished":"2017-04-14T09:17:49+00:00","dateModified":"2022-06-09T10:34:25+00:00","breadcrumb":{"@id":"https:\/\/www.vivez-nature.com\/paris\/programme-du-salon\/ateliers-pratiques\/#breadcrumb"},"inLanguage":"fr-FR","potentialAction":[{"@type":"ReadAction","target":["https:\/\/www.vivez-nature.com\/paris\/programme-du-salon\/ateliers-pratiques\/"]}]},{"@type":"BreadcrumbList","@id":"https:\/\/www.vivez-nature.com\/paris\/programme-du-salon\/ateliers-pratiques\/#breadcrumb","itemListElement":[{"@type":"ListItem","position":1,"name":"Accueil","item":"https:\/\/www.vivez-nature.com\/paris\/"},{"@type":"ListItem","position":2,"name":"Programme du salon","item":"https:\/\/www.vivez-nature.com\/paris\/programme-du-salon\/"},{"@type":"ListItem","position":3,"name":"Les ateliers Pratiques"}]}]}},"_links":{"self":[{"href":"https:\/\/www.vivez-nature.com\/paris\/wp-json\/wp\/v2\/pages\/3859"}],"collection":[{"href":"https:\/\/www.vivez-nature.com\/paris\/wp-json\/wp\/v2\/pages"}],"about":[{"href":"https:\/\/www.vivez-nature.com\/paris\/wp-json\/wp\/v2\/types\/page"}],"author":[{"embeddable":true,"href":"https:\/\/www.vivez-nature.com\/paris\/wp-json\/wp\/v2\/users\/1"}],"replies":[{"embeddable":true,"href":"https:\/\/www.vivez-nature.com\/paris\/wp-json\/wp\/v2\/comments?post=3859"}],"version-history":[{"count":53,"href":"https:\/\/www.vivez-nature.com\/paris\/wp-json\/wp\/v2\/pages\/3859\/revisions"}],"predecessor-version":[{"id":7194,"href":"https:\/\/www.vivez-nature.com\/paris\/wp-json\/wp\/v2\/pages\/3859\/revisions\/7194"}],"up":[{"embeddable":true,"href":"https:\/\/www.vivez-nature.com\/paris\/wp-json\/wp\/v2\/pages\/3853"}],"wp:attachment":[{"href":"https:\/\/www.vivez-nature.com\/paris\/wp-json\/wp\/v2\/media?parent=3859"}],"curies":[{"name":"wp","href":"https:\/\/api.w.org\/{rel}","templated":true}]}}