{"id":4598,"date":"2018-04-19T16:42:18","date_gmt":"2018-04-19T14:42:18","guid":{"rendered":"https:\/\/www.vivez-nature.com\/paris\/?page_id=4598"},"modified":"2018-04-19T16:42:18","modified_gmt":"2018-04-19T14:42:18","slug":"ateliers-pratiques","status":"publish","type":"page","link":"https:\/\/www.vivez-nature.com\/paris\/programme-du-salon\/ateliers-pratiques\/ateliers-pratiques\/","title":{"rendered":"Les ateliers de Vivez Nature &#8211; Janvier 2018"},"content":{"rendered":"<h1>Programmes des ateliers 2018<\/h1>\n<h2>\u00a0<\/h2>\n<h2 id=\"yui_3_16_0_ym19_1_1515571458696_25144\"><span id=\"yui_3_16_0_ym19_1_1515571458696_25393\"><b id=\"yui_3_16_0_ym19_1_1515571458696_25533\">Vendredi 26 janvier<\/b><\/span><\/h2>\n<div id=\"yui_3_16_0_ym19_1_1515571458696_25394\"><span id=\"yui_3_16_0_ym19_1_1515571458696_25395\" style=\"color: #000000;\">11h : L\u2019Omnicuiseur Vitalit\u00e9 au service des recommandations nutritionnelles<\/span><\/div>\n<div id=\"yui_3_16_0_ym19_1_1515571458696_25396\"><span id=\"yui_3_16_0_ym19_1_1515571458696_25397\" style=\"color: #000000;\">Avec Solveig Darrigo-Dartinet, Di\u00e9t\u00e9ticienne-Nutritionniste\u00a0<\/span><\/div>\n<div>\u00a0<\/div>\n<div><span style=\"color: #000000;\"><span id=\"yui_3_16_0_ym19_1_1515571458696_73819\">12h : Les ondes \u00e9lectromagn\u00e9tiques et la sant\u00e9. Moyen efficace de se prot\u00e9ger<\/span><\/span><\/div>\n<div>Avec Denis Munier, Electrosmog Protection<\/div>\n<div>\u00a0<\/div>\n<div><span style=\"color: #000000;\"><span id=\"yui_3_16_0_ym19_1_1515571458696_73819\">13h : Les min\u00e9raux dans notre vie et nos lieux de vie. G\u00e9ologie, Gemmologie, Lithoth\u00e9rapie, Oligoth\u00e9rapie<br \/>\n <\/span><\/span><span style=\"color: #000000;\">Avec Jean-Claude Kennedec, Min\u00e9raux et Sant\u00e9<\/span><\/div>\n<div><span style=\"color: #000000;\">\u00a0<\/span><\/div>\n<div id=\"yui_3_16_0_ym19_1_1515571458696_25398\"><span id=\"yui_3_16_0_ym19_1_1515571458696_25526\" style=\"color: #000000;\">14h : Le Th\u00e8me de Cristal : votre portrait \u00e9nerg\u00e9tique de naissance<\/span><\/div>\n<div id=\"yui_3_16_0_ym19_1_1515571458696_25404\"><span id=\"yui_3_16_0_ym19_1_1515571458696_25405\" style=\"color: #000000;\">Avec Wydiane Khaoua, Cristaux et bien-\u00eatre<\/span><\/div>\n<div><span style=\"color: #000000;\">\u00a0<\/span><\/div>\n<div id=\"yui_3_16_0_ym19_1_1515571458696_25406\"><span id=\"yui_3_16_0_ym19_1_1515571458696_25407\" style=\"color: #000000;\">15h : Pourquoi avoir une nutrition saine ?<\/span><\/div>\n<div id=\"yui_3_16_0_ym19_1_1515571458696_25408\"><span id=\"yui_3_16_0_ym19_1_1515571458696_25409\" style=\"color: #000000;\">Avec Jean-Claude Berton, Chocolaterie Berton &#8211; Om\u00e9gachoco\u00ae<\/span><\/div>\n<div><span style=\"color: #000000;\">\u00a0<\/span><\/div>\n<div id=\"yui_3_16_0_ym19_1_1515571458696_25410\"><span id=\"yui_3_16_0_ym19_1_1515571458696_25411\" style=\"color: #000000;\">16h : Le bicarbonate, l\u2019ortie et le pissenlit, ces produits de base peuvent \u00eatre utilis\u00e9s par tous et pr\u00e9sentent de nombreuses vertus<\/span><\/div>\n<div id=\"yui_3_16_0_ym19_1_1515571458696_25412\"><span id=\"yui_3_16_0_ym19_1_1515571458696_25413\" style=\"color: #000000;\">Avec Esnault ou Lescouarch<\/span><\/div>\n<div>\u00a0<\/div>\n<div>\n<p><span style=\"color: #000000;\">17h : Le silicium collo\u00efdale<\/span><br \/>\n <span style=\"color: #000000;\">PINEL Didier, Alg\u2019breizh<\/span><\/p>\n<\/div>\n<h2>\u00a0<\/h2>\n<h2 id=\"yui_3_16_0_ym19_1_1515571458696_25414\"><span id=\"yui_3_16_0_ym19_1_1515571458696_25515\"><b id=\"yui_3_16_0_ym19_1_1515571458696_25517\">Samedi 27 janvier<\/b><\/span><\/h2>\n<div><span style=\"color: #000000;\">11h : Pierres et spiritualit\u00e9 : pour comprendre les pierres<\/span><br \/>\n <span style=\"color: #000000;\">Avec Faraniaina Ralaivao<\/span><\/div>\n<div>\u00a0<\/div>\n<div><span style=\"color: #000000;\">12h : Le chanvre pour tous<\/span><br \/>\n <span style=\"color: #000000;\">Avec Christophe Latouche, Lchanvre<\/span><\/div>\n<div>\u00a0<\/div>\n<div id=\"yui_3_16_0_ym19_1_1515571458696_25416\"><span id=\"yui_3_16_0_ym19_1_1515571458696_25514\" style=\"color: #000000;\">13h : Le Th\u00e8me de Cristal : votre portrait \u00e9nerg\u00e9tique de naissance<\/span><br \/>\n <span id=\"yui_3_16_0_ym19_1_1515571458696_25417\" style=\"color: #000000;\"> <\/span><\/div>\n<div id=\"yui_3_16_0_ym19_1_1515571458696_25427\"><span id=\"yui_3_16_0_ym19_1_1515571458696_25428\" style=\"color: #000000;\">Avec Wydiane Khaoua, Cristaux et bien-\u00eatre<\/span><\/div>\n<div><span style=\"color: #000000;\">\u00a0<\/span><\/div>\n<div id=\"yui_3_16_0_ym19_1_1515571458696_25429\"><span id=\"yui_3_16_0_ym19_1_1515571458696_25430\" style=\"color: #000000;\">14h : Energie vitale conscience &amp; sexualit\u00e9. Comment mettre son \u00e9nergie vitale au service de notre vie ?<\/span><\/div>\n<div id=\"yui_3_16_0_ym19_1_1515571458696_25431\"><span id=\"yui_3_16_0_ym19_1_1515571458696_25432\" style=\"color: #000000;\">Avec Romain Salomon, R. Salomon Th\u00e9rapie-Energ\u00e9tic-Coaching<\/span><\/div>\n<div><span style=\"color: #000000;\">\u00a0<\/span><\/div>\n<div id=\"yui_3_16_0_ym19_1_1515571458696_25433\"><span id=\"yui_3_16_0_ym19_1_1515571458696_25434\" style=\"color: #000000;\">15h : Le bicarbonate, l\u2019ortie et le pissenlit, ces produits de base peuvent \u00eatre utilis\u00e9s par tous et pr\u00e9sentent de nombreuses vertus<\/span><\/div>\n<div id=\"yui_3_16_0_ym19_1_1515571458696_25435\"><span id=\"yui_3_16_0_ym19_1_1515571458696_25436\" style=\"color: #000000;\">Avec Esnault ou Lescouarch<\/span><\/div>\n<div>\u00a0<\/div>\n<div><span style=\"color: #000000;\"><span id=\"yui_3_16_0_ym19_1_1515571458696_73819\">16h : Les min\u00e9raux dans notre vie et nos lieux de vie. G\u00e9ologie, Gemmologie, Lithoth\u00e9rapie, Oligoth\u00e9rapie<br \/>\n <\/span><\/span><span style=\"color: #000000;\">Avec Jean-Claude Kennedec, Min\u00e9raux et Sant\u00e9<\/span><\/div>\n<div>\u00a0<\/div>\n<div><span style=\"color: #000000;\"><span id=\"yui_3_16_0_ym19_1_1515571458696_73819\">17h : Confiance en soi, amour de soi, mieux-\u00eatre au quotidien autant sur le plan physique que psychique&#8230; Par o\u00f9 commencer?<br \/>\n <\/span><\/span><span style=\"color: #000000;\">Avec Priscilla Brocvielle, Baln\u00e9a Nature<\/span><\/div>\n<div>\u00a0<\/div>\n<p><span style=\"color: #000000;\">18h : Chi Nei Tsang : Comment dig\u00e9rer ses \u00e9motions gr\u00e2ce \u00e0 notre deuxi\u00e8me cerveau, le ventre<\/span><br \/>\n <span style=\"color: #000000;\">Avec Sara Minghetti\u00a0<\/span><\/p>\n<h2 id=\"yui_3_16_0_ym19_1_1515571458696_25437\"><span id=\"yui_3_16_0_ym19_1_1515571458696_25510\"><b id=\"yui_3_16_0_ym19_1_1515571458696_25513\">Dimanche 28 janvier<\/b><\/span><\/h2>\n<div><span style=\"color: #000000;\"><span id=\"yui_3_16_0_ym19_1_1515571458696_73819\">11h :<\/span><\/span>\u00a0<span style=\"color: #000000;\"><span id=\"yui_3_16_0_ym19_1_1515571458696_73819\">La m\u00e9thode \u00e9ducative 3C : Concentration, Calme, Contr\u00f4le. Une \u00e9ducation \u00e0 la non-violence<br \/>\n <\/span><\/span><span style=\"color: #000000;\">Avec Karine Wender<\/span><\/div>\n<div>\u00a0<\/div>\n<div><span style=\"color: #000000;\"><span id=\"yui_3_16_0_ym19_1_1515571458696_73819\">12h :<\/span><\/span>\u00a0<span style=\"color: #000000;\"><span id=\"yui_3_16_0_ym19_1_1515571458696_73819\">La sant\u00e9 \u00e0 la lumi\u00e8re de nos origines<br \/>\n <\/span><\/span><span style=\"color: #000000;\">Avec Emmanuelle Petit, Sant\u00e9 Globale<\/span><\/div>\n<div>\u00a0<\/div>\n<div><span style=\"color: #000000;\"><span id=\"yui_3_16_0_ym19_1_1515571458696_73819\">13h : Les min\u00e9raux dans notre vie et nos lieux de vie. G\u00e9ologie, Gemmologie, Lithoth\u00e9rapie, Oligoth\u00e9rapie<br \/>\n <\/span><\/span><span style=\"color: #000000;\">Avec Jean-Claude Kennedec, Min\u00e9raux et Sant\u00e9<\/span><\/div>\n<div>\u00a0<\/div>\n<div id=\"yui_3_16_0_ym19_1_1515571458696_25443\"><span id=\"yui_3_16_0_ym19_1_1515571458696_25511\" style=\"color: #000000;\">14h : Le Th\u00e8me de Cristal : votre portrait \u00e9nerg\u00e9tique de naissance<\/span><\/div>\n<div id=\"yui_3_16_0_ym19_1_1515571458696_25451\"><span id=\"yui_3_16_0_ym19_1_1515571458696_25452\" style=\"color: #000000;\">Avec Wydiane Khaoua, Cristaux et bien-\u00eatre<\/span><\/div>\n<div>\u00a0<\/div>\n<div>\n<div id=\"yui_3_16_0_ym19_1_1515571458696_73869\"><span id=\"yui_3_16_0_ym19_1_1515571458696_73870\" style=\"color: #000000;\"><span id=\"yui_3_16_0_ym19_1_1515571458696_74091\">15h : Ouvrir son coeur&#8230;pour s\u2019ouvrir au futur<br \/>\n <\/span><\/span><span id=\"yui_3_16_0_ym19_1_1515571458696_73872\" style=\"color: #000000;\"><span id=\"yui_3_16_0_ym19_1_1515571458696_74093\">Avec C\u00e9line Lassalle, Editions Terre de Lumi\u00e8re<\/span><\/span><\/div>\n<\/div>\n<div><span style=\"color: #000000;\">\u00a0<\/span><\/div>\n<div id=\"yui_3_16_0_ym19_1_1515571458696_25453\"><span id=\"yui_3_16_0_ym19_1_1515571458696_25509\" style=\"color: #000000;\">16h : Le bicarbonate, l\u2019ortie et le pissenlit, ces produits de base peuvent \u00eatre utilis\u00e9s par tous et pr\u00e9sentent de nombreuses vertus<\/span><\/div>\n<div id=\"yui_3_16_0_ym19_1_1515571458696_25457\"><span id=\"yui_3_16_0_ym19_1_1515571458696_25458\" style=\"color: #000000;\">Avec Esnault ou Lescouarch<\/span><\/div>\n<div>\u00a0<\/div>\n<div><span style=\"color: #000000;\">17h : Chi Nei Tsang : Comment dig\u00e9rer ses \u00e9motions gr\u00e2ce \u00e0 notre deuxi\u00e8me cerveau, le ventre<\/span><br \/>\n <span style=\"color: #000000;\">Avec Sara Minghetti\u00a0<\/span><\/div>\n<h2>\u00a0<\/h2>\n<h2 id=\"yui_3_16_0_ym19_1_1515571458696_25459\"><span id=\"yui_3_16_0_ym19_1_1515571458696_25506\"><b id=\"yui_3_16_0_ym19_1_1515571458696_25508\">Lundi 29 janvier<\/b><\/span><\/h2>\n<div id=\"yui_3_16_0_ym19_1_1515571458696_25463\"><span id=\"yui_3_16_0_ym19_1_1515571458696_25464\" style=\"color: #000000;\">11h : L\u2019Omnicuiseur Vitalit\u00e9 au service des recommandations nutritionnelles<\/span><\/div>\n<div id=\"yui_3_16_0_ym19_1_1515571458696_25465\"><span id=\"yui_3_16_0_ym19_1_1515571458696_25466\" style=\"color: #000000;\">Avec Solveig Darrigo-Dartinet, Di\u00e9t\u00e9ticienne-Nutritionniste<\/span><\/div>\n<div><span style=\"color: #000000;\">\u00a0<\/span><\/div>\n<div id=\"yui_3_16_0_ym19_1_1515571458696_25467\"><span id=\"yui_3_16_0_ym19_1_1515571458696_25505\" style=\"color: #000000;\">13h : Le Th\u00e8me de Cristal : votre portrait \u00e9nerg\u00e9tique de naissance<\/span><\/div>\n<div id=\"yui_3_16_0_ym19_1_1515571458696_25471\"><span id=\"yui_3_16_0_ym19_1_1515571458696_25472\" style=\"color: #000000;\">Avec Wydiane Khaoua, Cristaux et bien-\u00eatre<\/span><\/div>\n<div>\u00a0<\/div>\n<div><span style=\"color: #000000;\"><span id=\"yui_3_16_0_ym19_1_1515571458696_73819\">14h : Les min\u00e9raux dans notre vie et nos lieux de vie. G\u00e9ologie, Gemmologie, Lithoth\u00e9rapie, Oligoth\u00e9rapie<br \/>\n <\/span><\/span><span style=\"color: #000000;\">Avec Jean-Claude Kennedec, Min\u00e9raux et Sant\u00e9<\/span><\/div>\n<div>\u00a0<\/div>\n<div><span style=\"color: #000000;\"><span id=\"yui_3_16_0_ym19_1_1515571458696_73819\">15h : L&rsquo;importance des graines germ\u00e9es dans notre alimentation<br \/>\n <\/span><\/span><span style=\"color: #000000;\">Avec Joseph Meli, Meli Jo<\/span><\/div>\n","protected":false},"excerpt":{"rendered":"<p>Programmes des ateliers 2018 \u00a0 Vendredi 26 janvier 11h : L\u2019Omnicuiseur Vitalit\u00e9 au service des recommandations nutritionnelles Avec Solveig Darrigo-Dartinet, Di\u00e9t\u00e9ticienne-Nutritionniste\u00a0 \u00a0 12h : Les ondes \u00e9lectromagn\u00e9tiques et la sant\u00e9. Moyen efficace de se prot\u00e9ger Avec Denis Munier, Electrosmog Protection \u00a0 13h : Les min\u00e9raux dans notre vie et nos lieux de vie. G\u00e9ologie, Gemmologie,&hellip; <\/p>\n","protected":false},"author":1,"featured_media":0,"parent":3859,"menu_order":3,"comment_status":"closed","ping_status":"closed","template":"","meta":{"_monsterinsights_skip_tracking":false,"_monsterinsights_sitenote_active":false,"_monsterinsights_sitenote_note":"","_monsterinsights_sitenote_category":0},"yoast_head":"<!-- This site is optimized with the Yoast SEO plugin v19.0 - https:\/\/yoast.com\/wordpress\/plugins\/seo\/ -->\n<title>Les ateliers de Vivez Nature - Janvier 2018 - VIVEZ NATURE PARIS<\/title>\n<meta name=\"robots\" content=\"index, follow, max-snippet:-1, max-image-preview:large, max-video-preview:-1\" \/>\n<link rel=\"canonical\" href=\"https:\/\/www.vivez-nature.com\/paris\/programme-du-salon\/ateliers-pratiques\/ateliers-pratiques\/\" \/>\n<meta property=\"og:locale\" content=\"fr_FR\" \/>\n<meta property=\"og:type\" content=\"article\" \/>\n<meta property=\"og:title\" content=\"Les ateliers de Vivez Nature - Janvier 2018 - VIVEZ NATURE PARIS\" \/>\n<meta property=\"og:description\" content=\"Programmes des ateliers 2018 \u00a0 Vendredi 26 janvier 11h : L\u2019Omnicuiseur Vitalit\u00e9 au service des recommandations nutritionnelles Avec Solveig Darrigo-Dartinet, Di\u00e9t\u00e9ticienne-Nutritionniste\u00a0 \u00a0 12h : Les ondes \u00e9lectromagn\u00e9tiques et la sant\u00e9. Moyen efficace de se prot\u00e9ger Avec Denis Munier, Electrosmog Protection \u00a0 13h : Les min\u00e9raux dans notre vie et nos lieux de vie. G\u00e9ologie, Gemmologie,&hellip;\" \/>\n<meta property=\"og:url\" content=\"https:\/\/www.vivez-nature.com\/paris\/programme-du-salon\/ateliers-pratiques\/ateliers-pratiques\/\" \/>\n<meta property=\"og:site_name\" content=\"VIVEZ NATURE PARIS\" \/>\n<meta name=\"twitter:card\" content=\"summary_large_image\" \/>\n<meta name=\"twitter:label1\" content=\"Dur\u00e9e de lecture estim\u00e9e\" \/>\n\t<meta name=\"twitter:data1\" content=\"3 minutes\" \/>\n<script type=\"application\/ld+json\" class=\"yoast-schema-graph\">{\"@context\":\"https:\/\/schema.org\",\"@graph\":[{\"@type\":\"WebSite\",\"@id\":\"https:\/\/www.vivez-nature.com\/paris\/#website\",\"url\":\"https:\/\/www.vivez-nature.com\/paris\/\",\"name\":\"VIVEZ NATURE PARIS\",\"description\":\"Salon Bio Nature et Bien-\u00eatre\",\"potentialAction\":[{\"@type\":\"SearchAction\",\"target\":{\"@type\":\"EntryPoint\",\"urlTemplate\":\"https:\/\/www.vivez-nature.com\/paris\/?s={search_term_string}\"},\"query-input\":\"required name=search_term_string\"}],\"inLanguage\":\"fr-FR\"},{\"@type\":\"WebPage\",\"@id\":\"https:\/\/www.vivez-nature.com\/paris\/programme-du-salon\/ateliers-pratiques\/ateliers-pratiques\/#webpage\",\"url\":\"https:\/\/www.vivez-nature.com\/paris\/programme-du-salon\/ateliers-pratiques\/ateliers-pratiques\/\",\"name\":\"Les ateliers de Vivez Nature - Janvier 2018 - VIVEZ NATURE PARIS\",\"isPartOf\":{\"@id\":\"https:\/\/www.vivez-nature.com\/paris\/#website\"},\"datePublished\":\"2018-04-19T14:42:18+00:00\",\"dateModified\":\"2018-04-19T14:42:18+00:00\",\"breadcrumb\":{\"@id\":\"https:\/\/www.vivez-nature.com\/paris\/programme-du-salon\/ateliers-pratiques\/ateliers-pratiques\/#breadcrumb\"},\"inLanguage\":\"fr-FR\",\"potentialAction\":[{\"@type\":\"ReadAction\",\"target\":[\"https:\/\/www.vivez-nature.com\/paris\/programme-du-salon\/ateliers-pratiques\/ateliers-pratiques\/\"]}]},{\"@type\":\"BreadcrumbList\",\"@id\":\"https:\/\/www.vivez-nature.com\/paris\/programme-du-salon\/ateliers-pratiques\/ateliers-pratiques\/#breadcrumb\",\"itemListElement\":[{\"@type\":\"ListItem\",\"position\":1,\"name\":\"Accueil\",\"item\":\"https:\/\/www.vivez-nature.com\/paris\/\"},{\"@type\":\"ListItem\",\"position\":2,\"name\":\"Programme du salon\",\"item\":\"https:\/\/www.vivez-nature.com\/paris\/programme-du-salon\/\"},{\"@type\":\"ListItem\",\"position\":3,\"name\":\"Les ateliers Pratiques\",\"item\":\"https:\/\/www.vivez-nature.com\/paris\/programme-du-salon\/ateliers-pratiques\/\"},{\"@type\":\"ListItem\",\"position\":4,\"name\":\"Les ateliers de Vivez Nature &#8211; Janvier 2018\"}]}]}<\/script>\n<!-- \/ Yoast SEO plugin. -->","yoast_head_json":{"title":"Les ateliers de Vivez Nature - Janvier 2018 - VIVEZ NATURE PARIS","robots":{"index":"index","follow":"follow","max-snippet":"max-snippet:-1","max-image-preview":"max-image-preview:large","max-video-preview":"max-video-preview:-1"},"canonical":"https:\/\/www.vivez-nature.com\/paris\/programme-du-salon\/ateliers-pratiques\/ateliers-pratiques\/","og_locale":"fr_FR","og_type":"article","og_title":"Les ateliers de Vivez Nature - Janvier 2018 - VIVEZ NATURE PARIS","og_description":"Programmes des ateliers 2018 \u00a0 Vendredi 26 janvier 11h : L\u2019Omnicuiseur Vitalit\u00e9 au service des recommandations nutritionnelles Avec Solveig Darrigo-Dartinet, Di\u00e9t\u00e9ticienne-Nutritionniste\u00a0 \u00a0 12h : Les ondes \u00e9lectromagn\u00e9tiques et la sant\u00e9. Moyen efficace de se prot\u00e9ger Avec Denis Munier, Electrosmog Protection \u00a0 13h : Les min\u00e9raux dans notre vie et nos lieux de vie. G\u00e9ologie, Gemmologie,&hellip;","og_url":"https:\/\/www.vivez-nature.com\/paris\/programme-du-salon\/ateliers-pratiques\/ateliers-pratiques\/","og_site_name":"VIVEZ NATURE PARIS","twitter_card":"summary_large_image","twitter_misc":{"Dur\u00e9e de lecture estim\u00e9e":"3 minutes"},"schema":{"@context":"https:\/\/schema.org","@graph":[{"@type":"WebSite","@id":"https:\/\/www.vivez-nature.com\/paris\/#website","url":"https:\/\/www.vivez-nature.com\/paris\/","name":"VIVEZ NATURE PARIS","description":"Salon Bio Nature et Bien-\u00eatre","potentialAction":[{"@type":"SearchAction","target":{"@type":"EntryPoint","urlTemplate":"https:\/\/www.vivez-nature.com\/paris\/?s={search_term_string}"},"query-input":"required name=search_term_string"}],"inLanguage":"fr-FR"},{"@type":"WebPage","@id":"https:\/\/www.vivez-nature.com\/paris\/programme-du-salon\/ateliers-pratiques\/ateliers-pratiques\/#webpage","url":"https:\/\/www.vivez-nature.com\/paris\/programme-du-salon\/ateliers-pratiques\/ateliers-pratiques\/","name":"Les ateliers de Vivez Nature - Janvier 2018 - VIVEZ NATURE PARIS","isPartOf":{"@id":"https:\/\/www.vivez-nature.com\/paris\/#website"},"datePublished":"2018-04-19T14:42:18+00:00","dateModified":"2018-04-19T14:42:18+00:00","breadcrumb":{"@id":"https:\/\/www.vivez-nature.com\/paris\/programme-du-salon\/ateliers-pratiques\/ateliers-pratiques\/#breadcrumb"},"inLanguage":"fr-FR","potentialAction":[{"@type":"ReadAction","target":["https:\/\/www.vivez-nature.com\/paris\/programme-du-salon\/ateliers-pratiques\/ateliers-pratiques\/"]}]},{"@type":"BreadcrumbList","@id":"https:\/\/www.vivez-nature.com\/paris\/programme-du-salon\/ateliers-pratiques\/ateliers-pratiques\/#breadcrumb","itemListElement":[{"@type":"ListItem","position":1,"name":"Accueil","item":"https:\/\/www.vivez-nature.com\/paris\/"},{"@type":"ListItem","position":2,"name":"Programme du salon","item":"https:\/\/www.vivez-nature.com\/paris\/programme-du-salon\/"},{"@type":"ListItem","position":3,"name":"Les ateliers Pratiques","item":"https:\/\/www.vivez-nature.com\/paris\/programme-du-salon\/ateliers-pratiques\/"},{"@type":"ListItem","position":4,"name":"Les ateliers de Vivez Nature &#8211; Janvier 2018"}]}]}},"_links":{"self":[{"href":"https:\/\/www.vivez-nature.com\/paris\/wp-json\/wp\/v2\/pages\/4598"}],"collection":[{"href":"https:\/\/www.vivez-nature.com\/paris\/wp-json\/wp\/v2\/pages"}],"about":[{"href":"https:\/\/www.vivez-nature.com\/paris\/wp-json\/wp\/v2\/types\/page"}],"author":[{"embeddable":true,"href":"https:\/\/www.vivez-nature.com\/paris\/wp-json\/wp\/v2\/users\/1"}],"replies":[{"embeddable":true,"href":"https:\/\/www.vivez-nature.com\/paris\/wp-json\/wp\/v2\/comments?post=4598"}],"version-history":[{"count":1,"href":"https:\/\/www.vivez-nature.com\/paris\/wp-json\/wp\/v2\/pages\/4598\/revisions"}],"predecessor-version":[{"id":4599,"href":"https:\/\/www.vivez-nature.com\/paris\/wp-json\/wp\/v2\/pages\/4598\/revisions\/4599"}],"up":[{"embeddable":true,"href":"https:\/\/www.vivez-nature.com\/paris\/wp-json\/wp\/v2\/pages\/3859"}],"wp:attachment":[{"href":"https:\/\/www.vivez-nature.com\/paris\/wp-json\/wp\/v2\/media?parent=4598"}],"curies":[{"name":"wp","href":"https:\/\/api.w.org\/{rel}","templated":true}]}}