{"id":4700,"date":"2018-05-07T14:39:52","date_gmt":"2018-05-07T12:39:52","guid":{"rendered":"https:\/\/www.vivez-nature.com\/paris\/?page_id=4700"},"modified":"2019-12-13T12:01:18","modified_gmt":"2019-12-13T11:01:18","slug":"les-ateliers-cuisine-sante","status":"publish","type":"page","link":"https:\/\/www.vivez-nature.com\/paris\/les-ateliers-cuisine-sante\/","title":{"rendered":"Les ateliers cuisine"},"content":{"rendered":"<h2><img class=\"\" src=\"https:\/\/www.vivez-nature.com\/paris\/wp-content\/uploads\/sites\/4\/2018\/10\/Fotolia_82048572_Subscription_Monthly_M.jpg\" width=\"653\" height=\"250\" \/><\/h2>\n<p><strong>Pr\u00e9-inscription sur place, salle 2, au milieu de l&rsquo;all\u00e9e D<\/strong><\/p>\n<h2><strong>VENDREDI 25 JANVIER 2019<\/strong><\/h2>\n<p><span style=\"color: #0000ff;\"><strong><span class=\"s1\">11h00\u00a0<\/span><\/strong><\/span>Le chanvre\u00a0: sant\u00e9, nutrition, agrobiologie. La bombe verte, maintenant.<br \/>\n<span style=\"color: #333333;\"><span class=\"s1\">LCHANVRE <\/span><\/span><\/p>\n<p class=\"p1\"><span style=\"color: #0000ff;\"><strong><span class=\"s1\">12h30 <\/span><\/strong><\/span>Cuisson basse temp\u00e9rature : de l\u2019entr\u00e9e au dessert en une seule cuisson. <br \/>\nL\u2019OMNICUISEUR VITALIT\u00c9<\/p>\n<p class=\"p1\"><strong><span class=\"s1\" style=\"color: #0000ff;\">15h30 <\/span><\/strong>Cuisson basse temp\u00e9rature : de l\u2019entr\u00e9e au dessert en une seule cuisson. <br \/>\nL\u2019OMNICUISEUR VITALIT\u00c9<\/p>\n<p>&nbsp;<\/p>\n<h2><strong>SAMEDI 26 JANVIER 2019<\/strong><\/h2>\n<p class=\"p1\"><strong><span class=\"s1\" style=\"color: #0000ff;\">11h00 <\/span><\/strong>Cuisiner en herbes. <br \/>\nATELIER VILLETTE &#8211; Participation de 2\u20ac<\/p>\n<p class=\"p1\"><strong><span class=\"s1\" style=\"color: #0000ff;\">12h30 <\/span><\/strong>Cuisson basse temp\u00e9rature : de l\u2019entr\u00e9e au dessert en une seule cuisson.<br \/>\nL\u2019OMNICUISEUR VITALIT\u00c9<\/p>\n<p><span style=\"color: #0000ff;\"><strong>13h30\u00a0 <\/strong><\/span>Recettes aux superaliments : rapides, \u00e9nergisantes et super gourmandes !\u00a0Banana A\u00e7a\u00ef, Caviar de Spiruline, D\u00e9lice de cacao&#8230;<br \/>\nSOL SEMILLA\u00a0<\/p>\n<p class=\"p1\"><strong><span class=\"s1\" style=\"color: #0000ff;\">14h30 <\/span><\/strong>Cuisson basse temp\u00e9rature : de l\u2019entr\u00e9e au dessert en une seule cuisson. <br \/>\nL\u2019OMNICUISEUR VITALIT\u00c9<\/p>\n<p><strong><span class=\"s1\" style=\"color: #0000ff;\">17h30 <\/span><\/strong>Le miso sous toutes ses formes.<br \/>\nSen\u00eat WEBER<\/p>\n<p>&nbsp;<\/p>\n<h2><strong>DIMANCHE 27 JANVIER 2019<\/strong><\/h2>\n<p class=\"p1\"><strong><span class=\"s1\" style=\"color: #0000ff;\">11h30 <\/span><\/strong>Comment cr\u00e9er l\u2019\u00e9quilibre dans l\u2019assiette : d\u00e9monstration de l\u2019art culinaire macrobiotique. <br \/>\n<span class=\"s2\">Flora LAURENT<\/span><\/p>\n<p class=\"p1\"><strong><span class=\"s1\" style=\"color: #0000ff;\">12h30 <\/span><\/strong>Cuisson basse temp\u00e9rature : de l\u2019entr\u00e9e au dessert en une seule cuisson. <br \/>\nL\u2019OMNICUISEUR VITALIT\u00c9<\/p>\n<p><strong><span class=\"s1\" style=\"color: #0000ff;\">13h30 <\/span><\/strong>Plaisir et sant\u00e9 en un coup de cuill\u00e8re \u00e0 pot.<br \/>\nAnne-Laure POTHIN<\/p>\n<p class=\"p1\"><strong><span class=\"s1\" style=\"color: #0000ff;\">14h30 <\/span><\/strong>Cuisson basse temp\u00e9rature : de l\u2019entr\u00e9e au dessert en une seule cuisson. <br \/>\nL\u2019OMNICUISEUR VITALIT\u00c9<\/p>\n<p class=\"p1\"><strong><span class=\"s1\" style=\"color: #0000ff;\">15h30 <\/span><\/strong>Desserts macrobiotiques aux fruits frais de saison, sans sucre ni produits laitiers. <br \/>\nPamela WEBER<\/p>\n<p>&nbsp;<\/p>\n<h2><strong>LUNDI 28 JANVIER 2019<\/strong><\/h2>\n<p class=\"p1\"><strong><span class=\"s1\" style=\"color: #0000ff;\">11h00 <\/span><\/strong>Cuisson basse temp\u00e9rature : de l\u2019entr\u00e9e au dessert en une seule cuisson. <br \/>\nL\u2019OMNICUISEUR VITALIT\u00c9<\/p>\n<p class=\"p1\"><strong><span class=\"s1\" style=\"color: #0000ff;\">14h30 <\/span><\/strong>Cuisson basse temp\u00e9rature : de l\u2019entr\u00e9e au dessert en une seule cuisson. <br \/>\nL\u2019OMNICUISEUR VITALIT\u00c9<\/p>\n<p>&nbsp;<\/p>\n<p>&nbsp;<\/p>\n","protected":false},"excerpt":{"rendered":"<p>Pr\u00e9-inscription sur place, salle 2, au milieu de l&rsquo;all\u00e9e D VENDREDI 25 JANVIER 2019 11h00\u00a0Le chanvre\u00a0: sant\u00e9, nutrition, agrobiologie. La bombe verte, maintenant. LCHANVRE 12h30 Cuisson basse temp\u00e9rature : de l\u2019entr\u00e9e au dessert en une seule cuisson. L\u2019OMNICUISEUR VITALIT\u00c9 15h30 Cuisson basse temp\u00e9rature : de l\u2019entr\u00e9e au dessert en une seule cuisson. L\u2019OMNICUISEUR VITALIT\u00c9 &nbsp;&hellip; <\/p>\n","protected":false},"author":1,"featured_media":0,"parent":0,"menu_order":0,"comment_status":"closed","ping_status":"closed","template":"","meta":{"_monsterinsights_skip_tracking":false,"_monsterinsights_sitenote_active":false,"_monsterinsights_sitenote_note":"","_monsterinsights_sitenote_category":0},"yoast_head":"<!-- This site is optimized with the Yoast SEO plugin v19.0 - https:\/\/yoast.com\/wordpress\/plugins\/seo\/ -->\n<title>Les ateliers cuisine - VIVEZ NATURE PARIS<\/title>\n<meta name=\"robots\" content=\"index, follow, max-snippet:-1, max-image-preview:large, max-video-preview:-1\" \/>\n<link rel=\"canonical\" href=\"https:\/\/www.vivez-nature.com\/paris\/les-ateliers-cuisine-sante\/\" \/>\n<meta property=\"og:locale\" content=\"fr_FR\" \/>\n<meta property=\"og:type\" content=\"article\" \/>\n<meta property=\"og:title\" content=\"Les ateliers cuisine - VIVEZ NATURE PARIS\" \/>\n<meta property=\"og:description\" content=\"Pr\u00e9-inscription sur place, salle 2, au milieu de l&rsquo;all\u00e9e D VENDREDI 25 JANVIER 2019 11h00\u00a0Le chanvre\u00a0: sant\u00e9, nutrition, agrobiologie. La bombe verte, maintenant. LCHANVRE 12h30 Cuisson basse temp\u00e9rature : de l\u2019entr\u00e9e au dessert en une seule cuisson. L\u2019OMNICUISEUR VITALIT\u00c9 15h30 Cuisson basse temp\u00e9rature : de l\u2019entr\u00e9e au dessert en une seule cuisson. L\u2019OMNICUISEUR VITALIT\u00c9 &nbsp;&hellip;\" \/>\n<meta property=\"og:url\" content=\"https:\/\/www.vivez-nature.com\/paris\/les-ateliers-cuisine-sante\/\" \/>\n<meta property=\"og:site_name\" content=\"VIVEZ NATURE PARIS\" \/>\n<meta property=\"article:modified_time\" content=\"2019-12-13T11:01:18+00:00\" \/>\n<meta property=\"og:image\" content=\"https:\/\/www.vivez-nature.com\/paris\/wp-content\/uploads\/sites\/4\/2018\/10\/Fotolia_82048572_Subscription_Monthly_M.jpg\" \/>\n<meta name=\"twitter:card\" content=\"summary_large_image\" \/>\n<meta name=\"twitter:label1\" content=\"Dur\u00e9e de lecture estim\u00e9e\" \/>\n\t<meta name=\"twitter:data1\" content=\"1 minute\" \/>\n<script type=\"application\/ld+json\" class=\"yoast-schema-graph\">{\"@context\":\"https:\/\/schema.org\",\"@graph\":[{\"@type\":\"WebSite\",\"@id\":\"https:\/\/www.vivez-nature.com\/paris\/#website\",\"url\":\"https:\/\/www.vivez-nature.com\/paris\/\",\"name\":\"VIVEZ NATURE PARIS\",\"description\":\"Salon Bio Nature et Bien-\u00eatre\",\"potentialAction\":[{\"@type\":\"SearchAction\",\"target\":{\"@type\":\"EntryPoint\",\"urlTemplate\":\"https:\/\/www.vivez-nature.com\/paris\/?s={search_term_string}\"},\"query-input\":\"required name=search_term_string\"}],\"inLanguage\":\"fr-FR\"},{\"@type\":\"ImageObject\",\"inLanguage\":\"fr-FR\",\"@id\":\"https:\/\/www.vivez-nature.com\/paris\/les-ateliers-cuisine-sante\/#primaryimage\",\"url\":\"https:\/\/www.vivez-nature.com\/paris\/wp-content\/uploads\/sites\/4\/2018\/10\/Fotolia_82048572_Subscription_Monthly_M.jpg\",\"contentUrl\":\"https:\/\/www.vivez-nature.com\/paris\/wp-content\/uploads\/sites\/4\/2018\/10\/Fotolia_82048572_Subscription_Monthly_M.jpg\",\"width\":499,\"height\":191,\"caption\":\"Analysing food, pesticides free vegetables\"},{\"@type\":\"WebPage\",\"@id\":\"https:\/\/www.vivez-nature.com\/paris\/les-ateliers-cuisine-sante\/#webpage\",\"url\":\"https:\/\/www.vivez-nature.com\/paris\/les-ateliers-cuisine-sante\/\",\"name\":\"Les ateliers cuisine - VIVEZ NATURE PARIS\",\"isPartOf\":{\"@id\":\"https:\/\/www.vivez-nature.com\/paris\/#website\"},\"primaryImageOfPage\":{\"@id\":\"https:\/\/www.vivez-nature.com\/paris\/les-ateliers-cuisine-sante\/#primaryimage\"},\"datePublished\":\"2018-05-07T12:39:52+00:00\",\"dateModified\":\"2019-12-13T11:01:18+00:00\",\"breadcrumb\":{\"@id\":\"https:\/\/www.vivez-nature.com\/paris\/les-ateliers-cuisine-sante\/#breadcrumb\"},\"inLanguage\":\"fr-FR\",\"potentialAction\":[{\"@type\":\"ReadAction\",\"target\":[\"https:\/\/www.vivez-nature.com\/paris\/les-ateliers-cuisine-sante\/\"]}]},{\"@type\":\"BreadcrumbList\",\"@id\":\"https:\/\/www.vivez-nature.com\/paris\/les-ateliers-cuisine-sante\/#breadcrumb\",\"itemListElement\":[{\"@type\":\"ListItem\",\"position\":1,\"name\":\"Accueil\",\"item\":\"https:\/\/www.vivez-nature.com\/paris\/\"},{\"@type\":\"ListItem\",\"position\":2,\"name\":\"Les ateliers cuisine\"}]}]}<\/script>\n<!-- \/ Yoast SEO plugin. -->","yoast_head_json":{"title":"Les ateliers cuisine - VIVEZ NATURE PARIS","robots":{"index":"index","follow":"follow","max-snippet":"max-snippet:-1","max-image-preview":"max-image-preview:large","max-video-preview":"max-video-preview:-1"},"canonical":"https:\/\/www.vivez-nature.com\/paris\/les-ateliers-cuisine-sante\/","og_locale":"fr_FR","og_type":"article","og_title":"Les ateliers cuisine - VIVEZ NATURE PARIS","og_description":"Pr\u00e9-inscription sur place, salle 2, au milieu de l&rsquo;all\u00e9e D VENDREDI 25 JANVIER 2019 11h00\u00a0Le chanvre\u00a0: sant\u00e9, nutrition, agrobiologie. La bombe verte, maintenant. LCHANVRE 12h30 Cuisson basse temp\u00e9rature : de l\u2019entr\u00e9e au dessert en une seule cuisson. L\u2019OMNICUISEUR VITALIT\u00c9 15h30 Cuisson basse temp\u00e9rature : de l\u2019entr\u00e9e au dessert en une seule cuisson. L\u2019OMNICUISEUR VITALIT\u00c9 &nbsp;&hellip;","og_url":"https:\/\/www.vivez-nature.com\/paris\/les-ateliers-cuisine-sante\/","og_site_name":"VIVEZ NATURE PARIS","article_modified_time":"2019-12-13T11:01:18+00:00","og_image":[{"url":"https:\/\/www.vivez-nature.com\/paris\/wp-content\/uploads\/sites\/4\/2018\/10\/Fotolia_82048572_Subscription_Monthly_M.jpg"}],"twitter_card":"summary_large_image","twitter_misc":{"Dur\u00e9e de lecture estim\u00e9e":"1 minute"},"schema":{"@context":"https:\/\/schema.org","@graph":[{"@type":"WebSite","@id":"https:\/\/www.vivez-nature.com\/paris\/#website","url":"https:\/\/www.vivez-nature.com\/paris\/","name":"VIVEZ NATURE PARIS","description":"Salon Bio Nature et Bien-\u00eatre","potentialAction":[{"@type":"SearchAction","target":{"@type":"EntryPoint","urlTemplate":"https:\/\/www.vivez-nature.com\/paris\/?s={search_term_string}"},"query-input":"required name=search_term_string"}],"inLanguage":"fr-FR"},{"@type":"ImageObject","inLanguage":"fr-FR","@id":"https:\/\/www.vivez-nature.com\/paris\/les-ateliers-cuisine-sante\/#primaryimage","url":"https:\/\/www.vivez-nature.com\/paris\/wp-content\/uploads\/sites\/4\/2018\/10\/Fotolia_82048572_Subscription_Monthly_M.jpg","contentUrl":"https:\/\/www.vivez-nature.com\/paris\/wp-content\/uploads\/sites\/4\/2018\/10\/Fotolia_82048572_Subscription_Monthly_M.jpg","width":499,"height":191,"caption":"Analysing food, pesticides free vegetables"},{"@type":"WebPage","@id":"https:\/\/www.vivez-nature.com\/paris\/les-ateliers-cuisine-sante\/#webpage","url":"https:\/\/www.vivez-nature.com\/paris\/les-ateliers-cuisine-sante\/","name":"Les ateliers cuisine - VIVEZ NATURE PARIS","isPartOf":{"@id":"https:\/\/www.vivez-nature.com\/paris\/#website"},"primaryImageOfPage":{"@id":"https:\/\/www.vivez-nature.com\/paris\/les-ateliers-cuisine-sante\/#primaryimage"},"datePublished":"2018-05-07T12:39:52+00:00","dateModified":"2019-12-13T11:01:18+00:00","breadcrumb":{"@id":"https:\/\/www.vivez-nature.com\/paris\/les-ateliers-cuisine-sante\/#breadcrumb"},"inLanguage":"fr-FR","potentialAction":[{"@type":"ReadAction","target":["https:\/\/www.vivez-nature.com\/paris\/les-ateliers-cuisine-sante\/"]}]},{"@type":"BreadcrumbList","@id":"https:\/\/www.vivez-nature.com\/paris\/les-ateliers-cuisine-sante\/#breadcrumb","itemListElement":[{"@type":"ListItem","position":1,"name":"Accueil","item":"https:\/\/www.vivez-nature.com\/paris\/"},{"@type":"ListItem","position":2,"name":"Les ateliers cuisine"}]}]}},"_links":{"self":[{"href":"https:\/\/www.vivez-nature.com\/paris\/wp-json\/wp\/v2\/pages\/4700"}],"collection":[{"href":"https:\/\/www.vivez-nature.com\/paris\/wp-json\/wp\/v2\/pages"}],"about":[{"href":"https:\/\/www.vivez-nature.com\/paris\/wp-json\/wp\/v2\/types\/page"}],"author":[{"embeddable":true,"href":"https:\/\/www.vivez-nature.com\/paris\/wp-json\/wp\/v2\/users\/1"}],"replies":[{"embeddable":true,"href":"https:\/\/www.vivez-nature.com\/paris\/wp-json\/wp\/v2\/comments?post=4700"}],"version-history":[{"count":18,"href":"https:\/\/www.vivez-nature.com\/paris\/wp-json\/wp\/v2\/pages\/4700\/revisions"}],"predecessor-version":[{"id":6306,"href":"https:\/\/www.vivez-nature.com\/paris\/wp-json\/wp\/v2\/pages\/4700\/revisions\/6306"}],"wp:attachment":[{"href":"https:\/\/www.vivez-nature.com\/paris\/wp-json\/wp\/v2\/media?parent=4700"}],"curies":[{"name":"wp","href":"https:\/\/api.w.org\/{rel}","templated":true}]}}