{"id":4805,"date":"2018-08-22T16:55:08","date_gmt":"2018-08-22T14:55:08","guid":{"rendered":"https:\/\/www.vivez-nature.com\/paris\/?page_id=4805"},"modified":"2020-06-24T12:37:11","modified_gmt":"2020-06-24T10:37:11","slug":"nos-partenaires-2","status":"publish","type":"page","link":"https:\/\/www.vivez-nature.com\/paris\/presse\/nos-partenaires-2\/","title":{"rendered":"Nos partenaires"},"content":{"rendered":"<h3><a href=\"https:\/\/www.vivez-nature.com\/paris\/?p=5322\">Alterrenat<\/a><\/h3>\n<p>Cr\u00e9\u00e9e en 1999 par des professionnels de la presse ind\u00e9pendante et alternative, Alterrenat Presse assure la diffusion, la r\u00e9gie publicitaire et la communication de nombreux supports\u2026<\/p>\n<h3><a href=\"https:\/\/www.vivez-nature.com\/paris\/?p=5325\">Annuaire Vert<\/a><\/h3>\n<p>Annuaire d\u00e9di\u00e9 aux professionnels et au grand public visant \u00e0 mettre en avant les acteurs du secteur et leurs produits.<\/p>\n<h3><a href=\"https:\/\/www.vivez-nature.com\/paris\/presse\/nos-partenaires-2\/bioaddict\/\">Bioaddict<\/a><\/h3>\n<p>Bioaddict.fr est un journal grand public gratuit sp\u00e9cialis\u00e9 sur les domaines du bio, de l\u2019\u00e9cologie et du d\u00e9veloppement durable.<\/p>\n<h3><a href=\"https:\/\/www.vivez-nature.com\/paris\/presse\/nos-partenaires-2\/bio-contact\/\">Biocontact<\/a><\/h3>\n<p>Mensuel gratuit distribu\u00e9 dans les magasins de produits biologiques.\u00a0<\/p>\n<h3><a href=\"https:\/\/www.vivez-nature.com\/paris\/presse\/nos-partenaires-2\/c-news\/\">C News\u00a0<\/a><\/h3>\n<p>Monde, France, foot, people, insolite, lifestyle, web\u2026 Retrouvez le meilleur de l&rsquo;<wbr \/>actu sur <em>CNEWS<\/em>.<\/p>\n<h3><a href=\"https:\/\/www.vivez-nature.com\/paris\/presse\/nos-partenaires-2\/le-blog-bio\/\">Le blog Bio<\/a><\/h3>\n<p>LeBlogBio.fr partage des astuces, des id\u00e9es, des trouvailles pour adopter (ou d\u00e9couvrir) une vie bio, saine, z\u00e9ro d\u00e9chet.<\/p>\n<h3><a href=\"https:\/\/www.vivez-nature.com\/paris\/presse\/nos-partenaires-2\/la-ruche-qui-dit-oui\/\">La Ruche qui dit Oui<\/a><\/h3>\n<p>Mise en relation entre les producteurs locaux et les consommateurs.\u00a0<\/p>\n<h3><a href=\"https:\/\/www.vivez-nature.com\/paris\/presse\/nos-partenaires-2\/la-villette\/\">La Villette<\/a><\/h3>\n<p>Parc culturel parisien<\/p>\n<h3><a href=\"https:\/\/www.vivez-nature.com\/paris\/presse\/nos-partenaires-2\/ecolomag\/\">L&rsquo;Ecolomag<\/a><\/h3>\n<p>Le gratuit des \u00e9colopratiques.<\/p>\n<h3><a href=\"https:\/\/www.vivez-nature.com\/paris\/presse\/nos-partenaires-2\/mouvement-up\/\">Mouvement Up<\/a><\/h3>\n<p>Mouvement UP est un nouveau cross-m\u00e9dia d\u2019information de solutions qui s\u2019adresse \u00e0 toutes celles et ceux qui souhaitent innover pour changer la soci\u00e9t\u00e9.<\/p>\n<h3><a href=\"https:\/\/www.vivez-nature.com\/paris\/presse\/nos-partenaires-2\/paris-friendly\/\">Paris Friendly<\/a><\/h3>\n<p>Site des bons plans gratuits, pas chers ou insolites pour des sorties \u00e0 Paris<\/p>\n<h3><a href=\"https:\/\/www.vivez-nature.com\/paris\/?p=5327\">Sevellia<\/a><\/h3>\n<p>Sevellia est une nouvelle place de march\u00e9 en ligne, sp\u00e9cialis\u00e9e en produits bio, naturels et \u00e9cologiques. Vous y trouverez nombre de produits vendus directement par les producteurs et artisans pour consommer autrement : Alimentation bio, habitat sain, cosm\u00e9tiques bio, bien-\u00eatre et sant\u00e9 au naturel, compl\u00e9ments alimentaires, mode \u00e9thique\u2026<\/p>\n<p>&nbsp;<\/p>\n","protected":false},"excerpt":{"rendered":"<p>Alterrenat Cr\u00e9\u00e9e en 1999 par des professionnels de la presse ind\u00e9pendante et alternative, Alterrenat Presse assure la diffusion, la r\u00e9gie publicitaire et la communication de nombreux supports\u2026 Annuaire Vert Annuaire d\u00e9di\u00e9 aux professionnels et au grand public visant \u00e0 mettre en avant les acteurs du secteur et leurs produits. Bioaddict Bioaddict.fr est un journal grand&hellip; <\/p>\n","protected":false},"author":1,"featured_media":0,"parent":2091,"menu_order":0,"comment_status":"closed","ping_status":"closed","template":"","meta":{"_monsterinsights_skip_tracking":false,"_monsterinsights_sitenote_active":false,"_monsterinsights_sitenote_note":"","_monsterinsights_sitenote_category":0},"yoast_head":"<!-- This site is optimized with the Yoast SEO plugin v19.0 - https:\/\/yoast.com\/wordpress\/plugins\/seo\/ -->\n<title>Nos partenaires - VIVEZ NATURE PARIS<\/title>\n<meta name=\"robots\" content=\"index, follow, max-snippet:-1, max-image-preview:large, max-video-preview:-1\" \/>\n<link rel=\"canonical\" href=\"https:\/\/www.vivez-nature.com\/paris\/presse\/nos-partenaires-2\/\" \/>\n<meta property=\"og:locale\" content=\"fr_FR\" \/>\n<meta property=\"og:type\" content=\"article\" \/>\n<meta property=\"og:title\" content=\"Nos partenaires - VIVEZ NATURE PARIS\" \/>\n<meta property=\"og:description\" content=\"Alterrenat Cr\u00e9\u00e9e en 1999 par des professionnels de la presse ind\u00e9pendante et alternative, Alterrenat Presse assure la diffusion, la r\u00e9gie publicitaire et la communication de nombreux supports\u2026 Annuaire Vert Annuaire d\u00e9di\u00e9 aux professionnels et au grand public visant \u00e0 mettre en avant les acteurs du secteur et leurs produits. Bioaddict Bioaddict.fr est un journal grand&hellip;\" \/>\n<meta property=\"og:url\" content=\"https:\/\/www.vivez-nature.com\/paris\/presse\/nos-partenaires-2\/\" \/>\n<meta property=\"og:site_name\" content=\"VIVEZ NATURE PARIS\" \/>\n<meta property=\"article:modified_time\" content=\"2020-06-24T10:37:11+00:00\" \/>\n<meta name=\"twitter:card\" content=\"summary_large_image\" \/>\n<meta name=\"twitter:label1\" content=\"Dur\u00e9e de lecture estim\u00e9e\" \/>\n\t<meta name=\"twitter:data1\" content=\"1 minute\" \/>\n<script type=\"application\/ld+json\" class=\"yoast-schema-graph\">{\"@context\":\"https:\/\/schema.org\",\"@graph\":[{\"@type\":\"WebSite\",\"@id\":\"https:\/\/www.vivez-nature.com\/paris\/#website\",\"url\":\"https:\/\/www.vivez-nature.com\/paris\/\",\"name\":\"VIVEZ NATURE PARIS\",\"description\":\"Salon Bio Nature et Bien-\u00eatre\",\"potentialAction\":[{\"@type\":\"SearchAction\",\"target\":{\"@type\":\"EntryPoint\",\"urlTemplate\":\"https:\/\/www.vivez-nature.com\/paris\/?s={search_term_string}\"},\"query-input\":\"required name=search_term_string\"}],\"inLanguage\":\"fr-FR\"},{\"@type\":\"WebPage\",\"@id\":\"https:\/\/www.vivez-nature.com\/paris\/presse\/nos-partenaires-2\/#webpage\",\"url\":\"https:\/\/www.vivez-nature.com\/paris\/presse\/nos-partenaires-2\/\",\"name\":\"Nos partenaires - VIVEZ NATURE PARIS\",\"isPartOf\":{\"@id\":\"https:\/\/www.vivez-nature.com\/paris\/#website\"},\"datePublished\":\"2018-08-22T14:55:08+00:00\",\"dateModified\":\"2020-06-24T10:37:11+00:00\",\"breadcrumb\":{\"@id\":\"https:\/\/www.vivez-nature.com\/paris\/presse\/nos-partenaires-2\/#breadcrumb\"},\"inLanguage\":\"fr-FR\",\"potentialAction\":[{\"@type\":\"ReadAction\",\"target\":[\"https:\/\/www.vivez-nature.com\/paris\/presse\/nos-partenaires-2\/\"]}]},{\"@type\":\"BreadcrumbList\",\"@id\":\"https:\/\/www.vivez-nature.com\/paris\/presse\/nos-partenaires-2\/#breadcrumb\",\"itemListElement\":[{\"@type\":\"ListItem\",\"position\":1,\"name\":\"Accueil\",\"item\":\"https:\/\/www.vivez-nature.com\/paris\/\"},{\"@type\":\"ListItem\",\"position\":2,\"name\":\"Presse et partenaires\",\"item\":\"https:\/\/www.vivez-nature.com\/paris\/presse\/\"},{\"@type\":\"ListItem\",\"position\":3,\"name\":\"Nos partenaires\"}]}]}<\/script>\n<!-- \/ Yoast SEO plugin. -->","yoast_head_json":{"title":"Nos partenaires - VIVEZ NATURE PARIS","robots":{"index":"index","follow":"follow","max-snippet":"max-snippet:-1","max-image-preview":"max-image-preview:large","max-video-preview":"max-video-preview:-1"},"canonical":"https:\/\/www.vivez-nature.com\/paris\/presse\/nos-partenaires-2\/","og_locale":"fr_FR","og_type":"article","og_title":"Nos partenaires - VIVEZ NATURE PARIS","og_description":"Alterrenat Cr\u00e9\u00e9e en 1999 par des professionnels de la presse ind\u00e9pendante et alternative, Alterrenat Presse assure la diffusion, la r\u00e9gie publicitaire et la communication de nombreux supports\u2026 Annuaire Vert Annuaire d\u00e9di\u00e9 aux professionnels et au grand public visant \u00e0 mettre en avant les acteurs du secteur et leurs produits. Bioaddict Bioaddict.fr est un journal grand&hellip;","og_url":"https:\/\/www.vivez-nature.com\/paris\/presse\/nos-partenaires-2\/","og_site_name":"VIVEZ NATURE PARIS","article_modified_time":"2020-06-24T10:37:11+00:00","twitter_card":"summary_large_image","twitter_misc":{"Dur\u00e9e de lecture estim\u00e9e":"1 minute"},"schema":{"@context":"https:\/\/schema.org","@graph":[{"@type":"WebSite","@id":"https:\/\/www.vivez-nature.com\/paris\/#website","url":"https:\/\/www.vivez-nature.com\/paris\/","name":"VIVEZ NATURE PARIS","description":"Salon Bio Nature et Bien-\u00eatre","potentialAction":[{"@type":"SearchAction","target":{"@type":"EntryPoint","urlTemplate":"https:\/\/www.vivez-nature.com\/paris\/?s={search_term_string}"},"query-input":"required name=search_term_string"}],"inLanguage":"fr-FR"},{"@type":"WebPage","@id":"https:\/\/www.vivez-nature.com\/paris\/presse\/nos-partenaires-2\/#webpage","url":"https:\/\/www.vivez-nature.com\/paris\/presse\/nos-partenaires-2\/","name":"Nos partenaires - VIVEZ NATURE PARIS","isPartOf":{"@id":"https:\/\/www.vivez-nature.com\/paris\/#website"},"datePublished":"2018-08-22T14:55:08+00:00","dateModified":"2020-06-24T10:37:11+00:00","breadcrumb":{"@id":"https:\/\/www.vivez-nature.com\/paris\/presse\/nos-partenaires-2\/#breadcrumb"},"inLanguage":"fr-FR","potentialAction":[{"@type":"ReadAction","target":["https:\/\/www.vivez-nature.com\/paris\/presse\/nos-partenaires-2\/"]}]},{"@type":"BreadcrumbList","@id":"https:\/\/www.vivez-nature.com\/paris\/presse\/nos-partenaires-2\/#breadcrumb","itemListElement":[{"@type":"ListItem","position":1,"name":"Accueil","item":"https:\/\/www.vivez-nature.com\/paris\/"},{"@type":"ListItem","position":2,"name":"Presse et partenaires","item":"https:\/\/www.vivez-nature.com\/paris\/presse\/"},{"@type":"ListItem","position":3,"name":"Nos partenaires"}]}]}},"_links":{"self":[{"href":"https:\/\/www.vivez-nature.com\/paris\/wp-json\/wp\/v2\/pages\/4805"}],"collection":[{"href":"https:\/\/www.vivez-nature.com\/paris\/wp-json\/wp\/v2\/pages"}],"about":[{"href":"https:\/\/www.vivez-nature.com\/paris\/wp-json\/wp\/v2\/types\/page"}],"author":[{"embeddable":true,"href":"https:\/\/www.vivez-nature.com\/paris\/wp-json\/wp\/v2\/users\/1"}],"replies":[{"embeddable":true,"href":"https:\/\/www.vivez-nature.com\/paris\/wp-json\/wp\/v2\/comments?post=4805"}],"version-history":[{"count":22,"href":"https:\/\/www.vivez-nature.com\/paris\/wp-json\/wp\/v2\/pages\/4805\/revisions"}],"predecessor-version":[{"id":6973,"href":"https:\/\/www.vivez-nature.com\/paris\/wp-json\/wp\/v2\/pages\/4805\/revisions\/6973"}],"up":[{"embeddable":true,"href":"https:\/\/www.vivez-nature.com\/paris\/wp-json\/wp\/v2\/pages\/2091"}],"wp:attachment":[{"href":"https:\/\/www.vivez-nature.com\/paris\/wp-json\/wp\/v2\/media?parent=4805"}],"curies":[{"name":"wp","href":"https:\/\/api.w.org\/{rel}","templated":true}]}}