{"id":5327,"date":"2018-10-30T12:11:48","date_gmt":"2018-10-30T11:11:48","guid":{"rendered":"https:\/\/www.vivez-nature.com\/paris\/?page_id=5327"},"modified":"2018-10-30T12:11:48","modified_gmt":"2018-10-30T11:11:48","slug":"sevellia","status":"publish","type":"page","link":"https:\/\/www.vivez-nature.com\/paris\/presse\/nos-partenaires-2\/sevellia\/","title":{"rendered":"Sevellia"},"content":{"rendered":"<p><img class=\"alignnone wp-image-4303\" src=\"http:\/\/www.salon-marjolaine.com\/wp-content\/uploads\/2017\/04\/sevellia-1-150-x-100.png\" alt=\"\" width=\"200\" height=\"133\" \/><\/p>\n<p>Sevellia est une nouvelle place de march\u00e9 en ligne, sp\u00e9cialis\u00e9e en produits bio, naturels et \u00e9cologiques. Vous y trouverez nombre de produits vendus directement par les producteurs et artisans pour consommer autrement : Alimentation bio, habitat sain, cosm\u00e9tiques bio, bien-\u00eatre et sant\u00e9 au naturel, compl\u00e9ments alimentaires, mode \u00e9thique\u2026<\/p>\n<p>Visiteurs du salon Marjolaine, vous pourrez commander en ligne, et retirer vos produits sur le stand de l&rsquo;exposant. Ou commander des produits apr\u00e8s le salon !<\/p>\n<p>A l\u2019instar des produits que vous trouvez habituellement sur les salons bio et bien-\u00eatre de la Spas, les produits vendus sur Sevellia seront tous obligatoirement issus de l\u2019agriculture biologique (lorsqu\u2019ils existent en bio sur le march\u00e9) et contr\u00f4l\u00e9s par un organisme certificateur.\u00a0La composition des cosm\u00e9tiques sera certifi\u00e9e.<\/p>\n<p>Sevellia est un nouveau service en ligne propos\u00e9 par le premier r\u00e9seau de salons bio &amp; bien-\u00eatre en France<\/p>\n<p>https:\/\/www.sevellia.com\/<\/p>\n<p>&nbsp;<\/p>\n","protected":false},"excerpt":{"rendered":"<p>Sevellia est une nouvelle place de march\u00e9 en ligne, sp\u00e9cialis\u00e9e en produits bio, naturels et \u00e9cologiques. Vous y trouverez nombre de produits vendus directement par les producteurs et artisans pour consommer autrement : Alimentation bio, habitat sain, cosm\u00e9tiques bio, bien-\u00eatre et sant\u00e9 au naturel, compl\u00e9ments alimentaires, mode \u00e9thique\u2026 Visiteurs du salon Marjolaine, vous pourrez commander&hellip; <\/p>\n","protected":false},"author":1,"featured_media":0,"parent":4805,"menu_order":0,"comment_status":"closed","ping_status":"closed","template":"","meta":{"_monsterinsights_skip_tracking":false,"_monsterinsights_sitenote_active":false,"_monsterinsights_sitenote_note":"","_monsterinsights_sitenote_category":0},"yoast_head":"<!-- This site is optimized with the Yoast SEO plugin v19.0 - https:\/\/yoast.com\/wordpress\/plugins\/seo\/ -->\n<title>Sevellia - VIVEZ NATURE PARIS<\/title>\n<meta name=\"robots\" content=\"index, follow, max-snippet:-1, max-image-preview:large, max-video-preview:-1\" \/>\n<link rel=\"canonical\" href=\"https:\/\/www.vivez-nature.com\/paris\/presse\/nos-partenaires-2\/sevellia\/\" \/>\n<meta property=\"og:locale\" content=\"fr_FR\" \/>\n<meta property=\"og:type\" content=\"article\" \/>\n<meta property=\"og:title\" content=\"Sevellia - VIVEZ NATURE PARIS\" \/>\n<meta property=\"og:description\" content=\"Sevellia est une nouvelle place de march\u00e9 en ligne, sp\u00e9cialis\u00e9e en produits bio, naturels et \u00e9cologiques. Vous y trouverez nombre de produits vendus directement par les producteurs et artisans pour consommer autrement : Alimentation bio, habitat sain, cosm\u00e9tiques bio, bien-\u00eatre et sant\u00e9 au naturel, compl\u00e9ments alimentaires, mode \u00e9thique\u2026 Visiteurs du salon Marjolaine, vous pourrez commander&hellip;\" \/>\n<meta property=\"og:url\" content=\"https:\/\/www.vivez-nature.com\/paris\/presse\/nos-partenaires-2\/sevellia\/\" \/>\n<meta property=\"og:site_name\" content=\"VIVEZ NATURE PARIS\" \/>\n<meta property=\"og:image\" content=\"http:\/\/www.salon-marjolaine.com\/wp-content\/uploads\/2017\/04\/sevellia-1-150-x-100.png\" \/>\n<meta name=\"twitter:card\" content=\"summary_large_image\" \/>\n<meta name=\"twitter:label1\" content=\"Dur\u00e9e de lecture estim\u00e9e\" \/>\n\t<meta name=\"twitter:data1\" content=\"1 minute\" \/>\n<script type=\"application\/ld+json\" class=\"yoast-schema-graph\">{\"@context\":\"https:\/\/schema.org\",\"@graph\":[{\"@type\":\"WebSite\",\"@id\":\"https:\/\/www.vivez-nature.com\/paris\/#website\",\"url\":\"https:\/\/www.vivez-nature.com\/paris\/\",\"name\":\"VIVEZ NATURE PARIS\",\"description\":\"Salon Bio Nature et Bien-\u00eatre\",\"potentialAction\":[{\"@type\":\"SearchAction\",\"target\":{\"@type\":\"EntryPoint\",\"urlTemplate\":\"https:\/\/www.vivez-nature.com\/paris\/?s={search_term_string}\"},\"query-input\":\"required name=search_term_string\"}],\"inLanguage\":\"fr-FR\"},{\"@type\":\"ImageObject\",\"inLanguage\":\"fr-FR\",\"@id\":\"https:\/\/www.vivez-nature.com\/paris\/presse\/nos-partenaires-2\/sevellia\/#primaryimage\",\"url\":\"http:\/\/www.salon-marjolaine.com\/wp-content\/uploads\/2017\/04\/sevellia-1-150-x-100.png\",\"contentUrl\":\"http:\/\/www.salon-marjolaine.com\/wp-content\/uploads\/2017\/04\/sevellia-1-150-x-100.png\"},{\"@type\":\"WebPage\",\"@id\":\"https:\/\/www.vivez-nature.com\/paris\/presse\/nos-partenaires-2\/sevellia\/#webpage\",\"url\":\"https:\/\/www.vivez-nature.com\/paris\/presse\/nos-partenaires-2\/sevellia\/\",\"name\":\"Sevellia - VIVEZ NATURE PARIS\",\"isPartOf\":{\"@id\":\"https:\/\/www.vivez-nature.com\/paris\/#website\"},\"primaryImageOfPage\":{\"@id\":\"https:\/\/www.vivez-nature.com\/paris\/presse\/nos-partenaires-2\/sevellia\/#primaryimage\"},\"datePublished\":\"2018-10-30T11:11:48+00:00\",\"dateModified\":\"2018-10-30T11:11:48+00:00\",\"breadcrumb\":{\"@id\":\"https:\/\/www.vivez-nature.com\/paris\/presse\/nos-partenaires-2\/sevellia\/#breadcrumb\"},\"inLanguage\":\"fr-FR\",\"potentialAction\":[{\"@type\":\"ReadAction\",\"target\":[\"https:\/\/www.vivez-nature.com\/paris\/presse\/nos-partenaires-2\/sevellia\/\"]}]},{\"@type\":\"BreadcrumbList\",\"@id\":\"https:\/\/www.vivez-nature.com\/paris\/presse\/nos-partenaires-2\/sevellia\/#breadcrumb\",\"itemListElement\":[{\"@type\":\"ListItem\",\"position\":1,\"name\":\"Accueil\",\"item\":\"https:\/\/www.vivez-nature.com\/paris\/\"},{\"@type\":\"ListItem\",\"position\":2,\"name\":\"Presse et partenaires\",\"item\":\"https:\/\/www.vivez-nature.com\/paris\/presse\/\"},{\"@type\":\"ListItem\",\"position\":3,\"name\":\"Nos partenaires\",\"item\":\"https:\/\/www.vivez-nature.com\/paris\/presse\/nos-partenaires-2\/\"},{\"@type\":\"ListItem\",\"position\":4,\"name\":\"Sevellia\"}]}]}<\/script>\n<!-- \/ Yoast SEO plugin. -->","yoast_head_json":{"title":"Sevellia - VIVEZ NATURE PARIS","robots":{"index":"index","follow":"follow","max-snippet":"max-snippet:-1","max-image-preview":"max-image-preview:large","max-video-preview":"max-video-preview:-1"},"canonical":"https:\/\/www.vivez-nature.com\/paris\/presse\/nos-partenaires-2\/sevellia\/","og_locale":"fr_FR","og_type":"article","og_title":"Sevellia - VIVEZ NATURE PARIS","og_description":"Sevellia est une nouvelle place de march\u00e9 en ligne, sp\u00e9cialis\u00e9e en produits bio, naturels et \u00e9cologiques. Vous y trouverez nombre de produits vendus directement par les producteurs et artisans pour consommer autrement : Alimentation bio, habitat sain, cosm\u00e9tiques bio, bien-\u00eatre et sant\u00e9 au naturel, compl\u00e9ments alimentaires, mode \u00e9thique\u2026 Visiteurs du salon Marjolaine, vous pourrez commander&hellip;","og_url":"https:\/\/www.vivez-nature.com\/paris\/presse\/nos-partenaires-2\/sevellia\/","og_site_name":"VIVEZ NATURE PARIS","og_image":[{"url":"http:\/\/www.salon-marjolaine.com\/wp-content\/uploads\/2017\/04\/sevellia-1-150-x-100.png"}],"twitter_card":"summary_large_image","twitter_misc":{"Dur\u00e9e de lecture estim\u00e9e":"1 minute"},"schema":{"@context":"https:\/\/schema.org","@graph":[{"@type":"WebSite","@id":"https:\/\/www.vivez-nature.com\/paris\/#website","url":"https:\/\/www.vivez-nature.com\/paris\/","name":"VIVEZ NATURE PARIS","description":"Salon Bio Nature et Bien-\u00eatre","potentialAction":[{"@type":"SearchAction","target":{"@type":"EntryPoint","urlTemplate":"https:\/\/www.vivez-nature.com\/paris\/?s={search_term_string}"},"query-input":"required name=search_term_string"}],"inLanguage":"fr-FR"},{"@type":"ImageObject","inLanguage":"fr-FR","@id":"https:\/\/www.vivez-nature.com\/paris\/presse\/nos-partenaires-2\/sevellia\/#primaryimage","url":"http:\/\/www.salon-marjolaine.com\/wp-content\/uploads\/2017\/04\/sevellia-1-150-x-100.png","contentUrl":"http:\/\/www.salon-marjolaine.com\/wp-content\/uploads\/2017\/04\/sevellia-1-150-x-100.png"},{"@type":"WebPage","@id":"https:\/\/www.vivez-nature.com\/paris\/presse\/nos-partenaires-2\/sevellia\/#webpage","url":"https:\/\/www.vivez-nature.com\/paris\/presse\/nos-partenaires-2\/sevellia\/","name":"Sevellia - VIVEZ NATURE PARIS","isPartOf":{"@id":"https:\/\/www.vivez-nature.com\/paris\/#website"},"primaryImageOfPage":{"@id":"https:\/\/www.vivez-nature.com\/paris\/presse\/nos-partenaires-2\/sevellia\/#primaryimage"},"datePublished":"2018-10-30T11:11:48+00:00","dateModified":"2018-10-30T11:11:48+00:00","breadcrumb":{"@id":"https:\/\/www.vivez-nature.com\/paris\/presse\/nos-partenaires-2\/sevellia\/#breadcrumb"},"inLanguage":"fr-FR","potentialAction":[{"@type":"ReadAction","target":["https:\/\/www.vivez-nature.com\/paris\/presse\/nos-partenaires-2\/sevellia\/"]}]},{"@type":"BreadcrumbList","@id":"https:\/\/www.vivez-nature.com\/paris\/presse\/nos-partenaires-2\/sevellia\/#breadcrumb","itemListElement":[{"@type":"ListItem","position":1,"name":"Accueil","item":"https:\/\/www.vivez-nature.com\/paris\/"},{"@type":"ListItem","position":2,"name":"Presse et partenaires","item":"https:\/\/www.vivez-nature.com\/paris\/presse\/"},{"@type":"ListItem","position":3,"name":"Nos partenaires","item":"https:\/\/www.vivez-nature.com\/paris\/presse\/nos-partenaires-2\/"},{"@type":"ListItem","position":4,"name":"Sevellia"}]}]}},"_links":{"self":[{"href":"https:\/\/www.vivez-nature.com\/paris\/wp-json\/wp\/v2\/pages\/5327"}],"collection":[{"href":"https:\/\/www.vivez-nature.com\/paris\/wp-json\/wp\/v2\/pages"}],"about":[{"href":"https:\/\/www.vivez-nature.com\/paris\/wp-json\/wp\/v2\/types\/page"}],"author":[{"embeddable":true,"href":"https:\/\/www.vivez-nature.com\/paris\/wp-json\/wp\/v2\/users\/1"}],"replies":[{"embeddable":true,"href":"https:\/\/www.vivez-nature.com\/paris\/wp-json\/wp\/v2\/comments?post=5327"}],"version-history":[{"count":1,"href":"https:\/\/www.vivez-nature.com\/paris\/wp-json\/wp\/v2\/pages\/5327\/revisions"}],"predecessor-version":[{"id":5328,"href":"https:\/\/www.vivez-nature.com\/paris\/wp-json\/wp\/v2\/pages\/5327\/revisions\/5328"}],"up":[{"embeddable":true,"href":"https:\/\/www.vivez-nature.com\/paris\/wp-json\/wp\/v2\/pages\/4805"}],"wp:attachment":[{"href":"https:\/\/www.vivez-nature.com\/paris\/wp-json\/wp\/v2\/media?parent=5327"}],"curies":[{"name":"wp","href":"https:\/\/api.w.org\/{rel}","templated":true}]}}