{"id":5367,"date":"2018-11-07T11:20:09","date_gmt":"2018-11-07T10:20:09","guid":{"rendered":"https:\/\/www.vivez-nature.com\/paris\/?page_id=5367"},"modified":"2019-10-29T15:54:51","modified_gmt":"2019-10-29T14:54:51","slug":"bio-contact","status":"publish","type":"page","link":"https:\/\/www.vivez-nature.com\/paris\/presse\/nos-partenaires-2\/bio-contact\/","title":{"rendered":"Biocontact"},"content":{"rendered":"<p><img class=\" wp-image-5960 alignleft\" src=\"https:\/\/www.salon-naturally.fr\/wp-content\/uploads\/2018\/11\/LOGO-biocontact-petit.jpg\" sizes=\"(max-width: 221px) 100vw, 221px\" srcset=\"https:\/\/www.salon-naturally.fr\/wp-content\/uploads\/2018\/11\/LOGO-biocontact-petit.jpg 827w, https:\/\/www.salon-naturally.fr\/wp-content\/uploads\/2018\/11\/LOGO-biocontact-petit-300x69.jpg 300w, https:\/\/www.salon-naturally.fr\/wp-content\/uploads\/2018\/11\/LOGO-biocontact-petit-768x176.jpg 768w, https:\/\/www.salon-naturally.fr\/wp-content\/uploads\/2018\/11\/LOGO-biocontact-petit-150x34.jpg 150w, https:\/\/www.salon-naturally.fr\/wp-content\/uploads\/2018\/11\/LOGO-biocontact-petit-500x115.jpg 500w\" alt=\"\" width=\"221\" height=\"51\" \/><\/p>\n<p>Le mensuel gratuit Biocontact est distribu\u00e9 dans le r\u00e9seau des magasins de produits biologiques de France et des DOM-TOM.<\/p>\n<p>Cr\u00e9\u00e9 en 1991, sa vocation n\u2019a pas vari\u00e9\u00a0: informer la client\u00e8le de ces magasins sur toutes les alternatives d\u00e9di\u00e9es au mieux-\u00eatre\u00a0: l\u2019alimentation biologique, les m\u00e9decines naturelles et le respect de l\u2019environnement. En effet, pour Biocontact, ces trois axes majeurs sont indissociables.<\/p>\n<p>Avec un tirage moyen de 255 000 exemplaires, cette revue a acquis une forte notori\u00e9t\u00e9 qui en fait un m\u00e9dia incontournable parmi les consommateurs de produits bio.<\/p>\n<p><a href=\"https:\/\/www.biocontact.fr\/\" target=\"_blank\" rel=\"noopener noreferrer\">https:\/\/www.biocontact.fr<\/a><\/p>\n","protected":false},"excerpt":{"rendered":"<p>Le mensuel gratuit Biocontact est distribu\u00e9 dans le r\u00e9seau des magasins de produits biologiques de France et des DOM-TOM. Cr\u00e9\u00e9 en 1991, sa vocation n\u2019a pas vari\u00e9\u00a0: informer la client\u00e8le de ces magasins sur toutes les alternatives d\u00e9di\u00e9es au mieux-\u00eatre\u00a0: l\u2019alimentation biologique, les m\u00e9decines naturelles et le respect de l\u2019environnement. En effet, pour Biocontact, ces&hellip; <\/p>\n","protected":false},"author":1,"featured_media":0,"parent":4805,"menu_order":0,"comment_status":"closed","ping_status":"closed","template":"","meta":{"_monsterinsights_skip_tracking":false,"_monsterinsights_sitenote_active":false,"_monsterinsights_sitenote_note":"","_monsterinsights_sitenote_category":0},"yoast_head":"<!-- This site is optimized with the Yoast SEO plugin v19.0 - https:\/\/yoast.com\/wordpress\/plugins\/seo\/ -->\n<title>Biocontact - VIVEZ NATURE PARIS<\/title>\n<meta name=\"robots\" content=\"index, follow, max-snippet:-1, max-image-preview:large, max-video-preview:-1\" \/>\n<link rel=\"canonical\" href=\"https:\/\/www.vivez-nature.com\/paris\/presse\/nos-partenaires-2\/bio-contact\/\" \/>\n<meta property=\"og:locale\" content=\"fr_FR\" \/>\n<meta property=\"og:type\" content=\"article\" \/>\n<meta property=\"og:title\" content=\"Biocontact - VIVEZ NATURE PARIS\" \/>\n<meta property=\"og:description\" content=\"Le mensuel gratuit Biocontact est distribu\u00e9 dans le r\u00e9seau des magasins de produits biologiques de France et des DOM-TOM. Cr\u00e9\u00e9 en 1991, sa vocation n\u2019a pas vari\u00e9\u00a0: informer la client\u00e8le de ces magasins sur toutes les alternatives d\u00e9di\u00e9es au mieux-\u00eatre\u00a0: l\u2019alimentation biologique, les m\u00e9decines naturelles et le respect de l\u2019environnement. En effet, pour Biocontact, ces&hellip;\" \/>\n<meta property=\"og:url\" content=\"https:\/\/www.vivez-nature.com\/paris\/presse\/nos-partenaires-2\/bio-contact\/\" \/>\n<meta property=\"og:site_name\" content=\"VIVEZ NATURE PARIS\" \/>\n<meta property=\"article:modified_time\" content=\"2019-10-29T14:54:51+00:00\" \/>\n<meta property=\"og:image\" content=\"https:\/\/www.salon-naturally.fr\/wp-content\/uploads\/2018\/11\/LOGO-biocontact-petit.jpg\" \/>\n<meta name=\"twitter:card\" content=\"summary_large_image\" \/>\n<script type=\"application\/ld+json\" class=\"yoast-schema-graph\">{\"@context\":\"https:\/\/schema.org\",\"@graph\":[{\"@type\":\"WebSite\",\"@id\":\"https:\/\/www.vivez-nature.com\/paris\/#website\",\"url\":\"https:\/\/www.vivez-nature.com\/paris\/\",\"name\":\"VIVEZ NATURE PARIS\",\"description\":\"Salon Bio Nature et Bien-\u00eatre\",\"potentialAction\":[{\"@type\":\"SearchAction\",\"target\":{\"@type\":\"EntryPoint\",\"urlTemplate\":\"https:\/\/www.vivez-nature.com\/paris\/?s={search_term_string}\"},\"query-input\":\"required name=search_term_string\"}],\"inLanguage\":\"fr-FR\"},{\"@type\":\"ImageObject\",\"inLanguage\":\"fr-FR\",\"@id\":\"https:\/\/www.vivez-nature.com\/paris\/presse\/nos-partenaires-2\/bio-contact\/#primaryimage\",\"url\":\"https:\/\/www.salon-naturally.fr\/wp-content\/uploads\/2018\/11\/LOGO-biocontact-petit.jpg\",\"contentUrl\":\"https:\/\/www.salon-naturally.fr\/wp-content\/uploads\/2018\/11\/LOGO-biocontact-petit.jpg\"},{\"@type\":\"WebPage\",\"@id\":\"https:\/\/www.vivez-nature.com\/paris\/presse\/nos-partenaires-2\/bio-contact\/#webpage\",\"url\":\"https:\/\/www.vivez-nature.com\/paris\/presse\/nos-partenaires-2\/bio-contact\/\",\"name\":\"Biocontact - VIVEZ NATURE PARIS\",\"isPartOf\":{\"@id\":\"https:\/\/www.vivez-nature.com\/paris\/#website\"},\"primaryImageOfPage\":{\"@id\":\"https:\/\/www.vivez-nature.com\/paris\/presse\/nos-partenaires-2\/bio-contact\/#primaryimage\"},\"datePublished\":\"2018-11-07T10:20:09+00:00\",\"dateModified\":\"2019-10-29T14:54:51+00:00\",\"breadcrumb\":{\"@id\":\"https:\/\/www.vivez-nature.com\/paris\/presse\/nos-partenaires-2\/bio-contact\/#breadcrumb\"},\"inLanguage\":\"fr-FR\",\"potentialAction\":[{\"@type\":\"ReadAction\",\"target\":[\"https:\/\/www.vivez-nature.com\/paris\/presse\/nos-partenaires-2\/bio-contact\/\"]}]},{\"@type\":\"BreadcrumbList\",\"@id\":\"https:\/\/www.vivez-nature.com\/paris\/presse\/nos-partenaires-2\/bio-contact\/#breadcrumb\",\"itemListElement\":[{\"@type\":\"ListItem\",\"position\":1,\"name\":\"Accueil\",\"item\":\"https:\/\/www.vivez-nature.com\/paris\/\"},{\"@type\":\"ListItem\",\"position\":2,\"name\":\"Presse et partenaires\",\"item\":\"https:\/\/www.vivez-nature.com\/paris\/presse\/\"},{\"@type\":\"ListItem\",\"position\":3,\"name\":\"Nos partenaires\",\"item\":\"https:\/\/www.vivez-nature.com\/paris\/presse\/nos-partenaires-2\/\"},{\"@type\":\"ListItem\",\"position\":4,\"name\":\"Biocontact\"}]}]}<\/script>\n<!-- \/ Yoast SEO plugin. -->","yoast_head_json":{"title":"Biocontact - VIVEZ NATURE PARIS","robots":{"index":"index","follow":"follow","max-snippet":"max-snippet:-1","max-image-preview":"max-image-preview:large","max-video-preview":"max-video-preview:-1"},"canonical":"https:\/\/www.vivez-nature.com\/paris\/presse\/nos-partenaires-2\/bio-contact\/","og_locale":"fr_FR","og_type":"article","og_title":"Biocontact - VIVEZ NATURE PARIS","og_description":"Le mensuel gratuit Biocontact est distribu\u00e9 dans le r\u00e9seau des magasins de produits biologiques de France et des DOM-TOM. Cr\u00e9\u00e9 en 1991, sa vocation n\u2019a pas vari\u00e9\u00a0: informer la client\u00e8le de ces magasins sur toutes les alternatives d\u00e9di\u00e9es au mieux-\u00eatre\u00a0: l\u2019alimentation biologique, les m\u00e9decines naturelles et le respect de l\u2019environnement. En effet, pour Biocontact, ces&hellip;","og_url":"https:\/\/www.vivez-nature.com\/paris\/presse\/nos-partenaires-2\/bio-contact\/","og_site_name":"VIVEZ NATURE PARIS","article_modified_time":"2019-10-29T14:54:51+00:00","og_image":[{"url":"https:\/\/www.salon-naturally.fr\/wp-content\/uploads\/2018\/11\/LOGO-biocontact-petit.jpg"}],"twitter_card":"summary_large_image","schema":{"@context":"https:\/\/schema.org","@graph":[{"@type":"WebSite","@id":"https:\/\/www.vivez-nature.com\/paris\/#website","url":"https:\/\/www.vivez-nature.com\/paris\/","name":"VIVEZ NATURE PARIS","description":"Salon Bio Nature et Bien-\u00eatre","potentialAction":[{"@type":"SearchAction","target":{"@type":"EntryPoint","urlTemplate":"https:\/\/www.vivez-nature.com\/paris\/?s={search_term_string}"},"query-input":"required name=search_term_string"}],"inLanguage":"fr-FR"},{"@type":"ImageObject","inLanguage":"fr-FR","@id":"https:\/\/www.vivez-nature.com\/paris\/presse\/nos-partenaires-2\/bio-contact\/#primaryimage","url":"https:\/\/www.salon-naturally.fr\/wp-content\/uploads\/2018\/11\/LOGO-biocontact-petit.jpg","contentUrl":"https:\/\/www.salon-naturally.fr\/wp-content\/uploads\/2018\/11\/LOGO-biocontact-petit.jpg"},{"@type":"WebPage","@id":"https:\/\/www.vivez-nature.com\/paris\/presse\/nos-partenaires-2\/bio-contact\/#webpage","url":"https:\/\/www.vivez-nature.com\/paris\/presse\/nos-partenaires-2\/bio-contact\/","name":"Biocontact - VIVEZ NATURE PARIS","isPartOf":{"@id":"https:\/\/www.vivez-nature.com\/paris\/#website"},"primaryImageOfPage":{"@id":"https:\/\/www.vivez-nature.com\/paris\/presse\/nos-partenaires-2\/bio-contact\/#primaryimage"},"datePublished":"2018-11-07T10:20:09+00:00","dateModified":"2019-10-29T14:54:51+00:00","breadcrumb":{"@id":"https:\/\/www.vivez-nature.com\/paris\/presse\/nos-partenaires-2\/bio-contact\/#breadcrumb"},"inLanguage":"fr-FR","potentialAction":[{"@type":"ReadAction","target":["https:\/\/www.vivez-nature.com\/paris\/presse\/nos-partenaires-2\/bio-contact\/"]}]},{"@type":"BreadcrumbList","@id":"https:\/\/www.vivez-nature.com\/paris\/presse\/nos-partenaires-2\/bio-contact\/#breadcrumb","itemListElement":[{"@type":"ListItem","position":1,"name":"Accueil","item":"https:\/\/www.vivez-nature.com\/paris\/"},{"@type":"ListItem","position":2,"name":"Presse et partenaires","item":"https:\/\/www.vivez-nature.com\/paris\/presse\/"},{"@type":"ListItem","position":3,"name":"Nos partenaires","item":"https:\/\/www.vivez-nature.com\/paris\/presse\/nos-partenaires-2\/"},{"@type":"ListItem","position":4,"name":"Biocontact"}]}]}},"_links":{"self":[{"href":"https:\/\/www.vivez-nature.com\/paris\/wp-json\/wp\/v2\/pages\/5367"}],"collection":[{"href":"https:\/\/www.vivez-nature.com\/paris\/wp-json\/wp\/v2\/pages"}],"about":[{"href":"https:\/\/www.vivez-nature.com\/paris\/wp-json\/wp\/v2\/types\/page"}],"author":[{"embeddable":true,"href":"https:\/\/www.vivez-nature.com\/paris\/wp-json\/wp\/v2\/users\/1"}],"replies":[{"embeddable":true,"href":"https:\/\/www.vivez-nature.com\/paris\/wp-json\/wp\/v2\/comments?post=5367"}],"version-history":[{"count":3,"href":"https:\/\/www.vivez-nature.com\/paris\/wp-json\/wp\/v2\/pages\/5367\/revisions"}],"predecessor-version":[{"id":6381,"href":"https:\/\/www.vivez-nature.com\/paris\/wp-json\/wp\/v2\/pages\/5367\/revisions\/6381"}],"up":[{"embeddable":true,"href":"https:\/\/www.vivez-nature.com\/paris\/wp-json\/wp\/v2\/pages\/4805"}],"wp:attachment":[{"href":"https:\/\/www.vivez-nature.com\/paris\/wp-json\/wp\/v2\/media?parent=5367"}],"curies":[{"name":"wp","href":"https:\/\/api.w.org\/{rel}","templated":true}]}}