{"id":5409,"date":"2018-12-05T12:57:40","date_gmt":"2018-12-05T11:57:40","guid":{"rendered":"https:\/\/www.vivez-nature.com\/paris\/?page_id=5409"},"modified":"2019-07-22T12:43:13","modified_gmt":"2019-07-22T10:43:13","slug":"little-villette-little-nature","status":"publish","type":"page","link":"https:\/\/www.vivez-nature.com\/paris\/presse\/nos-partenaires-2\/little-villette-little-nature\/","title":{"rendered":"LITTLE VILLETTE \/ LITTLE NATURE"},"content":{"rendered":"<p><img class=\"size-full wp-image-4893 alignleft\" src=\"https:\/\/www.vivez-nature.com\/paris\/wp-content\/uploads\/sites\/4\/2018\/08\/little-villette-ok.jpg\" alt=\"\" width=\"200\" height=\"70\" \/>Little Villette accueille chaque week-end les familles du quartier pour leur faire profiter de leurs espaces de lecture, espaces de jeux, cabinets de curiosit\u00e9s, s\u00e9ances Little Cin\u00e9 et autres surprises\u2026<\/p>\n<p>Durant le salon, des exposants de Vivez Nature viendront \u00e0 la rencontre des familles pour leur faire d\u00e9couvrir leurs produits et leurs savoir-faire. Pour l\u2019occasion, Little Villette sera aux couleurs du salon et sera re-baptis\u00e9e Little Nature\u00a0!<\/p>\n<p>&nbsp;<\/p>\n<p><a href=\"https:\/\/lavillette.com\/programmation\/little-nature_e209\" target=\"_blank\" rel=\"noopener noreferrer\">Le programme de Little Villette<\/a><\/p>\n","protected":false},"excerpt":{"rendered":"<p>Little Villette accueille chaque week-end les familles du quartier pour leur faire profiter de leurs espaces de lecture, espaces de jeux, cabinets de curiosit\u00e9s, s\u00e9ances Little Cin\u00e9 et autres surprises\u2026 Durant le salon, des exposants de Vivez Nature viendront \u00e0 la rencontre des familles pour leur faire d\u00e9couvrir leurs produits et leurs savoir-faire. Pour l\u2019occasion,&hellip; <\/p>\n","protected":false},"author":1,"featured_media":0,"parent":4805,"menu_order":0,"comment_status":"closed","ping_status":"closed","template":"","meta":{"_monsterinsights_skip_tracking":false,"_monsterinsights_sitenote_active":false,"_monsterinsights_sitenote_note":"","_monsterinsights_sitenote_category":0},"yoast_head":"<!-- This site is optimized with the Yoast SEO plugin v19.0 - https:\/\/yoast.com\/wordpress\/plugins\/seo\/ -->\n<title>LITTLE VILLETTE \/ LITTLE NATURE - VIVEZ NATURE PARIS<\/title>\n<meta name=\"robots\" content=\"index, follow, max-snippet:-1, max-image-preview:large, max-video-preview:-1\" \/>\n<link rel=\"canonical\" href=\"https:\/\/www.vivez-nature.com\/paris\/presse\/nos-partenaires-2\/little-villette-little-nature\/\" \/>\n<meta property=\"og:locale\" content=\"fr_FR\" \/>\n<meta property=\"og:type\" content=\"article\" \/>\n<meta property=\"og:title\" content=\"LITTLE VILLETTE \/ LITTLE NATURE - VIVEZ NATURE PARIS\" \/>\n<meta property=\"og:description\" content=\"Little Villette accueille chaque week-end les familles du quartier pour leur faire profiter de leurs espaces de lecture, espaces de jeux, cabinets de curiosit\u00e9s, s\u00e9ances Little Cin\u00e9 et autres surprises\u2026 Durant le salon, des exposants de Vivez Nature viendront \u00e0 la rencontre des familles pour leur faire d\u00e9couvrir leurs produits et leurs savoir-faire. Pour l\u2019occasion,&hellip;\" \/>\n<meta property=\"og:url\" content=\"https:\/\/www.vivez-nature.com\/paris\/presse\/nos-partenaires-2\/little-villette-little-nature\/\" \/>\n<meta property=\"og:site_name\" content=\"VIVEZ NATURE PARIS\" \/>\n<meta property=\"article:modified_time\" content=\"2019-07-22T10:43:13+00:00\" \/>\n<meta property=\"og:image\" content=\"https:\/\/www.vivez-nature.com\/paris\/wp-content\/uploads\/sites\/4\/2018\/08\/little-villette-ok.jpg\" \/>\n<meta name=\"twitter:card\" content=\"summary_large_image\" \/>\n<script type=\"application\/ld+json\" class=\"yoast-schema-graph\">{\"@context\":\"https:\/\/schema.org\",\"@graph\":[{\"@type\":\"WebSite\",\"@id\":\"https:\/\/www.vivez-nature.com\/paris\/#website\",\"url\":\"https:\/\/www.vivez-nature.com\/paris\/\",\"name\":\"VIVEZ NATURE PARIS\",\"description\":\"Salon Bio Nature et Bien-\u00eatre\",\"potentialAction\":[{\"@type\":\"SearchAction\",\"target\":{\"@type\":\"EntryPoint\",\"urlTemplate\":\"https:\/\/www.vivez-nature.com\/paris\/?s={search_term_string}\"},\"query-input\":\"required name=search_term_string\"}],\"inLanguage\":\"fr-FR\"},{\"@type\":\"ImageObject\",\"inLanguage\":\"fr-FR\",\"@id\":\"https:\/\/www.vivez-nature.com\/paris\/presse\/nos-partenaires-2\/little-villette-little-nature\/#primaryimage\",\"url\":\"https:\/\/www.vivez-nature.com\/paris\/wp-content\/uploads\/sites\/4\/2018\/08\/little-villette-ok.jpg\",\"contentUrl\":\"https:\/\/www.vivez-nature.com\/paris\/wp-content\/uploads\/sites\/4\/2018\/08\/little-villette-ok.jpg\"},{\"@type\":\"WebPage\",\"@id\":\"https:\/\/www.vivez-nature.com\/paris\/presse\/nos-partenaires-2\/little-villette-little-nature\/#webpage\",\"url\":\"https:\/\/www.vivez-nature.com\/paris\/presse\/nos-partenaires-2\/little-villette-little-nature\/\",\"name\":\"LITTLE VILLETTE \/ LITTLE NATURE - VIVEZ NATURE PARIS\",\"isPartOf\":{\"@id\":\"https:\/\/www.vivez-nature.com\/paris\/#website\"},\"primaryImageOfPage\":{\"@id\":\"https:\/\/www.vivez-nature.com\/paris\/presse\/nos-partenaires-2\/little-villette-little-nature\/#primaryimage\"},\"datePublished\":\"2018-12-05T11:57:40+00:00\",\"dateModified\":\"2019-07-22T10:43:13+00:00\",\"breadcrumb\":{\"@id\":\"https:\/\/www.vivez-nature.com\/paris\/presse\/nos-partenaires-2\/little-villette-little-nature\/#breadcrumb\"},\"inLanguage\":\"fr-FR\",\"potentialAction\":[{\"@type\":\"ReadAction\",\"target\":[\"https:\/\/www.vivez-nature.com\/paris\/presse\/nos-partenaires-2\/little-villette-little-nature\/\"]}]},{\"@type\":\"BreadcrumbList\",\"@id\":\"https:\/\/www.vivez-nature.com\/paris\/presse\/nos-partenaires-2\/little-villette-little-nature\/#breadcrumb\",\"itemListElement\":[{\"@type\":\"ListItem\",\"position\":1,\"name\":\"Accueil\",\"item\":\"https:\/\/www.vivez-nature.com\/paris\/\"},{\"@type\":\"ListItem\",\"position\":2,\"name\":\"Presse et partenaires\",\"item\":\"https:\/\/www.vivez-nature.com\/paris\/presse\/\"},{\"@type\":\"ListItem\",\"position\":3,\"name\":\"Nos partenaires\",\"item\":\"https:\/\/www.vivez-nature.com\/paris\/presse\/nos-partenaires-2\/\"},{\"@type\":\"ListItem\",\"position\":4,\"name\":\"LITTLE VILLETTE \/ LITTLE NATURE\"}]}]}<\/script>\n<!-- \/ Yoast SEO plugin. -->","yoast_head_json":{"title":"LITTLE VILLETTE \/ LITTLE NATURE - VIVEZ NATURE PARIS","robots":{"index":"index","follow":"follow","max-snippet":"max-snippet:-1","max-image-preview":"max-image-preview:large","max-video-preview":"max-video-preview:-1"},"canonical":"https:\/\/www.vivez-nature.com\/paris\/presse\/nos-partenaires-2\/little-villette-little-nature\/","og_locale":"fr_FR","og_type":"article","og_title":"LITTLE VILLETTE \/ LITTLE NATURE - VIVEZ NATURE PARIS","og_description":"Little Villette accueille chaque week-end les familles du quartier pour leur faire profiter de leurs espaces de lecture, espaces de jeux, cabinets de curiosit\u00e9s, s\u00e9ances Little Cin\u00e9 et autres surprises\u2026 Durant le salon, des exposants de Vivez Nature viendront \u00e0 la rencontre des familles pour leur faire d\u00e9couvrir leurs produits et leurs savoir-faire. Pour l\u2019occasion,&hellip;","og_url":"https:\/\/www.vivez-nature.com\/paris\/presse\/nos-partenaires-2\/little-villette-little-nature\/","og_site_name":"VIVEZ NATURE PARIS","article_modified_time":"2019-07-22T10:43:13+00:00","og_image":[{"url":"https:\/\/www.vivez-nature.com\/paris\/wp-content\/uploads\/sites\/4\/2018\/08\/little-villette-ok.jpg"}],"twitter_card":"summary_large_image","schema":{"@context":"https:\/\/schema.org","@graph":[{"@type":"WebSite","@id":"https:\/\/www.vivez-nature.com\/paris\/#website","url":"https:\/\/www.vivez-nature.com\/paris\/","name":"VIVEZ NATURE PARIS","description":"Salon Bio Nature et Bien-\u00eatre","potentialAction":[{"@type":"SearchAction","target":{"@type":"EntryPoint","urlTemplate":"https:\/\/www.vivez-nature.com\/paris\/?s={search_term_string}"},"query-input":"required name=search_term_string"}],"inLanguage":"fr-FR"},{"@type":"ImageObject","inLanguage":"fr-FR","@id":"https:\/\/www.vivez-nature.com\/paris\/presse\/nos-partenaires-2\/little-villette-little-nature\/#primaryimage","url":"https:\/\/www.vivez-nature.com\/paris\/wp-content\/uploads\/sites\/4\/2018\/08\/little-villette-ok.jpg","contentUrl":"https:\/\/www.vivez-nature.com\/paris\/wp-content\/uploads\/sites\/4\/2018\/08\/little-villette-ok.jpg"},{"@type":"WebPage","@id":"https:\/\/www.vivez-nature.com\/paris\/presse\/nos-partenaires-2\/little-villette-little-nature\/#webpage","url":"https:\/\/www.vivez-nature.com\/paris\/presse\/nos-partenaires-2\/little-villette-little-nature\/","name":"LITTLE VILLETTE \/ LITTLE NATURE - VIVEZ NATURE PARIS","isPartOf":{"@id":"https:\/\/www.vivez-nature.com\/paris\/#website"},"primaryImageOfPage":{"@id":"https:\/\/www.vivez-nature.com\/paris\/presse\/nos-partenaires-2\/little-villette-little-nature\/#primaryimage"},"datePublished":"2018-12-05T11:57:40+00:00","dateModified":"2019-07-22T10:43:13+00:00","breadcrumb":{"@id":"https:\/\/www.vivez-nature.com\/paris\/presse\/nos-partenaires-2\/little-villette-little-nature\/#breadcrumb"},"inLanguage":"fr-FR","potentialAction":[{"@type":"ReadAction","target":["https:\/\/www.vivez-nature.com\/paris\/presse\/nos-partenaires-2\/little-villette-little-nature\/"]}]},{"@type":"BreadcrumbList","@id":"https:\/\/www.vivez-nature.com\/paris\/presse\/nos-partenaires-2\/little-villette-little-nature\/#breadcrumb","itemListElement":[{"@type":"ListItem","position":1,"name":"Accueil","item":"https:\/\/www.vivez-nature.com\/paris\/"},{"@type":"ListItem","position":2,"name":"Presse et partenaires","item":"https:\/\/www.vivez-nature.com\/paris\/presse\/"},{"@type":"ListItem","position":3,"name":"Nos partenaires","item":"https:\/\/www.vivez-nature.com\/paris\/presse\/nos-partenaires-2\/"},{"@type":"ListItem","position":4,"name":"LITTLE VILLETTE \/ LITTLE NATURE"}]}]}},"_links":{"self":[{"href":"https:\/\/www.vivez-nature.com\/paris\/wp-json\/wp\/v2\/pages\/5409"}],"collection":[{"href":"https:\/\/www.vivez-nature.com\/paris\/wp-json\/wp\/v2\/pages"}],"about":[{"href":"https:\/\/www.vivez-nature.com\/paris\/wp-json\/wp\/v2\/types\/page"}],"author":[{"embeddable":true,"href":"https:\/\/www.vivez-nature.com\/paris\/wp-json\/wp\/v2\/users\/1"}],"replies":[{"embeddable":true,"href":"https:\/\/www.vivez-nature.com\/paris\/wp-json\/wp\/v2\/comments?post=5409"}],"version-history":[{"count":4,"href":"https:\/\/www.vivez-nature.com\/paris\/wp-json\/wp\/v2\/pages\/5409\/revisions"}],"predecessor-version":[{"id":6351,"href":"https:\/\/www.vivez-nature.com\/paris\/wp-json\/wp\/v2\/pages\/5409\/revisions\/6351"}],"up":[{"embeddable":true,"href":"https:\/\/www.vivez-nature.com\/paris\/wp-json\/wp\/v2\/pages\/4805"}],"wp:attachment":[{"href":"https:\/\/www.vivez-nature.com\/paris\/wp-json\/wp\/v2\/media?parent=5409"}],"curies":[{"name":"wp","href":"https:\/\/api.w.org\/{rel}","templated":true}]}}