{"id":6849,"date":"2020-01-20T10:30:56","date_gmt":"2020-01-20T09:30:56","guid":{"rendered":"https:\/\/www.vivez-nature.com\/paris\/?page_id=6849"},"modified":"2020-01-20T10:30:56","modified_gmt":"2020-01-20T09:30:56","slug":"mouvement-up","status":"publish","type":"page","link":"https:\/\/www.vivez-nature.com\/paris\/presse\/nos-partenaires-2\/mouvement-up\/","title":{"rendered":"Mouvement Up"},"content":{"rendered":"<p><img class=\"size-medium wp-image-6848 alignleft\" src=\"https:\/\/www.vivez-nature.com\/paris\/wp-content\/uploads\/sites\/4\/2020\/01\/MVT-UP_logo-CMJN-300x50.jpg\" alt=\"\" width=\"300\" height=\"50\" \/>Mouvement UP est un nouveau cross-m\u00e9dia d\u2019information de solutions qui s\u2019adresse \u00e0 toutes celles et ceux qui souhaitent innover pour changer la soci\u00e9t\u00e9. Qu\u2019ils soient jeunes ou moins jeunes, issus de la soci\u00e9t\u00e9 civile, du monde de l\u2019entreprise, ou des collectivit\u00e9s, tous portent en eux l\u2019intuition que le monde change et qu\u2019il faut se mobiliser maintenant pour accompagner la transition dans le bon sens. Le m\u00e9dia Mouvement UP propose du contenu sous diff\u00e9rents formats\u00a0: papier, digital mais aussi audio,\u00a0\u00e0 travers un magazine trimestriel, un site Internet d\u2019information, une radio, des podcasts, et des conf\u00e9rences gratuites et ouvertes \u00e0 tous.<\/p>\n<p><a href=\"https:\/\/www.mouvement-up.fr\/\" target=\"_blank\" rel=\"noopener noreferrer\">https:\/\/www.mouvement-up.fr<\/a><\/p>\n","protected":false},"excerpt":{"rendered":"<p>Mouvement UP est un nouveau cross-m\u00e9dia d\u2019information de solutions qui s\u2019adresse \u00e0 toutes celles et ceux qui souhaitent innover pour changer la soci\u00e9t\u00e9. Qu\u2019ils soient jeunes ou moins jeunes, issus de la soci\u00e9t\u00e9 civile, du monde de l\u2019entreprise, ou des collectivit\u00e9s, tous portent en eux l\u2019intuition que le monde change et qu\u2019il faut se mobiliser&hellip; <\/p>\n","protected":false},"author":1,"featured_media":0,"parent":4805,"menu_order":0,"comment_status":"closed","ping_status":"closed","template":"","meta":{"_monsterinsights_skip_tracking":false,"_monsterinsights_sitenote_active":false,"_monsterinsights_sitenote_note":"","_monsterinsights_sitenote_category":0},"yoast_head":"<!-- This site is optimized with the Yoast SEO plugin v19.0 - https:\/\/yoast.com\/wordpress\/plugins\/seo\/ -->\n<title>Mouvement Up - VIVEZ NATURE PARIS<\/title>\n<meta name=\"robots\" content=\"index, follow, max-snippet:-1, max-image-preview:large, max-video-preview:-1\" \/>\n<link rel=\"canonical\" href=\"https:\/\/www.vivez-nature.com\/paris\/presse\/nos-partenaires-2\/mouvement-up\/\" \/>\n<meta property=\"og:locale\" content=\"fr_FR\" \/>\n<meta property=\"og:type\" content=\"article\" \/>\n<meta property=\"og:title\" content=\"Mouvement Up - VIVEZ NATURE PARIS\" \/>\n<meta property=\"og:description\" content=\"Mouvement UP est un nouveau cross-m\u00e9dia d\u2019information de solutions qui s\u2019adresse \u00e0 toutes celles et ceux qui souhaitent innover pour changer la soci\u00e9t\u00e9. Qu\u2019ils soient jeunes ou moins jeunes, issus de la soci\u00e9t\u00e9 civile, du monde de l\u2019entreprise, ou des collectivit\u00e9s, tous portent en eux l\u2019intuition que le monde change et qu\u2019il faut se mobiliser&hellip;\" \/>\n<meta property=\"og:url\" content=\"https:\/\/www.vivez-nature.com\/paris\/presse\/nos-partenaires-2\/mouvement-up\/\" \/>\n<meta property=\"og:site_name\" content=\"VIVEZ NATURE PARIS\" \/>\n<meta property=\"og:image\" content=\"https:\/\/www.vivez-nature.com\/paris\/wp-content\/uploads\/sites\/4\/2020\/01\/MVT-UP_logo-CMJN-300x50.jpg\" \/>\n<meta name=\"twitter:card\" content=\"summary_large_image\" \/>\n<meta name=\"twitter:label1\" content=\"Dur\u00e9e de lecture estim\u00e9e\" \/>\n\t<meta name=\"twitter:data1\" content=\"1 minute\" \/>\n<script type=\"application\/ld+json\" class=\"yoast-schema-graph\">{\"@context\":\"https:\/\/schema.org\",\"@graph\":[{\"@type\":\"WebSite\",\"@id\":\"https:\/\/www.vivez-nature.com\/paris\/#website\",\"url\":\"https:\/\/www.vivez-nature.com\/paris\/\",\"name\":\"VIVEZ NATURE PARIS\",\"description\":\"Salon Bio Nature et Bien-\u00eatre\",\"potentialAction\":[{\"@type\":\"SearchAction\",\"target\":{\"@type\":\"EntryPoint\",\"urlTemplate\":\"https:\/\/www.vivez-nature.com\/paris\/?s={search_term_string}\"},\"query-input\":\"required name=search_term_string\"}],\"inLanguage\":\"fr-FR\"},{\"@type\":\"ImageObject\",\"inLanguage\":\"fr-FR\",\"@id\":\"https:\/\/www.vivez-nature.com\/paris\/presse\/nos-partenaires-2\/mouvement-up\/#primaryimage\",\"url\":\"https:\/\/www.vivez-nature.com\/paris\/wp-content\/uploads\/sites\/4\/2020\/01\/MVT-UP_logo-CMJN-300x50.jpg\",\"contentUrl\":\"https:\/\/www.vivez-nature.com\/paris\/wp-content\/uploads\/sites\/4\/2020\/01\/MVT-UP_logo-CMJN-300x50.jpg\"},{\"@type\":\"WebPage\",\"@id\":\"https:\/\/www.vivez-nature.com\/paris\/presse\/nos-partenaires-2\/mouvement-up\/#webpage\",\"url\":\"https:\/\/www.vivez-nature.com\/paris\/presse\/nos-partenaires-2\/mouvement-up\/\",\"name\":\"Mouvement Up - VIVEZ NATURE PARIS\",\"isPartOf\":{\"@id\":\"https:\/\/www.vivez-nature.com\/paris\/#website\"},\"primaryImageOfPage\":{\"@id\":\"https:\/\/www.vivez-nature.com\/paris\/presse\/nos-partenaires-2\/mouvement-up\/#primaryimage\"},\"datePublished\":\"2020-01-20T09:30:56+00:00\",\"dateModified\":\"2020-01-20T09:30:56+00:00\",\"breadcrumb\":{\"@id\":\"https:\/\/www.vivez-nature.com\/paris\/presse\/nos-partenaires-2\/mouvement-up\/#breadcrumb\"},\"inLanguage\":\"fr-FR\",\"potentialAction\":[{\"@type\":\"ReadAction\",\"target\":[\"https:\/\/www.vivez-nature.com\/paris\/presse\/nos-partenaires-2\/mouvement-up\/\"]}]},{\"@type\":\"BreadcrumbList\",\"@id\":\"https:\/\/www.vivez-nature.com\/paris\/presse\/nos-partenaires-2\/mouvement-up\/#breadcrumb\",\"itemListElement\":[{\"@type\":\"ListItem\",\"position\":1,\"name\":\"Accueil\",\"item\":\"https:\/\/www.vivez-nature.com\/paris\/\"},{\"@type\":\"ListItem\",\"position\":2,\"name\":\"Presse et partenaires\",\"item\":\"https:\/\/www.vivez-nature.com\/paris\/presse\/\"},{\"@type\":\"ListItem\",\"position\":3,\"name\":\"Nos partenaires\",\"item\":\"https:\/\/www.vivez-nature.com\/paris\/presse\/nos-partenaires-2\/\"},{\"@type\":\"ListItem\",\"position\":4,\"name\":\"Mouvement Up\"}]}]}<\/script>\n<!-- \/ Yoast SEO plugin. -->","yoast_head_json":{"title":"Mouvement Up - VIVEZ NATURE PARIS","robots":{"index":"index","follow":"follow","max-snippet":"max-snippet:-1","max-image-preview":"max-image-preview:large","max-video-preview":"max-video-preview:-1"},"canonical":"https:\/\/www.vivez-nature.com\/paris\/presse\/nos-partenaires-2\/mouvement-up\/","og_locale":"fr_FR","og_type":"article","og_title":"Mouvement Up - VIVEZ NATURE PARIS","og_description":"Mouvement UP est un nouveau cross-m\u00e9dia d\u2019information de solutions qui s\u2019adresse \u00e0 toutes celles et ceux qui souhaitent innover pour changer la soci\u00e9t\u00e9. Qu\u2019ils soient jeunes ou moins jeunes, issus de la soci\u00e9t\u00e9 civile, du monde de l\u2019entreprise, ou des collectivit\u00e9s, tous portent en eux l\u2019intuition que le monde change et qu\u2019il faut se mobiliser&hellip;","og_url":"https:\/\/www.vivez-nature.com\/paris\/presse\/nos-partenaires-2\/mouvement-up\/","og_site_name":"VIVEZ NATURE PARIS","og_image":[{"url":"https:\/\/www.vivez-nature.com\/paris\/wp-content\/uploads\/sites\/4\/2020\/01\/MVT-UP_logo-CMJN-300x50.jpg"}],"twitter_card":"summary_large_image","twitter_misc":{"Dur\u00e9e de lecture estim\u00e9e":"1 minute"},"schema":{"@context":"https:\/\/schema.org","@graph":[{"@type":"WebSite","@id":"https:\/\/www.vivez-nature.com\/paris\/#website","url":"https:\/\/www.vivez-nature.com\/paris\/","name":"VIVEZ NATURE PARIS","description":"Salon Bio Nature et Bien-\u00eatre","potentialAction":[{"@type":"SearchAction","target":{"@type":"EntryPoint","urlTemplate":"https:\/\/www.vivez-nature.com\/paris\/?s={search_term_string}"},"query-input":"required name=search_term_string"}],"inLanguage":"fr-FR"},{"@type":"ImageObject","inLanguage":"fr-FR","@id":"https:\/\/www.vivez-nature.com\/paris\/presse\/nos-partenaires-2\/mouvement-up\/#primaryimage","url":"https:\/\/www.vivez-nature.com\/paris\/wp-content\/uploads\/sites\/4\/2020\/01\/MVT-UP_logo-CMJN-300x50.jpg","contentUrl":"https:\/\/www.vivez-nature.com\/paris\/wp-content\/uploads\/sites\/4\/2020\/01\/MVT-UP_logo-CMJN-300x50.jpg"},{"@type":"WebPage","@id":"https:\/\/www.vivez-nature.com\/paris\/presse\/nos-partenaires-2\/mouvement-up\/#webpage","url":"https:\/\/www.vivez-nature.com\/paris\/presse\/nos-partenaires-2\/mouvement-up\/","name":"Mouvement Up - VIVEZ NATURE PARIS","isPartOf":{"@id":"https:\/\/www.vivez-nature.com\/paris\/#website"},"primaryImageOfPage":{"@id":"https:\/\/www.vivez-nature.com\/paris\/presse\/nos-partenaires-2\/mouvement-up\/#primaryimage"},"datePublished":"2020-01-20T09:30:56+00:00","dateModified":"2020-01-20T09:30:56+00:00","breadcrumb":{"@id":"https:\/\/www.vivez-nature.com\/paris\/presse\/nos-partenaires-2\/mouvement-up\/#breadcrumb"},"inLanguage":"fr-FR","potentialAction":[{"@type":"ReadAction","target":["https:\/\/www.vivez-nature.com\/paris\/presse\/nos-partenaires-2\/mouvement-up\/"]}]},{"@type":"BreadcrumbList","@id":"https:\/\/www.vivez-nature.com\/paris\/presse\/nos-partenaires-2\/mouvement-up\/#breadcrumb","itemListElement":[{"@type":"ListItem","position":1,"name":"Accueil","item":"https:\/\/www.vivez-nature.com\/paris\/"},{"@type":"ListItem","position":2,"name":"Presse et partenaires","item":"https:\/\/www.vivez-nature.com\/paris\/presse\/"},{"@type":"ListItem","position":3,"name":"Nos partenaires","item":"https:\/\/www.vivez-nature.com\/paris\/presse\/nos-partenaires-2\/"},{"@type":"ListItem","position":4,"name":"Mouvement Up"}]}]}},"_links":{"self":[{"href":"https:\/\/www.vivez-nature.com\/paris\/wp-json\/wp\/v2\/pages\/6849"}],"collection":[{"href":"https:\/\/www.vivez-nature.com\/paris\/wp-json\/wp\/v2\/pages"}],"about":[{"href":"https:\/\/www.vivez-nature.com\/paris\/wp-json\/wp\/v2\/types\/page"}],"author":[{"embeddable":true,"href":"https:\/\/www.vivez-nature.com\/paris\/wp-json\/wp\/v2\/users\/1"}],"replies":[{"embeddable":true,"href":"https:\/\/www.vivez-nature.com\/paris\/wp-json\/wp\/v2\/comments?post=6849"}],"version-history":[{"count":1,"href":"https:\/\/www.vivez-nature.com\/paris\/wp-json\/wp\/v2\/pages\/6849\/revisions"}],"predecessor-version":[{"id":6850,"href":"https:\/\/www.vivez-nature.com\/paris\/wp-json\/wp\/v2\/pages\/6849\/revisions\/6850"}],"up":[{"embeddable":true,"href":"https:\/\/www.vivez-nature.com\/paris\/wp-json\/wp\/v2\/pages\/4805"}],"wp:attachment":[{"href":"https:\/\/www.vivez-nature.com\/paris\/wp-json\/wp\/v2\/media?parent=6849"}],"curies":[{"name":"wp","href":"https:\/\/api.w.org\/{rel}","templated":true}]}}