{"id":7103,"date":"2020-10-27T14:49:05","date_gmt":"2020-10-27T13:49:05","guid":{"rendered":"https:\/\/www.vivez-nature.com\/paris\/?page_id=7103"},"modified":"2020-10-27T16:17:37","modified_gmt":"2020-10-27T15:17:37","slug":"information-importante","status":"publish","type":"page","link":"https:\/\/www.vivez-nature.com\/paris\/infos-pratiques\/information-importante\/","title":{"rendered":"Le salon VIVEZ NATURE est report\u00e9 en janvier 2022"},"content":{"rendered":"<h2><img class=\" wp-image-7119 aligncenter\" src=\"https:\/\/www.vivez-nature.com\/paris\/wp-content\/uploads\/sites\/4\/2020\/10\/JPG-BAN-VN-PARIS-JANV-21-800x300-reporte-1-300x113.jpg\" alt=\"\" width=\"743\" height=\"280\" srcset=\"https:\/\/www.vivez-nature.com\/paris\/wp-content\/uploads\/sites\/4\/2020\/10\/JPG-BAN-VN-PARIS-JANV-21-800x300-reporte-1-300x113.jpg 300w, https:\/\/www.vivez-nature.com\/paris\/wp-content\/uploads\/sites\/4\/2020\/10\/JPG-BAN-VN-PARIS-JANV-21-800x300-reporte-1-768x288.jpg 768w, https:\/\/www.vivez-nature.com\/paris\/wp-content\/uploads\/sites\/4\/2020\/10\/JPG-BAN-VN-PARIS-JANV-21-800x300-reporte-1-150x56.jpg 150w, https:\/\/www.vivez-nature.com\/paris\/wp-content\/uploads\/sites\/4\/2020\/10\/JPG-BAN-VN-PARIS-JANV-21-800x300-reporte-1-500x188.jpg 500w, https:\/\/www.vivez-nature.com\/paris\/wp-content\/uploads\/sites\/4\/2020\/10\/JPG-BAN-VN-PARIS-JANV-21-800x300-reporte-1.jpg 800w\" sizes=\"(max-width: 743px) 100vw, 743px\" \/><\/h2>\n<h2 style=\"text-align: center\">Le salon VIVEZ NATURE est report\u00e9.<\/h2>\n<h2 style=\"text-align: center\">Il se tiendra en 2022 aux dates habituelles<\/h2>\n<p style=\"text-align: center\">Mise \u00e0 jour du 27 octobre 2020 \u2013 14h00<\/p>\n<p style=\"text-align: center\">Nous sommes au regret de vous annoncer, que malgr\u00e9 tous nos meilleurs efforts,\u00a0<strong>nous sommes dans l\u2019obligation de reporter le salon Vivez Nature.<\/strong><\/p>\n<p style=\"text-align: center\">En effet, le manque de visibilit\u00e9 sur les mois \u00e0 venir \u00e0 propos de la situation sanitaire nous contraint \u00e0 reporter nos \u00e9v\u00e8nements du 1er trimestre 2021.<\/p>\n<p style=\"text-align: center\">Depuis le d\u00e9but de cette crise, nous faisons tout notre possible pour ouvrir nos salons dans les meilleures conditions possibles, le respect des protocoles sanitaires et des restrictions impos\u00e9es. Mais ce climat d\u2019incertitude nous pousse \u00e0 renoncer \u00e0 organiser Vivez Nature l\u2019an prochain.<\/p>\n<p style=\"text-align: center\">Nous vous remercions pour votre compr\u00e9hension.<\/p>\n<p style=\"text-align: center\">L\u2019\u00e9quipe Vivez Nature.<\/p>\n","protected":false},"excerpt":{"rendered":"<p>Le salon VIVEZ NATURE est report\u00e9. Il se tiendra en 2022 aux dates habituelles Mise \u00e0 jour du 27 octobre 2020 \u2013 14h00 Nous sommes au regret de vous annoncer, que malgr\u00e9 tous nos meilleurs efforts,\u00a0nous sommes dans l\u2019obligation de reporter le salon Vivez Nature. En effet, le manque de visibilit\u00e9 sur les mois \u00e0&hellip; <\/p>\n","protected":false},"author":4,"featured_media":7119,"parent":2094,"menu_order":0,"comment_status":"closed","ping_status":"closed","template":"","meta":{"_monsterinsights_skip_tracking":false,"_monsterinsights_sitenote_active":false,"_monsterinsights_sitenote_note":"","_monsterinsights_sitenote_category":0},"yoast_head":"<!-- This site is optimized with the Yoast SEO plugin v19.0 - https:\/\/yoast.com\/wordpress\/plugins\/seo\/ -->\n<title>Le salon VIVEZ NATURE est report\u00e9 en janvier 2022 - VIVEZ NATURE PARIS<\/title>\n<meta name=\"description\" content=\"Le salon VIVEZ NATURE est report\u00e9.Il se tiendra en 2022 aux dates habituelles\" \/>\n<meta name=\"robots\" content=\"index, follow, max-snippet:-1, max-image-preview:large, max-video-preview:-1\" \/>\n<link rel=\"canonical\" href=\"https:\/\/www.vivez-nature.com\/paris\/infos-pratiques\/information-importante\/\" \/>\n<meta property=\"og:locale\" content=\"fr_FR\" \/>\n<meta property=\"og:type\" content=\"article\" \/>\n<meta property=\"og:title\" content=\"Le salon VIVEZ NATURE est report\u00e9 en janvier 2022 - VIVEZ NATURE PARIS\" \/>\n<meta property=\"og:description\" content=\"Le salon VIVEZ NATURE est report\u00e9.Il se tiendra en 2022 aux dates habituelles\" \/>\n<meta property=\"og:url\" content=\"https:\/\/www.vivez-nature.com\/paris\/infos-pratiques\/information-importante\/\" \/>\n<meta property=\"og:site_name\" content=\"VIVEZ NATURE PARIS\" \/>\n<meta property=\"article:modified_time\" content=\"2020-10-27T15:17:37+00:00\" \/>\n<meta property=\"og:image\" content=\"https:\/\/www.vivez-nature.com\/paris\/wp-content\/uploads\/sites\/4\/2020\/10\/JPG-BAN-VN-PARIS-JANV-21-800x300-reporte-1.jpg\" \/>\n\t<meta property=\"og:image:width\" content=\"800\" \/>\n\t<meta property=\"og:image:height\" content=\"300\" \/>\n\t<meta property=\"og:image:type\" content=\"image\/jpeg\" \/>\n<meta name=\"twitter:card\" content=\"summary_large_image\" \/>\n<meta name=\"twitter:label1\" content=\"Dur\u00e9e de lecture estim\u00e9e\" \/>\n\t<meta name=\"twitter:data1\" content=\"1 minute\" \/>\n<script type=\"application\/ld+json\" class=\"yoast-schema-graph\">{\"@context\":\"https:\/\/schema.org\",\"@graph\":[{\"@type\":\"WebSite\",\"@id\":\"https:\/\/www.vivez-nature.com\/paris\/#website\",\"url\":\"https:\/\/www.vivez-nature.com\/paris\/\",\"name\":\"VIVEZ NATURE PARIS\",\"description\":\"Salon Bio Nature et Bien-\u00eatre\",\"potentialAction\":[{\"@type\":\"SearchAction\",\"target\":{\"@type\":\"EntryPoint\",\"urlTemplate\":\"https:\/\/www.vivez-nature.com\/paris\/?s={search_term_string}\"},\"query-input\":\"required name=search_term_string\"}],\"inLanguage\":\"fr-FR\"},{\"@type\":\"ImageObject\",\"inLanguage\":\"fr-FR\",\"@id\":\"https:\/\/www.vivez-nature.com\/paris\/infos-pratiques\/information-importante\/#primaryimage\",\"url\":\"https:\/\/www.vivez-nature.com\/paris\/wp-content\/uploads\/sites\/4\/2020\/10\/JPG-BAN-VN-PARIS-JANV-21-800x300-reporte-1.jpg\",\"contentUrl\":\"https:\/\/www.vivez-nature.com\/paris\/wp-content\/uploads\/sites\/4\/2020\/10\/JPG-BAN-VN-PARIS-JANV-21-800x300-reporte-1.jpg\",\"width\":800,\"height\":300},{\"@type\":\"WebPage\",\"@id\":\"https:\/\/www.vivez-nature.com\/paris\/infos-pratiques\/information-importante\/#webpage\",\"url\":\"https:\/\/www.vivez-nature.com\/paris\/infos-pratiques\/information-importante\/\",\"name\":\"Le salon VIVEZ NATURE est report\u00e9 en janvier 2022 - VIVEZ NATURE PARIS\",\"isPartOf\":{\"@id\":\"https:\/\/www.vivez-nature.com\/paris\/#website\"},\"primaryImageOfPage\":{\"@id\":\"https:\/\/www.vivez-nature.com\/paris\/infos-pratiques\/information-importante\/#primaryimage\"},\"datePublished\":\"2020-10-27T13:49:05+00:00\",\"dateModified\":\"2020-10-27T15:17:37+00:00\",\"description\":\"Le salon VIVEZ NATURE est report\u00e9.Il se tiendra en 2022 aux dates habituelles\",\"breadcrumb\":{\"@id\":\"https:\/\/www.vivez-nature.com\/paris\/infos-pratiques\/information-importante\/#breadcrumb\"},\"inLanguage\":\"fr-FR\",\"potentialAction\":[{\"@type\":\"ReadAction\",\"target\":[\"https:\/\/www.vivez-nature.com\/paris\/infos-pratiques\/information-importante\/\"]}]},{\"@type\":\"BreadcrumbList\",\"@id\":\"https:\/\/www.vivez-nature.com\/paris\/infos-pratiques\/information-importante\/#breadcrumb\",\"itemListElement\":[{\"@type\":\"ListItem\",\"position\":1,\"name\":\"Accueil\",\"item\":\"https:\/\/www.vivez-nature.com\/paris\/\"},{\"@type\":\"ListItem\",\"position\":2,\"name\":\"Infos pratiques\",\"item\":\"https:\/\/www.vivez-nature.com\/paris\/infos-pratiques\/\"},{\"@type\":\"ListItem\",\"position\":3,\"name\":\"Le salon VIVEZ NATURE est report\u00e9 en janvier 2022\"}]}]}<\/script>\n<!-- \/ Yoast SEO plugin. -->","yoast_head_json":{"title":"Le salon VIVEZ NATURE est report\u00e9 en janvier 2022 - VIVEZ NATURE PARIS","description":"Le salon VIVEZ NATURE est report\u00e9.Il se tiendra en 2022 aux dates habituelles","robots":{"index":"index","follow":"follow","max-snippet":"max-snippet:-1","max-image-preview":"max-image-preview:large","max-video-preview":"max-video-preview:-1"},"canonical":"https:\/\/www.vivez-nature.com\/paris\/infos-pratiques\/information-importante\/","og_locale":"fr_FR","og_type":"article","og_title":"Le salon VIVEZ NATURE est report\u00e9 en janvier 2022 - VIVEZ NATURE PARIS","og_description":"Le salon VIVEZ NATURE est report\u00e9.Il se tiendra en 2022 aux dates habituelles","og_url":"https:\/\/www.vivez-nature.com\/paris\/infos-pratiques\/information-importante\/","og_site_name":"VIVEZ NATURE PARIS","article_modified_time":"2020-10-27T15:17:37+00:00","og_image":[{"width":800,"height":300,"url":"https:\/\/www.vivez-nature.com\/paris\/wp-content\/uploads\/sites\/4\/2020\/10\/JPG-BAN-VN-PARIS-JANV-21-800x300-reporte-1.jpg","type":"image\/jpeg"}],"twitter_card":"summary_large_image","twitter_misc":{"Dur\u00e9e de lecture estim\u00e9e":"1 minute"},"schema":{"@context":"https:\/\/schema.org","@graph":[{"@type":"WebSite","@id":"https:\/\/www.vivez-nature.com\/paris\/#website","url":"https:\/\/www.vivez-nature.com\/paris\/","name":"VIVEZ NATURE PARIS","description":"Salon Bio Nature et Bien-\u00eatre","potentialAction":[{"@type":"SearchAction","target":{"@type":"EntryPoint","urlTemplate":"https:\/\/www.vivez-nature.com\/paris\/?s={search_term_string}"},"query-input":"required name=search_term_string"}],"inLanguage":"fr-FR"},{"@type":"ImageObject","inLanguage":"fr-FR","@id":"https:\/\/www.vivez-nature.com\/paris\/infos-pratiques\/information-importante\/#primaryimage","url":"https:\/\/www.vivez-nature.com\/paris\/wp-content\/uploads\/sites\/4\/2020\/10\/JPG-BAN-VN-PARIS-JANV-21-800x300-reporte-1.jpg","contentUrl":"https:\/\/www.vivez-nature.com\/paris\/wp-content\/uploads\/sites\/4\/2020\/10\/JPG-BAN-VN-PARIS-JANV-21-800x300-reporte-1.jpg","width":800,"height":300},{"@type":"WebPage","@id":"https:\/\/www.vivez-nature.com\/paris\/infos-pratiques\/information-importante\/#webpage","url":"https:\/\/www.vivez-nature.com\/paris\/infos-pratiques\/information-importante\/","name":"Le salon VIVEZ NATURE est report\u00e9 en janvier 2022 - VIVEZ NATURE PARIS","isPartOf":{"@id":"https:\/\/www.vivez-nature.com\/paris\/#website"},"primaryImageOfPage":{"@id":"https:\/\/www.vivez-nature.com\/paris\/infos-pratiques\/information-importante\/#primaryimage"},"datePublished":"2020-10-27T13:49:05+00:00","dateModified":"2020-10-27T15:17:37+00:00","description":"Le salon VIVEZ NATURE est report\u00e9.Il se tiendra en 2022 aux dates habituelles","breadcrumb":{"@id":"https:\/\/www.vivez-nature.com\/paris\/infos-pratiques\/information-importante\/#breadcrumb"},"inLanguage":"fr-FR","potentialAction":[{"@type":"ReadAction","target":["https:\/\/www.vivez-nature.com\/paris\/infos-pratiques\/information-importante\/"]}]},{"@type":"BreadcrumbList","@id":"https:\/\/www.vivez-nature.com\/paris\/infos-pratiques\/information-importante\/#breadcrumb","itemListElement":[{"@type":"ListItem","position":1,"name":"Accueil","item":"https:\/\/www.vivez-nature.com\/paris\/"},{"@type":"ListItem","position":2,"name":"Infos pratiques","item":"https:\/\/www.vivez-nature.com\/paris\/infos-pratiques\/"},{"@type":"ListItem","position":3,"name":"Le salon VIVEZ NATURE est report\u00e9 en janvier 2022"}]}]}},"_links":{"self":[{"href":"https:\/\/www.vivez-nature.com\/paris\/wp-json\/wp\/v2\/pages\/7103"}],"collection":[{"href":"https:\/\/www.vivez-nature.com\/paris\/wp-json\/wp\/v2\/pages"}],"about":[{"href":"https:\/\/www.vivez-nature.com\/paris\/wp-json\/wp\/v2\/types\/page"}],"author":[{"embeddable":true,"href":"https:\/\/www.vivez-nature.com\/paris\/wp-json\/wp\/v2\/users\/4"}],"replies":[{"embeddable":true,"href":"https:\/\/www.vivez-nature.com\/paris\/wp-json\/wp\/v2\/comments?post=7103"}],"version-history":[{"count":6,"href":"https:\/\/www.vivez-nature.com\/paris\/wp-json\/wp\/v2\/pages\/7103\/revisions"}],"predecessor-version":[{"id":7120,"href":"https:\/\/www.vivez-nature.com\/paris\/wp-json\/wp\/v2\/pages\/7103\/revisions\/7120"}],"up":[{"embeddable":true,"href":"https:\/\/www.vivez-nature.com\/paris\/wp-json\/wp\/v2\/pages\/2094"}],"wp:featuredmedia":[{"embeddable":true,"href":"https:\/\/www.vivez-nature.com\/paris\/wp-json\/wp\/v2\/media\/7119"}],"wp:attachment":[{"href":"https:\/\/www.vivez-nature.com\/paris\/wp-json\/wp\/v2\/media?parent=7103"}],"curies":[{"name":"wp","href":"https:\/\/api.w.org\/{rel}","templated":true}]}}