{"id":7135,"date":"2020-10-29T14:49:25","date_gmt":"2020-10-29T13:49:25","guid":{"rendered":"https:\/\/www.vivez-nature.com\/paris\/?page_id=7135"},"modified":"2020-10-29T14:49:25","modified_gmt":"2020-10-29T13:49:25","slug":"ateliers-decouvertes-exposants-2020","status":"publish","type":"page","link":"https:\/\/www.vivez-nature.com\/paris\/programme-du-salon\/pratiques-corporelles\/ateliers-decouvertes-exposants-2020\/","title":{"rendered":"Ateliers D\u00e9couvertes Exposants 2020"},"content":{"rendered":"<h2><img class=\"\" src=\"https:\/\/www.vivez-nature.com\/paris\/wp-content\/uploads\/sites\/4\/2018\/10\/MARJ_211-e1540910819472.jpg\" width=\"660\" height=\"228\" \/><\/h2>\n<h2>\u00a0<\/h2>\n<p><strong><span style=\"color: #993366\"><span style=\"color: #0000ff\">Forum (au milieu des all\u00e9es A et D)<\/span><br \/>\n<\/span><\/strong><strong>L<\/strong><strong>es ateliers sont gratuits.\u00a0<\/strong><strong>Pas d\u2019inscriptions. Pensez \u00e0 vous rendre \u00e0 votre conf\u00e9rence en avance\u00a0car les places sont limit\u00e9es.\u00a0<\/strong><\/p>\n<h2>VENDREDI 24 JANVIER<\/h2>\n<p><strong><span style=\"color: #0000ff\">11h30<\/span> Les bienfaits de la bave d\u2019escargot<\/strong> <br \/>\nMLLE AGATHE<\/p>\n<p><strong><span style=\"color: #0000ff\">12h30\u00a0<\/span>Min\u00e9raux : Origines &#8211; vertus \u2013 utilisations<\/strong><br \/>\nJean-Claude KENNEDEC &#8211; AUXMINERAUX<\/p>\n<p><strong><span style=\"color: #0000ff\">13h30\u00a0<\/span>Les \u00e9nergies que nous avons re\u00e7ues \u00e0 la naissance<\/strong> <br \/>\nFr\u00e9d\u00e9rique CAO &#8211; SUBTILESSENCE FENG SHUI<\/p>\n<p><strong><span style=\"color: #0000ff\">14h30<\/span>\u00a0L&rsquo;approche naturopathique de la sant\u00e9 : d\u00e9toxination, alimentation, \u00e9quilibre acido basique, conseils d&rsquo;hygi\u00e8ne de vie pour pr\u00e9venir et r\u00e9\u00e9quilibrer notre sant\u00e9<\/strong><br \/>\nPhilippe CLEYET-MERLE -NATURE ET BEAUTE CLEYET &#8211; MERLE<\/p>\n<p><strong><span style=\"color: #0000ff\">15h30<\/span>\u00a0Comment \/ Pourquoi reconnaitre un nutriment sain ?<\/strong> <br \/>\nJean-Claude BERTON &#8211; CHOCOLATERIE BERTON &#8211; OMEGACHOCO<\/p>\n<p><strong><span style=\"color: #0000ff\">16h30\u00a0<\/span>Comment r\u00e9ussir la mixit\u00e9 sociale et g\u00e9n\u00e9rationnelle en habitat participatif<br \/>\n<\/strong>Daniel JAUNAS (pr\u00e9sident CAHP-IDF) et Fatiha AKRICHE (charg\u00e9e de projet CAHP-IDF) &#8211; COLLECTIF D\u2019ANIMATION DEL\u2019HABITAT PARTICIPATIF<\/p>\n<h2>SAMEDI 25 JANVIER<\/h2>\n<p><strong><span style=\"color: #0000ff\">11h30<\/span>\u00a0Les M\u00e9taux lourds\u00a0: origines, incidences. Les mesurer. La solution<\/strong><br \/>\nArmand BENSEMHOUN &#8211; OLIGOSCAN OZENBIOTEC<\/p>\n<p><strong><span style=\"color: #0000ff\">12h30<\/span>\u00a0Atelier d&rsquo;\u00e9nergie Qi : Etre rempli d&rsquo;\u00e9nergie et d&rsquo;informations pour avoir plus de clart\u00e9 et positivit\u00e9<\/strong><br \/>\nAnn MAC DONAGH &#8211; JUNG SHIM<\/p>\n<p><strong><span style=\"color: #0000ff\">13h30<\/span>\u00a0Les \u00e9nergies que nous avons re\u00e7ues \u00e0 la naissance<\/strong><br \/>\nFr\u00e9d\u00e9rique CAO &#8211; SUBTILESSENCE FENG SHUI<\/p>\n<p><strong><span style=\"color: #0000ff\">14h30<\/span>\u00a0Min\u00e9raux : Origines &#8211; vertus &#8211; utilisations<\/strong><br \/>\nJean-Claude KENNEDEC -AUX MINERAUX<\/p>\n<p><strong><span style=\"color: #0000ff\">15h30<\/span>\u00a0Comment r\u00e9\u00e9duquer et pr\u00e9server sa vue gr\u00e2ce au yoga des yeux<\/strong><br \/>\nPhilippe CLEYET-MERLE &#8211; NATURE ET BEAUTE CLEYET &#8211; MERLE<\/p>\n<p><span style=\"color: #0000ff\"><strong>16h30 <\/strong><\/span><strong>Activer son ADN avec les solides de Platon<\/strong><br \/>\nGilbert LAVALLIERE &#8211;\u00a0ISORIS<\/p>\n<p><strong><span style=\"color: #0000ff\">17h30<\/span>\u00a0Du faire soi-m\u00eame (DIY) au changement de m\u00e9tier : la p\u00e9dagogie \u00ab par la pratique \u00bb au service de l\u2019\u00e9cologie<\/strong><br \/>\nSAVOIR-FAIRE &amp; DECOUVERTES<\/p>\n<h2>DIMANCHE 26 JANVIER<\/h2>\n<p><strong><span style=\"color: #0000ff\">11h30 <span style=\"color: #333333\">La Ruche Qui Dit Oui et les circuits courts<\/span><\/span><br \/>\n<\/strong>LA RUCHE QUI DIT OUI<\/p>\n<p><strong><span style=\"color: #0000ff\">12h30<\/span>\u00a0Min\u00e9raux : Origines &#8211; vertus \u2013 utilisations<\/strong><br \/>\nJean-Claude KENNEDEC &#8211; AUXMINERAUX<\/p>\n<p><strong><span style=\"color: #0000ff\">13h30<\/span> Harmoniser ses lieux de vie avec le Feng Shui<\/strong><br \/>\nFr\u00e9d\u00e9rique CAO &#8211; SUBTILESSENCE FENG SHUI<\/p>\n<p><strong><span style=\"color: #0000ff\">14h30<\/span>\u00a0Atelier Populaire pr\u00e9sente la saponification \u00e0 froid<\/strong><br \/>\nATELIER POPULAIRE<\/p>\n<p><strong><span style=\"color: #0000ff\">15h30<\/span>\u00a0Red\u00e9couvrir l\u2019ortie, le bicarbonate et le pissenlit<\/strong><br \/>\nChristophe ESNAULT &#8211; BICARBONATE ORTIE ECOBIOPLUS<\/p>\n<p><strong><span style=\"color: #0000ff\">16h30<\/span>\u00a0L&rsquo;approche naturopathique de la sant\u00e9 : d\u00e9toxination, alimentation, \u00e9quilibre acido basique, conseils d&rsquo;hygi\u00e8ne de vie pour pr\u00e9venir et r\u00e9\u00e9quilibrer notre sant\u00e9<\/strong><br \/>\nPhilippe CLEYET-MERLE &#8211; NATURE ET BEAUTE CLEYET &#8211; MERLE<\/p>\n<p><strong><span style=\"color: #0000ff\">17h30<\/span>\u00a0Du faire soi-m\u00eame (DIY) au changement de m\u00e9tier : la p\u00e9dagogie \u00ab par la pratique \u00bb au service de l\u2019\u00e9cologie<\/strong><br \/>\nSAVOIR-FAIRE &amp; DECOUVERTES<\/p>\n<h2>LUNDI 27 JANVIER<\/h2>\n<p><strong><span style=\"color: #0000ff\">11h30<\/span> Du faire soi-m\u00eame (DIY) au changement de m\u00e9tier : la p\u00e9dagogie \u00ab par la pratique \u00bb au service de l\u2019\u00e9cologie<\/strong><br \/>\nSAVOIR-FAIRE &amp; DECOUVERTES<\/p>\n<p><strong><span style=\"color: #0000ff\">12h30<\/span> Les bienfaits de la bave d\u2019escargot<\/strong><br \/>\nMLLE AGATHE<\/p>\n<p><strong><span style=\"color: #0000ff\">13h30<\/span> Min\u00e9raux : Origines &#8211; vertus \u2013 utilisations<\/strong><br \/>\nJean-Claude KENNEDEC &#8211; AUX MINERAUX<\/p>\n<p><strong><span style=\"color: #0000ff\">14h30<\/span> Comment r\u00e9\u00e9duquer et pr\u00e9server sa vue gr\u00e2ce au yoga des yeux<\/strong><br \/>\nPhilippe CLEYET-MERLE &#8211; NATURE ET BEAUTE CLEYET \u2013 MERLE<\/p>\n<p><strong><span style=\"color: #0000ff\">15h30\u00a0<\/span>Comment r\u00e9ussir la mixit\u00e9 sociale et g\u00e9n\u00e9rationnelle en habitat participatif<br \/>\n<\/strong>Jean-Baptiste DUPONT (g\u00e9rant CAHP-IDF) et Claude MILLOT (charg\u00e9e de projet CAHP-IDF) &#8211; COLLECTIF D\u2019ANIMATION DEL\u2019HABITAT PARTICIPATIF<\/p>\n<p><strong><span style=\"color: #0000ff\">16h30<\/span>\u00a0Respirez, Chantez, partagez ! Votre signature vocale est unique<\/strong><br \/>\nNadia GRABI &#8211; ISRAHN<\/p>\n<p><a href=\"https:\/\/www.vivez-nature.com\/paris\/programme-du-salon\/pratiques-corporelles\/pratiques-corporelles\/\">Retrouvez le programme de Vivez Nature Janvier 2019<\/a><\/p>\n","protected":false},"excerpt":{"rendered":"<p>\u00a0 Forum (au milieu des all\u00e9es A et D) Les ateliers sont gratuits.\u00a0Pas d\u2019inscriptions. Pensez \u00e0 vous rendre \u00e0 votre conf\u00e9rence en avance\u00a0car les places sont limit\u00e9es.\u00a0 VENDREDI 24 JANVIER 11h30 Les bienfaits de la bave d\u2019escargot MLLE AGATHE 12h30\u00a0Min\u00e9raux : Origines &#8211; vertus \u2013 utilisations Jean-Claude KENNEDEC &#8211; AUXMINERAUX 13h30\u00a0Les \u00e9nergies que nous avons&hellip; <\/p>\n","protected":false},"author":4,"featured_media":0,"parent":4621,"menu_order":3,"comment_status":"closed","ping_status":"closed","template":"","meta":{"_monsterinsights_skip_tracking":false,"_monsterinsights_sitenote_active":false,"_monsterinsights_sitenote_note":"","_monsterinsights_sitenote_category":0},"yoast_head":"<!-- This site is optimized with the Yoast SEO plugin v19.0 - https:\/\/yoast.com\/wordpress\/plugins\/seo\/ -->\n<title>Ateliers D\u00e9couvertes Exposants 2020 - VIVEZ NATURE PARIS<\/title>\n<meta name=\"robots\" content=\"index, follow, max-snippet:-1, max-image-preview:large, max-video-preview:-1\" \/>\n<link rel=\"canonical\" href=\"https:\/\/www.vivez-nature.com\/paris\/programme-du-salon\/pratiques-corporelles\/ateliers-decouvertes-exposants-2020\/\" \/>\n<meta property=\"og:locale\" content=\"fr_FR\" \/>\n<meta property=\"og:type\" content=\"article\" \/>\n<meta property=\"og:title\" content=\"Ateliers D\u00e9couvertes Exposants 2020 - VIVEZ NATURE PARIS\" \/>\n<meta property=\"og:description\" content=\"\u00a0 Forum (au milieu des all\u00e9es A et D) Les ateliers sont gratuits.\u00a0Pas d\u2019inscriptions. Pensez \u00e0 vous rendre \u00e0 votre conf\u00e9rence en avance\u00a0car les places sont limit\u00e9es.\u00a0 VENDREDI 24 JANVIER 11h30 Les bienfaits de la bave d\u2019escargot MLLE AGATHE 12h30\u00a0Min\u00e9raux : Origines &#8211; vertus \u2013 utilisations Jean-Claude KENNEDEC &#8211; AUXMINERAUX 13h30\u00a0Les \u00e9nergies que nous avons&hellip;\" \/>\n<meta property=\"og:url\" content=\"https:\/\/www.vivez-nature.com\/paris\/programme-du-salon\/pratiques-corporelles\/ateliers-decouvertes-exposants-2020\/\" \/>\n<meta property=\"og:site_name\" content=\"VIVEZ NATURE PARIS\" \/>\n<meta property=\"og:image\" content=\"https:\/\/www.vivez-nature.com\/paris\/wp-content\/uploads\/sites\/4\/2018\/10\/MARJ_211-e1540910819472.jpg\" \/>\n<meta name=\"twitter:card\" content=\"summary_large_image\" \/>\n<meta name=\"twitter:label1\" content=\"Dur\u00e9e de lecture estim\u00e9e\" \/>\n\t<meta name=\"twitter:data1\" content=\"3 minutes\" \/>\n<script type=\"application\/ld+json\" class=\"yoast-schema-graph\">{\"@context\":\"https:\/\/schema.org\",\"@graph\":[{\"@type\":\"WebSite\",\"@id\":\"https:\/\/www.vivez-nature.com\/paris\/#website\",\"url\":\"https:\/\/www.vivez-nature.com\/paris\/\",\"name\":\"VIVEZ NATURE PARIS\",\"description\":\"Salon Bio Nature et Bien-\u00eatre\",\"potentialAction\":[{\"@type\":\"SearchAction\",\"target\":{\"@type\":\"EntryPoint\",\"urlTemplate\":\"https:\/\/www.vivez-nature.com\/paris\/?s={search_term_string}\"},\"query-input\":\"required name=search_term_string\"}],\"inLanguage\":\"fr-FR\"},{\"@type\":\"ImageObject\",\"inLanguage\":\"fr-FR\",\"@id\":\"https:\/\/www.vivez-nature.com\/paris\/programme-du-salon\/pratiques-corporelles\/ateliers-decouvertes-exposants-2020\/#primaryimage\",\"url\":\"https:\/\/www.vivez-nature.com\/paris\/wp-content\/uploads\/sites\/4\/2018\/10\/MARJ_211-e1540910819472.jpg\",\"contentUrl\":\"https:\/\/www.vivez-nature.com\/paris\/wp-content\/uploads\/sites\/4\/2018\/10\/MARJ_211-e1540910819472.jpg\",\"width\":498,\"height\":172},{\"@type\":\"WebPage\",\"@id\":\"https:\/\/www.vivez-nature.com\/paris\/programme-du-salon\/pratiques-corporelles\/ateliers-decouvertes-exposants-2020\/#webpage\",\"url\":\"https:\/\/www.vivez-nature.com\/paris\/programme-du-salon\/pratiques-corporelles\/ateliers-decouvertes-exposants-2020\/\",\"name\":\"Ateliers D\u00e9couvertes Exposants 2020 - VIVEZ NATURE PARIS\",\"isPartOf\":{\"@id\":\"https:\/\/www.vivez-nature.com\/paris\/#website\"},\"primaryImageOfPage\":{\"@id\":\"https:\/\/www.vivez-nature.com\/paris\/programme-du-salon\/pratiques-corporelles\/ateliers-decouvertes-exposants-2020\/#primaryimage\"},\"datePublished\":\"2020-10-29T13:49:25+00:00\",\"dateModified\":\"2020-10-29T13:49:25+00:00\",\"breadcrumb\":{\"@id\":\"https:\/\/www.vivez-nature.com\/paris\/programme-du-salon\/pratiques-corporelles\/ateliers-decouvertes-exposants-2020\/#breadcrumb\"},\"inLanguage\":\"fr-FR\",\"potentialAction\":[{\"@type\":\"ReadAction\",\"target\":[\"https:\/\/www.vivez-nature.com\/paris\/programme-du-salon\/pratiques-corporelles\/ateliers-decouvertes-exposants-2020\/\"]}]},{\"@type\":\"BreadcrumbList\",\"@id\":\"https:\/\/www.vivez-nature.com\/paris\/programme-du-salon\/pratiques-corporelles\/ateliers-decouvertes-exposants-2020\/#breadcrumb\",\"itemListElement\":[{\"@type\":\"ListItem\",\"position\":1,\"name\":\"Accueil\",\"item\":\"https:\/\/www.vivez-nature.com\/paris\/\"},{\"@type\":\"ListItem\",\"position\":2,\"name\":\"Programme du salon\",\"item\":\"https:\/\/www.vivez-nature.com\/paris\/programme-du-salon\/\"},{\"@type\":\"ListItem\",\"position\":3,\"name\":\"Ateliers D\u00e9couvertes Exposants\",\"item\":\"https:\/\/www.vivez-nature.com\/paris\/programme-du-salon\/pratiques-corporelles\/\"},{\"@type\":\"ListItem\",\"position\":4,\"name\":\"Ateliers D\u00e9couvertes Exposants 2020\"}]}]}<\/script>\n<!-- \/ Yoast SEO plugin. -->","yoast_head_json":{"title":"Ateliers D\u00e9couvertes Exposants 2020 - VIVEZ NATURE PARIS","robots":{"index":"index","follow":"follow","max-snippet":"max-snippet:-1","max-image-preview":"max-image-preview:large","max-video-preview":"max-video-preview:-1"},"canonical":"https:\/\/www.vivez-nature.com\/paris\/programme-du-salon\/pratiques-corporelles\/ateliers-decouvertes-exposants-2020\/","og_locale":"fr_FR","og_type":"article","og_title":"Ateliers D\u00e9couvertes Exposants 2020 - VIVEZ NATURE PARIS","og_description":"\u00a0 Forum (au milieu des all\u00e9es A et D) Les ateliers sont gratuits.\u00a0Pas d\u2019inscriptions. Pensez \u00e0 vous rendre \u00e0 votre conf\u00e9rence en avance\u00a0car les places sont limit\u00e9es.\u00a0 VENDREDI 24 JANVIER 11h30 Les bienfaits de la bave d\u2019escargot MLLE AGATHE 12h30\u00a0Min\u00e9raux : Origines &#8211; vertus \u2013 utilisations Jean-Claude KENNEDEC &#8211; AUXMINERAUX 13h30\u00a0Les \u00e9nergies que nous avons&hellip;","og_url":"https:\/\/www.vivez-nature.com\/paris\/programme-du-salon\/pratiques-corporelles\/ateliers-decouvertes-exposants-2020\/","og_site_name":"VIVEZ NATURE PARIS","og_image":[{"url":"https:\/\/www.vivez-nature.com\/paris\/wp-content\/uploads\/sites\/4\/2018\/10\/MARJ_211-e1540910819472.jpg"}],"twitter_card":"summary_large_image","twitter_misc":{"Dur\u00e9e de lecture estim\u00e9e":"3 minutes"},"schema":{"@context":"https:\/\/schema.org","@graph":[{"@type":"WebSite","@id":"https:\/\/www.vivez-nature.com\/paris\/#website","url":"https:\/\/www.vivez-nature.com\/paris\/","name":"VIVEZ NATURE PARIS","description":"Salon Bio Nature et Bien-\u00eatre","potentialAction":[{"@type":"SearchAction","target":{"@type":"EntryPoint","urlTemplate":"https:\/\/www.vivez-nature.com\/paris\/?s={search_term_string}"},"query-input":"required name=search_term_string"}],"inLanguage":"fr-FR"},{"@type":"ImageObject","inLanguage":"fr-FR","@id":"https:\/\/www.vivez-nature.com\/paris\/programme-du-salon\/pratiques-corporelles\/ateliers-decouvertes-exposants-2020\/#primaryimage","url":"https:\/\/www.vivez-nature.com\/paris\/wp-content\/uploads\/sites\/4\/2018\/10\/MARJ_211-e1540910819472.jpg","contentUrl":"https:\/\/www.vivez-nature.com\/paris\/wp-content\/uploads\/sites\/4\/2018\/10\/MARJ_211-e1540910819472.jpg","width":498,"height":172},{"@type":"WebPage","@id":"https:\/\/www.vivez-nature.com\/paris\/programme-du-salon\/pratiques-corporelles\/ateliers-decouvertes-exposants-2020\/#webpage","url":"https:\/\/www.vivez-nature.com\/paris\/programme-du-salon\/pratiques-corporelles\/ateliers-decouvertes-exposants-2020\/","name":"Ateliers D\u00e9couvertes Exposants 2020 - VIVEZ NATURE PARIS","isPartOf":{"@id":"https:\/\/www.vivez-nature.com\/paris\/#website"},"primaryImageOfPage":{"@id":"https:\/\/www.vivez-nature.com\/paris\/programme-du-salon\/pratiques-corporelles\/ateliers-decouvertes-exposants-2020\/#primaryimage"},"datePublished":"2020-10-29T13:49:25+00:00","dateModified":"2020-10-29T13:49:25+00:00","breadcrumb":{"@id":"https:\/\/www.vivez-nature.com\/paris\/programme-du-salon\/pratiques-corporelles\/ateliers-decouvertes-exposants-2020\/#breadcrumb"},"inLanguage":"fr-FR","potentialAction":[{"@type":"ReadAction","target":["https:\/\/www.vivez-nature.com\/paris\/programme-du-salon\/pratiques-corporelles\/ateliers-decouvertes-exposants-2020\/"]}]},{"@type":"BreadcrumbList","@id":"https:\/\/www.vivez-nature.com\/paris\/programme-du-salon\/pratiques-corporelles\/ateliers-decouvertes-exposants-2020\/#breadcrumb","itemListElement":[{"@type":"ListItem","position":1,"name":"Accueil","item":"https:\/\/www.vivez-nature.com\/paris\/"},{"@type":"ListItem","position":2,"name":"Programme du salon","item":"https:\/\/www.vivez-nature.com\/paris\/programme-du-salon\/"},{"@type":"ListItem","position":3,"name":"Ateliers D\u00e9couvertes Exposants","item":"https:\/\/www.vivez-nature.com\/paris\/programme-du-salon\/pratiques-corporelles\/"},{"@type":"ListItem","position":4,"name":"Ateliers D\u00e9couvertes Exposants 2020"}]}]}},"_links":{"self":[{"href":"https:\/\/www.vivez-nature.com\/paris\/wp-json\/wp\/v2\/pages\/7135"}],"collection":[{"href":"https:\/\/www.vivez-nature.com\/paris\/wp-json\/wp\/v2\/pages"}],"about":[{"href":"https:\/\/www.vivez-nature.com\/paris\/wp-json\/wp\/v2\/types\/page"}],"author":[{"embeddable":true,"href":"https:\/\/www.vivez-nature.com\/paris\/wp-json\/wp\/v2\/users\/4"}],"replies":[{"embeddable":true,"href":"https:\/\/www.vivez-nature.com\/paris\/wp-json\/wp\/v2\/comments?post=7135"}],"version-history":[{"count":2,"href":"https:\/\/www.vivez-nature.com\/paris\/wp-json\/wp\/v2\/pages\/7135\/revisions"}],"predecessor-version":[{"id":7141,"href":"https:\/\/www.vivez-nature.com\/paris\/wp-json\/wp\/v2\/pages\/7135\/revisions\/7141"}],"up":[{"embeddable":true,"href":"https:\/\/www.vivez-nature.com\/paris\/wp-json\/wp\/v2\/pages\/4621"}],"wp:attachment":[{"href":"https:\/\/www.vivez-nature.com\/paris\/wp-json\/wp\/v2\/media?parent=7135"}],"curies":[{"name":"wp","href":"https:\/\/api.w.org\/{rel}","templated":true}]}}