{"id":7138,"date":"2020-10-29T14:51:21","date_gmt":"2020-10-29T13:51:21","guid":{"rendered":"https:\/\/www.vivez-nature.com\/paris\/?page_id=7138"},"modified":"2020-10-29T14:51:21","modified_gmt":"2020-10-29T13:51:21","slug":"les-ateliers-pratiques-2020","status":"publish","type":"page","link":"https:\/\/www.vivez-nature.com\/paris\/programme-du-salon\/ateliers-pratiques\/les-ateliers-pratiques-2020\/","title":{"rendered":"Les ateliers Pratiques 2020"},"content":{"rendered":"<p><img class=\"alignnone\" src=\"https:\/\/www.vivez-nature.com\/paris\/wp-content\/uploads\/sites\/4\/2018\/10\/Fotolia_113201918_Subscription_Monthly_M.jpg\" width=\"578\" height=\"246\" \/><\/p>\n<p>&nbsp;<\/p>\n<p><strong>All\u00e9e D<br \/>\nPr\u00e9-inscription sur place<\/strong><\/p>\n<p>Le programme des ateliers est mis \u00e0 jour progressivement.\u00a0<\/p>\n<h2>VENDREDI 24 JANVIER<\/h2>\n<p><strong>11h30\u00a0Cuisson basse temp\u00e9rature\u00a0: de l\u2019entr\u00e9e au dessert en une seule cuisson\u00a0<br \/>\n<\/strong>L\u2019OMNICUISEUR VITALITE<\/p>\n<p><strong>12h30\u00a0Le yoga des yeux : exercices m\u00e9thode Bates, r\u00e8gles d&rsquo;or pour r\u00e9\u00e9quilibrer et fortifier sa vision<\/strong><br \/>\nPhilippe CLEYET \u2013 MERLE -NATURE &amp; BEAUTE CLEYET &#8211; MERLE<\/p>\n<p><strong>13h30\u00a0Le th\u00e8me de cristal\u00a0: notre identit\u00e9 min\u00e9rale<\/strong><br \/>\nWydiane KHAOUA &#8211; CRISTAUX ET BIEN-ETRE<\/p>\n<p><strong>15h\u00a0Atelier DIY\u00a0:Couleur de plantes \u00ab\u00a0Teintures \u00e0 l\u2019indigo\u00a0\u00bb<\/strong><br \/>\nATELIER VILLETTE\u00a0(1h30 &#8211; 12 personnes)<strong>\u00a0<\/strong><\/p>\n<h2>SAMEDI 25 JANVIER\u00a0<\/h2>\n<p><strong>11h30\u00a0Cuisson basse temp\u00e9rature\u00a0: de l\u2019entr\u00e9e au dessert en une seule cuisson<\/strong><br \/>\n\u00a0L\u2019OMNICUISEUR VITALITE<\/p>\n<p><strong>12h30\u00a0Le th\u00e8me de cristal\u00a0: notre identit\u00e9 min\u00e9rale<\/strong><br \/>\nWydiane KHAOUA &#8211; CRISTAUX ET BIEN-ETRE<\/p>\n<p><strong>13h30\u00a0Detox tonus pour sortir de l&rsquo;hiver\u00a0<\/strong><br \/>\nJuliette Th\u00e9venin \u2013 SOL SEMILLA<\/p>\n<p><strong>14h30\u00a0Atelier DIY\u00a0: Une cr\u00e8me pr\u00e9cieuse pour le visage tout en 1<\/strong><br \/>\nCamille BUISSON &#8211;\u00a0GRAW\u00a0(12 personnes)<\/p>\n<p><strong>15h30\u00a0D\u00e9couverte de la sophrologie<\/strong><br \/>\nLAURE ALIXE &#8211; SOPHROLOGUE<\/p>\n<p><strong>16h30\u00a0Atelier DIY\u00a0: Le dentifrice home-made, pour toute la famille<\/strong><br \/>\nCamille BUISSON &#8211; GRAW\u00a0(12 personnes)<strong>\u00a0<\/strong><\/p>\n<h2>DIMANCHE 26 JANVIER\u00a0<\/h2>\n<p><strong>11h30\u00a0Le th\u00e8me de cristal\u00a0: notre identit\u00e9 min\u00e9rale<\/strong> <br \/>\nWydiane KHAOUA &#8211; CRISTAUX ET BIEN-ETRE<\/p>\n<p><strong>12h30\u00a0Cuisson basse temp\u00e9rature\u00a0: de l\u2019entr\u00e9e au dessert en une seule cuisson<\/strong><br \/>\nL\u2019OMNICUISEUR VITALITE<\/p>\n<p><strong>14h30\u00a0Atelier DIY : Fabrication de tawashis<\/strong><br \/>\nLA RECYCLERIE (15 personnes)<\/p>\n<p><strong>16h\u00a0Atelier DIY : Fabrication de tawashis<\/strong><br \/>\nLA RECYCLERIE (15 personnes)<\/p>\n<h2>LUNDI 27 JANVIER<\/h2>\n<p><strong>11h30\u00a0Cuisson basse temp\u00e9rature\u00a0: de l\u2019entr\u00e9e au dessert en une seule cuisson<\/strong><br \/>\nL\u2019OMNICUISEUR VITALITE<\/p>\n<p><strong>13h30\u00a0Atelier DIY\u00a0: Le shampoing solide ou la petite r\u00e9volution \u00e9cologique de la salle de bain\u00a0!<\/strong> <br \/>\nCamille BUISSON &#8211; GRAW (12 personnes)<\/p>\n<p><strong>14h30\u00a0Le th\u00e8me de cristal\u00a0: notre identit\u00e9 min\u00e9rale<\/strong><br \/>\nWydiane KHAOUA &#8211; CRISTAUX ET BIEN-ETRE<\/p>\n<p><strong>16h\u00a0Atelier DIY\u00a0:Couleur de plantes \u00ab\u00a0Teintures \u00e0 l\u2019indigo\u00a0\u00bb<\/strong><br \/>\nATELIER VILLETTE\u00a0(1h30 &#8211; 12 personnes)<\/p>\n<p><a href=\"https:\/\/www.vivez-nature.com\/paris\/programme-du-salon\/ateliers-pratiques\/ateliers-pratiques-2\/\">Consultez le programme de Vivez Nature &#8211; Janvier 2019<\/a><\/p>\n<p><a href=\"https:\/\/www.vivez-nature.com\/paris\/?p=4598\">Consultez le programme de Vivez Nature &#8211; Janvier 2018<\/a><\/p>\n<h2>\u00a0<\/h2>\n<div>\u00a0<\/div>\n<div>\u00a0<span id=\"yui_3_16_0_ym19_1_1515571458696_25514\" style=\"color: #000000\"><\/span><\/div>\n","protected":false},"excerpt":{"rendered":"<p>&nbsp; All\u00e9e D Pr\u00e9-inscription sur place Le programme des ateliers est mis \u00e0 jour progressivement.\u00a0 VENDREDI 24 JANVIER 11h30\u00a0Cuisson basse temp\u00e9rature\u00a0: de l\u2019entr\u00e9e au dessert en une seule cuisson\u00a0 L\u2019OMNICUISEUR VITALITE 12h30\u00a0Le yoga des yeux : exercices m\u00e9thode Bates, r\u00e8gles d&rsquo;or pour r\u00e9\u00e9quilibrer et fortifier sa vision Philippe CLEYET \u2013 MERLE -NATURE &amp; BEAUTE CLEYET&hellip; <\/p>\n","protected":false},"author":4,"featured_media":0,"parent":3859,"menu_order":2,"comment_status":"closed","ping_status":"closed","template":"","meta":{"_monsterinsights_skip_tracking":false,"_monsterinsights_sitenote_active":false,"_monsterinsights_sitenote_note":"","_monsterinsights_sitenote_category":0},"yoast_head":"<!-- This site is optimized with the Yoast SEO plugin v19.0 - https:\/\/yoast.com\/wordpress\/plugins\/seo\/ -->\n<title>Les ateliers Pratiques 2020 - VIVEZ NATURE PARIS<\/title>\n<meta name=\"robots\" content=\"index, follow, max-snippet:-1, max-image-preview:large, max-video-preview:-1\" \/>\n<link rel=\"canonical\" href=\"https:\/\/www.vivez-nature.com\/paris\/programme-du-salon\/ateliers-pratiques\/les-ateliers-pratiques-2020\/\" \/>\n<meta property=\"og:locale\" content=\"fr_FR\" \/>\n<meta property=\"og:type\" content=\"article\" \/>\n<meta property=\"og:title\" content=\"Les ateliers Pratiques 2020 - VIVEZ NATURE PARIS\" \/>\n<meta property=\"og:description\" content=\"&nbsp; All\u00e9e D Pr\u00e9-inscription sur place Le programme des ateliers est mis \u00e0 jour progressivement.\u00a0 VENDREDI 24 JANVIER 11h30\u00a0Cuisson basse temp\u00e9rature\u00a0: de l\u2019entr\u00e9e au dessert en une seule cuisson\u00a0 L\u2019OMNICUISEUR VITALITE 12h30\u00a0Le yoga des yeux : exercices m\u00e9thode Bates, r\u00e8gles d&rsquo;or pour r\u00e9\u00e9quilibrer et fortifier sa vision Philippe CLEYET \u2013 MERLE -NATURE &amp; BEAUTE CLEYET&hellip;\" \/>\n<meta property=\"og:url\" content=\"https:\/\/www.vivez-nature.com\/paris\/programme-du-salon\/ateliers-pratiques\/les-ateliers-pratiques-2020\/\" \/>\n<meta property=\"og:site_name\" content=\"VIVEZ NATURE PARIS\" \/>\n<meta property=\"og:image\" content=\"https:\/\/www.vivez-nature.com\/paris\/wp-content\/uploads\/sites\/4\/2018\/10\/Fotolia_113201918_Subscription_Monthly_M.jpg\" \/>\n<meta name=\"twitter:card\" content=\"summary_large_image\" \/>\n<meta name=\"twitter:label1\" content=\"Dur\u00e9e de lecture estim\u00e9e\" \/>\n\t<meta name=\"twitter:data1\" content=\"2 minutes\" \/>\n<script type=\"application\/ld+json\" class=\"yoast-schema-graph\">{\"@context\":\"https:\/\/schema.org\",\"@graph\":[{\"@type\":\"WebSite\",\"@id\":\"https:\/\/www.vivez-nature.com\/paris\/#website\",\"url\":\"https:\/\/www.vivez-nature.com\/paris\/\",\"name\":\"VIVEZ NATURE PARIS\",\"description\":\"Salon Bio Nature et Bien-\u00eatre\",\"potentialAction\":[{\"@type\":\"SearchAction\",\"target\":{\"@type\":\"EntryPoint\",\"urlTemplate\":\"https:\/\/www.vivez-nature.com\/paris\/?s={search_term_string}\"},\"query-input\":\"required name=search_term_string\"}],\"inLanguage\":\"fr-FR\"},{\"@type\":\"ImageObject\",\"inLanguage\":\"fr-FR\",\"@id\":\"https:\/\/www.vivez-nature.com\/paris\/programme-du-salon\/ateliers-pratiques\/les-ateliers-pratiques-2020\/#primaryimage\",\"url\":\"https:\/\/www.vivez-nature.com\/paris\/wp-content\/uploads\/sites\/4\/2018\/10\/Fotolia_113201918_Subscription_Monthly_M.jpg\",\"contentUrl\":\"https:\/\/www.vivez-nature.com\/paris\/wp-content\/uploads\/sites\/4\/2018\/10\/Fotolia_113201918_Subscription_Monthly_M.jpg\",\"width\":499,\"height\":212,\"caption\":\"Covering young capsicum plants with straw mulch to protect from drying out quickly ant to control weed in the garden. Using mulch for weed control, water retention, to keep roots warm in the winter and cool in the summer.\"},{\"@type\":\"WebPage\",\"@id\":\"https:\/\/www.vivez-nature.com\/paris\/programme-du-salon\/ateliers-pratiques\/les-ateliers-pratiques-2020\/#webpage\",\"url\":\"https:\/\/www.vivez-nature.com\/paris\/programme-du-salon\/ateliers-pratiques\/les-ateliers-pratiques-2020\/\",\"name\":\"Les ateliers Pratiques 2020 - VIVEZ NATURE PARIS\",\"isPartOf\":{\"@id\":\"https:\/\/www.vivez-nature.com\/paris\/#website\"},\"primaryImageOfPage\":{\"@id\":\"https:\/\/www.vivez-nature.com\/paris\/programme-du-salon\/ateliers-pratiques\/les-ateliers-pratiques-2020\/#primaryimage\"},\"datePublished\":\"2020-10-29T13:51:21+00:00\",\"dateModified\":\"2020-10-29T13:51:21+00:00\",\"breadcrumb\":{\"@id\":\"https:\/\/www.vivez-nature.com\/paris\/programme-du-salon\/ateliers-pratiques\/les-ateliers-pratiques-2020\/#breadcrumb\"},\"inLanguage\":\"fr-FR\",\"potentialAction\":[{\"@type\":\"ReadAction\",\"target\":[\"https:\/\/www.vivez-nature.com\/paris\/programme-du-salon\/ateliers-pratiques\/les-ateliers-pratiques-2020\/\"]}]},{\"@type\":\"BreadcrumbList\",\"@id\":\"https:\/\/www.vivez-nature.com\/paris\/programme-du-salon\/ateliers-pratiques\/les-ateliers-pratiques-2020\/#breadcrumb\",\"itemListElement\":[{\"@type\":\"ListItem\",\"position\":1,\"name\":\"Accueil\",\"item\":\"https:\/\/www.vivez-nature.com\/paris\/\"},{\"@type\":\"ListItem\",\"position\":2,\"name\":\"Programme du salon\",\"item\":\"https:\/\/www.vivez-nature.com\/paris\/programme-du-salon\/\"},{\"@type\":\"ListItem\",\"position\":3,\"name\":\"Les ateliers Pratiques\",\"item\":\"https:\/\/www.vivez-nature.com\/paris\/programme-du-salon\/ateliers-pratiques\/\"},{\"@type\":\"ListItem\",\"position\":4,\"name\":\"Les ateliers Pratiques 2020\"}]}]}<\/script>\n<!-- \/ Yoast SEO plugin. -->","yoast_head_json":{"title":"Les ateliers Pratiques 2020 - VIVEZ NATURE PARIS","robots":{"index":"index","follow":"follow","max-snippet":"max-snippet:-1","max-image-preview":"max-image-preview:large","max-video-preview":"max-video-preview:-1"},"canonical":"https:\/\/www.vivez-nature.com\/paris\/programme-du-salon\/ateliers-pratiques\/les-ateliers-pratiques-2020\/","og_locale":"fr_FR","og_type":"article","og_title":"Les ateliers Pratiques 2020 - VIVEZ NATURE PARIS","og_description":"&nbsp; All\u00e9e D Pr\u00e9-inscription sur place Le programme des ateliers est mis \u00e0 jour progressivement.\u00a0 VENDREDI 24 JANVIER 11h30\u00a0Cuisson basse temp\u00e9rature\u00a0: de l\u2019entr\u00e9e au dessert en une seule cuisson\u00a0 L\u2019OMNICUISEUR VITALITE 12h30\u00a0Le yoga des yeux : exercices m\u00e9thode Bates, r\u00e8gles d&rsquo;or pour r\u00e9\u00e9quilibrer et fortifier sa vision Philippe CLEYET \u2013 MERLE -NATURE &amp; BEAUTE CLEYET&hellip;","og_url":"https:\/\/www.vivez-nature.com\/paris\/programme-du-salon\/ateliers-pratiques\/les-ateliers-pratiques-2020\/","og_site_name":"VIVEZ NATURE PARIS","og_image":[{"url":"https:\/\/www.vivez-nature.com\/paris\/wp-content\/uploads\/sites\/4\/2018\/10\/Fotolia_113201918_Subscription_Monthly_M.jpg"}],"twitter_card":"summary_large_image","twitter_misc":{"Dur\u00e9e de lecture estim\u00e9e":"2 minutes"},"schema":{"@context":"https:\/\/schema.org","@graph":[{"@type":"WebSite","@id":"https:\/\/www.vivez-nature.com\/paris\/#website","url":"https:\/\/www.vivez-nature.com\/paris\/","name":"VIVEZ NATURE PARIS","description":"Salon Bio Nature et Bien-\u00eatre","potentialAction":[{"@type":"SearchAction","target":{"@type":"EntryPoint","urlTemplate":"https:\/\/www.vivez-nature.com\/paris\/?s={search_term_string}"},"query-input":"required name=search_term_string"}],"inLanguage":"fr-FR"},{"@type":"ImageObject","inLanguage":"fr-FR","@id":"https:\/\/www.vivez-nature.com\/paris\/programme-du-salon\/ateliers-pratiques\/les-ateliers-pratiques-2020\/#primaryimage","url":"https:\/\/www.vivez-nature.com\/paris\/wp-content\/uploads\/sites\/4\/2018\/10\/Fotolia_113201918_Subscription_Monthly_M.jpg","contentUrl":"https:\/\/www.vivez-nature.com\/paris\/wp-content\/uploads\/sites\/4\/2018\/10\/Fotolia_113201918_Subscription_Monthly_M.jpg","width":499,"height":212,"caption":"Covering young capsicum plants with straw mulch to protect from drying out quickly ant to control weed in the garden. Using mulch for weed control, water retention, to keep roots warm in the winter and cool in the summer."},{"@type":"WebPage","@id":"https:\/\/www.vivez-nature.com\/paris\/programme-du-salon\/ateliers-pratiques\/les-ateliers-pratiques-2020\/#webpage","url":"https:\/\/www.vivez-nature.com\/paris\/programme-du-salon\/ateliers-pratiques\/les-ateliers-pratiques-2020\/","name":"Les ateliers Pratiques 2020 - VIVEZ NATURE PARIS","isPartOf":{"@id":"https:\/\/www.vivez-nature.com\/paris\/#website"},"primaryImageOfPage":{"@id":"https:\/\/www.vivez-nature.com\/paris\/programme-du-salon\/ateliers-pratiques\/les-ateliers-pratiques-2020\/#primaryimage"},"datePublished":"2020-10-29T13:51:21+00:00","dateModified":"2020-10-29T13:51:21+00:00","breadcrumb":{"@id":"https:\/\/www.vivez-nature.com\/paris\/programme-du-salon\/ateliers-pratiques\/les-ateliers-pratiques-2020\/#breadcrumb"},"inLanguage":"fr-FR","potentialAction":[{"@type":"ReadAction","target":["https:\/\/www.vivez-nature.com\/paris\/programme-du-salon\/ateliers-pratiques\/les-ateliers-pratiques-2020\/"]}]},{"@type":"BreadcrumbList","@id":"https:\/\/www.vivez-nature.com\/paris\/programme-du-salon\/ateliers-pratiques\/les-ateliers-pratiques-2020\/#breadcrumb","itemListElement":[{"@type":"ListItem","position":1,"name":"Accueil","item":"https:\/\/www.vivez-nature.com\/paris\/"},{"@type":"ListItem","position":2,"name":"Programme du salon","item":"https:\/\/www.vivez-nature.com\/paris\/programme-du-salon\/"},{"@type":"ListItem","position":3,"name":"Les ateliers Pratiques","item":"https:\/\/www.vivez-nature.com\/paris\/programme-du-salon\/ateliers-pratiques\/"},{"@type":"ListItem","position":4,"name":"Les ateliers Pratiques 2020"}]}]}},"_links":{"self":[{"href":"https:\/\/www.vivez-nature.com\/paris\/wp-json\/wp\/v2\/pages\/7138"}],"collection":[{"href":"https:\/\/www.vivez-nature.com\/paris\/wp-json\/wp\/v2\/pages"}],"about":[{"href":"https:\/\/www.vivez-nature.com\/paris\/wp-json\/wp\/v2\/types\/page"}],"author":[{"embeddable":true,"href":"https:\/\/www.vivez-nature.com\/paris\/wp-json\/wp\/v2\/users\/4"}],"replies":[{"embeddable":true,"href":"https:\/\/www.vivez-nature.com\/paris\/wp-json\/wp\/v2\/comments?post=7138"}],"version-history":[{"count":1,"href":"https:\/\/www.vivez-nature.com\/paris\/wp-json\/wp\/v2\/pages\/7138\/revisions"}],"predecessor-version":[{"id":7139,"href":"https:\/\/www.vivez-nature.com\/paris\/wp-json\/wp\/v2\/pages\/7138\/revisions\/7139"}],"up":[{"embeddable":true,"href":"https:\/\/www.vivez-nature.com\/paris\/wp-json\/wp\/v2\/pages\/3859"}],"wp:attachment":[{"href":"https:\/\/www.vivez-nature.com\/paris\/wp-json\/wp\/v2\/media?parent=7138"}],"curies":[{"name":"wp","href":"https:\/\/api.w.org\/{rel}","templated":true}]}}